{"id":11513,"date":"2014-03-19T10:24:48","date_gmt":"2014-03-19T09:24:48","guid":{"rendered":"http:\/\/www.pantallasamigas.net\/en\/pantallasamigas\/"},"modified":"2014-03-19T10:24:48","modified_gmt":"2014-03-19T09:24:48","slug":"pantallasamigas","status":"publish","type":"page","link":"https:\/\/www.pantallasamigas.net\/en\/pantallasamigas\/","title":{"rendered":"PantallasAmigas"},"content":{"rendered":"<p><!--:es--><\/p>\n<div>\n<p><img decoding=\"async\" alt=\"PantallasAmigas 10 a\u00f1os\" src=\"http:\/\/www.pantallasamigas.net\/img2\/header_r2_c1.gif\" \/><\/p>\n<p><strong>PantallasAmigas <\/strong> es una iniciativa que tiene como misi\u00f3n la promoci\u00f3n del uso seguro y saludable de las nuevas tecnolog\u00edas y el fomento de la ciudadan\u00eda digital responsable en la infancia y la adolescencia.<\/p>\n<ul>\n<li><strong>Seguro<\/strong>, evitando riesgos o reduciendo sus consecuencias<\/li>\n<li><strong>Saludable<\/strong>, buscando el pleno bienestar f\u00edsico, mental y social, individual y colectivo.<\/li>\n<li><strong>Ciberciudadan\u00eda<\/strong>, desarrollando <strong>competencias<\/strong> ciudadanas plenas, <strong>valores<\/strong> y <strong>habilidades<\/strong>.<\/li>\n<\/ul>\n<p><strong>Experiencia al servicio de la infancia<\/strong><\/p>\n<p>Cuenta con el apoyo de <a href=\"http:\/\/www.edex.es\/\" target=\"_blank\" rel=\"noopener\">EDEX <\/a>, organizaci\u00f3n no lucrativa de acci\u00f3n social con m\u00e1s de 30 a\u00f1os de trayectoria en el impulso del desarrollo integral de la infancia y la adolescencia. Recibe el asesoramiento t\u00e9cnico de Integral de Medios , consultora especializada en educaci\u00f3n y nuevas tecnolog\u00edas desde 1996.<\/p>\n<p><strong>Se\u00f1as de identidad<\/strong><\/p>\n<p>El dise\u00f1o de las intervenciones se elabora sobre cinco pilares b\u00e1sicos:<\/p>\n<ul>\n<li>Utilizaci\u00f3n de estrategias multicanal de <strong>comunicaci\u00f3n educativa <\/strong>.<\/li>\n<li>Desarrollo de <strong>habilidades para la vida <\/strong> de tipo social (empat\u00eda..), cognitivo (pensamiento cr\u00edtico\u2026) y emocional (control de emociones&#8230;)<\/li>\n<li>Promoci\u00f3n de <strong>valores <\/strong> universales como respeto, responsabilidad, justicia, solidaridad, cooperaci\u00f3n, participaci\u00f3n, equidad, igualdad de oportunidades y cuidado de las dem\u00e1s personas.<\/li>\n<li><strong>Transversalidad<\/strong> con otros aspectos educativos (equidad de g\u00e9nero, inclusi\u00f3n&#8230;)<\/li>\n<li><strong>Innovaci\u00f3n<\/strong> en procesos, medios, canales\u00a0y\u00a0agentes.<\/li>\n<\/ul>\n<p><strong>Recursos Educativos<\/strong><br \/>\n<a href=\"http:\/\/www.youtube.com\/user\/pantallasamigas\" target=\"_blank\" rel=\"noopener\">Canal Youtube<\/a><br \/>\n<a href=\"http:\/\/www.netiquetate.com\/\" target=\"_blank\" rel=\"noopener\">Netiquetate<\/a><br \/>\n<a href=\"http:\/\/www.infanciaytecnologia.com\/\" target=\"_blank\" rel=\"noopener\">InfanciayTecnolog\u00eda<\/a><br \/>\n<a href=\"http:\/\/www.pantallasamigas.net\/cuidatuimagenonline-ctiolpiensa-antes-de-publicar\/\">CuidaTuImagenOnLine<\/a><br \/>\n<a href=\"http:\/\/www.cibermanagers.com\/\" target=\"_blank\" rel=\"noopener\">Cibermanagers<\/a><br \/>\n<a href=\"http:\/\/www.redayneto.com\/\" target=\"_blank\" rel=\"noopener\">Reda y Neto<\/a><br \/>\n<a href=\"http:\/\/www.cuidadoconlawebcam.com\/index.shtml\" target=\"_blank\" rel=\"noopener\">CuidadoConlaWebcam<\/a><br \/>\n<a href=\"http:\/\/www.etiquetassinproblemas.com\" target=\"_blank\" rel=\"noopener\">ETIQUETASsinPROBLEMAS<\/a><br \/>\n<a href=\"http:\/\/www.pantallasamigas.net\/disfrutalared-un-plan-piloto-para-el-uso-seguro-y-responsable-de-las-tic-entre-los-menores-navarros\/\">DisfrutalaRED<\/a><br \/>\n<a href=\"http:\/\/www.navegacionsegura.es\/\" target=\"_blank\" rel=\"noopener\">Navegacionsegura.es<\/a><br \/>\n<a href=\"http:\/\/www.ciberalerta.info\/\" target=\"_blank\" rel=\"noopener\">Ciberalerta.info<\/a><br \/>\n<a href=\"http:\/\/www.pantallasamigas.net\/7289-2\/\">Secukid<\/a><br \/>\n<a href=\"http:\/\/www.pantallasamigas.net\/7392-2\/\">Animasodios<\/a><br \/>\n<a href=\"http:\/\/www.pantallasamigas.net\/kit-stop-ciberbullying\/\">KIT Stop Ciberbullying<\/a><br \/>\n<a href=\"http:\/\/www.pantallasamigas.net\/guia-ciberbullying\/\">Gu\u00eda CiberBullying<\/a><br \/>\n<a href=\"http:\/\/www.pantallasamigas.net\/recursos-educativos-materiales-didacticos\/pack-ciberbullying\/index.htm\">Pack Ciberbullying<\/a><br \/>\n<a href=\"http:\/\/www.pantallasamigas.net\/7300-2\/\">e-Legales<\/a><br \/>\n<a href=\"http:\/\/www.pantallasamigas.net\/internet-con-los-menores-riesgos\/\">Internet con los Menores Riesgos<\/a><br \/>\n<a href=\"http:\/\/www.pantallasamigas.net\/las-diez-claves\/\">Las Diez Claves<\/a><br \/>\n<a href=\"http:\/\/www.pantallasamigas.net\/bit-boys-derechos-de-la-infancia-en-internet\/\">Bit Boys<\/a><br \/>\n<a href=\"https:\/\/www.pantallasamigas.net\/internetamiga-iniciativa-educativa-para-adolescentes\/\">INTERNETamiga<\/a><br \/>\n<a href=\"http:\/\/csi.aletic.es\/\" target=\"_blank\" rel=\"noopener\">CSI<\/a><br \/>\n<a href=\"http:\/\/www.pantallasamigas.net\/ventanas\/\">Ventanas<\/a><br \/>\n<a href=\"http:\/\/www.pantallasamigas.net\/7322-2\/\">Con Mucho Tacto<\/a><br \/>\n<a href=\"http:\/\/www.pantallasamigas.net\/7232-2\/\">No Todos los Gatos son Pardos<\/a><\/p>\n<\/div>\n<p><!--:--><\/p>\n","protected":false},"excerpt":{"rendered":"<p>PantallasAmigas es una iniciativa que tiene como misi\u00f3n la promoci\u00f3n del uso seguro y saludable de las nuevas tecnolog\u00edas y el fomento de la ciudadan\u00eda digital responsable en la infancia y la adolescencia. Seguro, evitando riesgos o reduciendo sus consecuencias Saludable, buscando el pleno bienestar f\u00edsico, mental y social, individual y colectivo. Ciberciudadan\u00eda, desarrollando competencias [&hellip;]<\/p>\n","protected":false},"author":1,"featured_media":0,"parent":0,"menu_order":0,"comment_status":"open","ping_status":"closed","template":"","meta":{"inline_featured_image":false,"footnotes":""},"class_list":["post-11513","page","type-page","status-publish","hentry"],"_links":{"self":[{"href":"https:\/\/www.pantallasamigas.net\/en\/wp-json\/wp\/v2\/pages\/11513","targetHints":{"allow":["GET"]}}],"collection":[{"href":"https:\/\/www.pantallasamigas.net\/en\/wp-json\/wp\/v2\/pages"}],"about":[{"href":"https:\/\/www.pantallasamigas.net\/en\/wp-json\/wp\/v2\/types\/page"}],"author":[{"embeddable":true,"href":"https:\/\/www.pantallasamigas.net\/en\/wp-json\/wp\/v2\/users\/1"}],"replies":[{"embeddable":true,"href":"https:\/\/www.pantallasamigas.net\/en\/wp-json\/wp\/v2\/comments?post=11513"}],"version-history":[{"count":0,"href":"https:\/\/www.pantallasamigas.net\/en\/wp-json\/wp\/v2\/pages\/11513\/revisions"}],"wp:attachment":[{"href":"https:\/\/www.pantallasamigas.net\/en\/wp-json\/wp\/v2\/media?parent=11513"}],"curies":[{"name":"wp","href":"https:\/\/api.w.org\/{rel}","templated":true}]}}