{"id":7679,"date":"2018-05-25T11:30:04","date_gmt":"2018-05-25T09:30:04","guid":{"rendered":"http:\/\/www.pantallasamigas.net\/en\/netiqueta-joven-para-redes-sociales-ciudadania-digital-y-ciberconvivencia\/"},"modified":"2018-06-08T16:47:21","modified_gmt":"2018-06-08T14:47:21","slug":"netiqueta-joven-para-redes-sociales-ciudadania-digital-y-ciberconvivencia","status":"publish","type":"page","link":"https:\/\/www.pantallasamigas.net\/en\/netiqueta-joven-para-redes-sociales-ciudadania-digital-y-ciberconvivencia\/","title":{"rendered":"Netiqueta Joven para Redes Sociales: ciudadan\u00eda digital y ciberconvivencia"},"content":{"rendered":"<p><!DOCTYPE html PUBLIC \"-\/\/W3C\/\/DTD HTML 4.0 Transitional\/\/EN\" \"http:\/\/www.w3.org\/TR\/REC-html40\/loose.dtd\"><br \/>\n<html><body><\/p>\n<td>\n<h2 style=\"color:#a9b0a9;\">Jorge Flores Fern\u00e1ndez &#8211; Septiembre 2010<\/h2>\n<h2 align=\"justify\">Netiqueta quiere decir &#8220;normas de etiqueta en la Red&#8221; o, de otra manera, compendio de indicaciones para guardar las buenas formas en Internet. Se trata de un conjunto de sugerencias que nace por convenio entre las personas que comparten un espacio com\u00fan, una aplicaci\u00f3n, un servicio determinado en Internet. No tienen validez legal y son complementarias a las normas generales de uso, las reglas del servicio, que pueda tener cada website o aplicaci\u00f3n online. Si no se respetan, se pueden causar molestias y la persona responsable puede ser ignorada e incluso repudiada por el resto de la comunidad de usuarios.<\/h2>\n<p class=\"tex\"><img loading=\"lazy\" decoding=\"async\" alt=\"Netiqueta Joven para Redes Sociales: ciudadan\u00eda digital y ciberconvivencia\" height=\"169\" hspace=\"10\" src=\"http:\/\/www.pantallasamigas.net\/wp-content\/uploads\/2018\/05\/Netiqueta-Joven-Redes-Sociales-Netiquetate-PantallasAmigas.png\" style=\"float: right;\" title=\"Mesa formada por Juan Carlos Melero (Director de Prevenci\u00f3n de EDEX), Juan F\u00e9lix Madariaga (Director de Acci\u00f3n Social del Ayuntamiento de Bilbao), Dr. de la G\u00e1ndara (especialista en tecnoadicciones) y Jorge Flores (PantallasAmigas)\" width=\"250\">Son pautas que facilitan la comunicaci\u00f3n y la convivencia digital. Cuando el conjunto de personas que comparten un lugar en la Red las respetan, el ambiente es mucho m\u00e1s agradable, satisfactorio e interesante. Es por ello que han surgido de manera espont\u00e1nea desde el inicio de la comunicaci\u00f3n online. Las hay generales para Internet o espec\u00edficas para los chats, los foros, los blogs\u2026 Son convenios que cambian con el paso del tiempo debido a la evoluci\u00f3n de la Red y sus aplicaciones y, por supuesto, al cambio en las caracter\u00edsticas e intereses del conjunto de usuarios que las comparten.<\/p>\n<p class=\"tex\"> La Netiqueta Joven para Redes Sociales ofrece pautas para la convivencia online y sirve de referente para el ejercicio de la ciudadan\u00eda digital. No se trata de una lista de consejos de seguridad para evitar riesgos propios o ajenos. Sin embargo, las buenas formas, la cortes\u00eda y el respeto por los dem\u00e1s implican tambi\u00e9n no perjudicar su seguridad ni privacidad. Al mismo tiempo, es preciso ayudar a los dem\u00e1s a que sean buenos convecinos online y no nos causen molestias, ni siquiera de manera involuntaria.<\/p>\n<p class=\"tex\"> La Netiqueta Joven para Redes Sociales est\u00e1 pensada por y para los adolescentes y j\u00f3venes que disfrutan de su vida online en redes sociales como Tuenti, Facebook, Hi5, Bebo, Orkut, Fotolog&#8230; Tiene como finalidad mejorar su experiencia online en estos nuevos entornos de socializaci\u00f3n intensiva. Contribuye a mejorar la ciberconvivencia y a evitar conflictos, potencia el sentimiento de pertenencia a la comunidad y de corresponsabilidad, y deviene, en definitiva, en el ejercicio y construcci\u00f3n de la ciudadan\u00eda digital activa como garante imprescindible de los derechos y deberes individuales y colectivos.<\/p>\n<p class=\"tex\"> Cuenta con 16 enunciados articulados en tres fines principales:<\/p>\n<ul>\n<li class=\"tex\"> Guardar consideraci\u00f3n y respeto por las dem\u00e1s personas.<\/li>\n<li class=\"tex\"> Preservar la privacidad ajena.<\/li>\n<li class=\"tex\"> Contribuir al buen ambiente de la Red.<\/li>\n<\/ul>\n<p align=\"center\" class=\"titulillo\"> Netiqueta Joven para Redes Sociales<\/p>\n<p class=\"titulo_recursos\"> Muestra consideraci\u00f3n y respeto hacia los dem\u00e1s:<\/p>\n<ul>\n<li class=\"tex\"><strong>1) Pide permiso antes de etiquetar fotograf\u00edas subidas por otras personas. <\/strong><br \/>\n       \t\t\t\t\t\t      Puede ser que a pesar de estar publicadas online no sea conveniente estar etiquetado para alguien.<\/li>\n<li class=\"tex\"><strong>2) Utiliza las etiquetas de manera positiva, nunca para insultar, humillar o da\u00f1ar a otras personas.<\/strong> <br \/>\n       \t\t\t\t\t\t      Ayuda a crear el ambiente agradable y de confianza que a todos nos gusta compartir.<\/li>\n<li class=\"tex\"><strong>3) Mide bien las cr\u00edticas que publicas. Expresar tu opini\u00f3n o una burla sobre otras personas puede llegar a vulnerar sus derechos e ir contra la Ley. <\/strong><br \/>\n  La libertad de expresi\u00f3n termina donde comienzan los derechos de los dem\u00e1s. La injuria, la calumnia y otras acciones contra el honor o la intimidad son delitos.<\/li>\n<li class=\"tex\"><strong>4) No hay problema en ignorar solicitudes de amistad, invitaciones a eventos, grupos, etc.<\/strong><br \/>\n   \t\t\t\t\t\t          Si lo hacen contigo, no insistas ni pidas explicaciones.<\/li>\n<li class=\"tex\"><strong>5) Evita la denuncia injusta como SPAM para no perjudicar a quienes hicieron comentarios correctos.<\/strong><br \/>\n  La informaci\u00f3n abundante, interesante y veraz es un tesoro.<\/li>\n<li class=\"tex\"><strong>6) Usa las opciones de denuncia cuando est\u00e9 justificada la ocasi\u00f3n.<\/strong><br \/>\n       \t\t\t\t\t\t      Realizar acusaciones a la ligera o de manera injusta genera desconfianza y enfado.<\/li>\n<\/ul>\n<p class=\"titulo_recursos\"> Cuida la privacidad de las dem\u00e1s personas:<\/p>\n<ul>\n<li class=\"tex\"><strong>7) Preg\u00fantate qu\u00e9 informaci\u00f3n de otras personas expones y aseg\u00farate de que no les importa. <\/strong><br \/>\n  En ocasiones contamos aspectos de nuestra vida con otras personas o de la vida de los dem\u00e1s sin tener en cuenta c\u00f3mo les puede afectar que eso se sepa. Respeta la privacidad de los dem\u00e1s como te gustar\u00eda que respetasen la tuya.<\/li>\n<li class=\"tex\"><strong>8) Para etiquetar a otras personas debes hacerlo sin enga\u00f1o y asegurarte de que no les molesta que lo hagas.<\/strong><br \/>\n  Cuando etiquetas a alguien est\u00e1s aportando mucha informaci\u00f3n que adem\u00e1s, en muchos casos, se propaga de forma inesperada e inc\u00f3moda.<\/li>\n<li class=\"tex\"><strong>9) No puedes publicar fotos o v\u00eddeos en las que salgan otras personas sin tener su permiso, como regla general. <\/strong><br \/>\n  La imagen (fotograf\u00eda, v\u00eddeo\u2026) de cada cual es un dato personal y el derecho a decidir c\u00f3mo se utiliza le pertenece a esa persona en exclusiva.<\/li>\n<li><span class=\"tex\"><strong>10) Antes de publicar una informaci\u00f3n que te han remitido de manera privada, pregunta si lo puedes hacer.<\/strong><br \/>\n  En las redes sociales, la informaci\u00f3n circula con demasiada velocidad de un lado a otro y lo que es privado se puede convertir en un secreto a voces.<\/span><\/li>\n<\/ul>\n<p class=\"titulo_recursos\">Contribuye al buen ambiente de la Red:<\/p>\n<ul>\n<li class=\"tex\"><strong>11) Facilita a los dem\u00e1s el respeto de tu privacidad e intimidad. Comunica a tus contactos, en especial a los nuevos, c\u00f3mo quieres manejarlas. <\/strong><br \/>\n  Deja claro tu criterio para que lo puedan respetar dici\u00e9ndoles qu\u00e9 cosas no admites como, por ejemplo, que reutilicen fotos que puedan ver en tus \u00e1lbumes privados, que te etiqueten sin permiso o que expongan datos acerca de ti en p\u00e1ginas a la vista de otros.<\/li>\n<li class=\"tex\"><strong>12) Recuerda que escribir todo en may\u00fasculas puede interpretarse como un grito.<\/strong><br \/>\n       \t\t\t\t\t\t      Se trata de un acuerdo, de una norma no escrita que muchas personas utilizan. Tenerla en cuenta no supone esfuerzo y ayuda a entenderse bien en cualquier circunstancia.<\/li>\n<li class=\"tex\"><strong>13) Usa los recursos a tu alcance (dibujos, s\u00edmbolos, emoticonos\u2026) para expresarte mejor y evitar malentendidos.<\/strong><br \/>\n  El estado de \u00e1nimo, las diferencias culturales o sociales, las experiencias previas\u2026 pueden dificultar la comunicaci\u00f3n entre dos personas, m\u00e1s a\u00fan si ni est\u00e1n cara a cara. Comprender y utilizar s\u00edmbolos de apoyo te ayudar\u00e1 a esquivar problemas por malas interpretaciones.<\/li>\n<li> <span class=\"tex\"><strong>14) Ante algo que te molesta, trata de reaccionar de manera calmada y no violenta.<br \/><\/strong>Nunca act\u00faes de manera inmediata ni agresiva. A veces las cosas no son como parecen. Puede que simplemente busquen la provocaci\u00f3n o el enga\u00f1o y si se reacciona mal habr\u00e1n conseguido su objetivo. Puede tratarse tambi\u00e9n de errores o acciones no intencionadas.<br \/><\/span><\/li>\n<li class=\"tex\"><strong>15) Dir\u00edgete a los dem\u00e1s con respeto, sobre todo a la vista de terceros. <\/strong><br \/>\n  Si alguien comete alg\u00fan error, imprudencia o te molesta, s\u00e9 amable al hac\u00e9rselo ver y, si es posible, hazlo en privado.<\/li>\n<li><span class=\"tex\"><strong>16) Lee y respeta las normas de uso de la Red Social.<\/strong><br \/>\n  No todas las redes sociales (Tuenti, Facebook, Hi5, Bebo, Orkut, Fotolog\u2026) tienen las mismas reglas. Sin embargo, siempre son las reglas de juego de obligado cumplimiento para todos.<\/span><\/li>\n<\/ul>\n<p align=\"left\">Publicado por <a href=\"http:\/\/www.twitter.com\/JorgeFloresPPAA\" target=\"_blank\" rel=\"noopener\">Jorge Flores <img decoding=\"async\" align=\"absmiddle\" alt=\"Sigue al director de PantallasAmigas en Twitter\" border=\"0\" src=\"http:\/\/twitter-badges.s3.amazonaws.com\/t_mini-a.png\" style=\"margin-left: -2px;\"><\/a>  previamente en <a href=\"http:\/\/www.unblogenred.es\/netiqueta-joven-redes-sociales-netiquetate\/\" target=\"_blank\" rel=\"noopener\">www.unblogenred.es<\/a> <\/p>\n<p class=\"tex\"> M\u00e1s informaci\u00f3n sobre la Netiqueta Joven para Redes Sociales: <a href=\"http:\/\/www.netiquetate.com\" target=\"_blank\" rel=\"noopener\">www.netiquetate.com<\/a><\/p>\n<p class=\"tex\"><a class=\"interno\" href=\"http:\/\/www.pantallasamigas.net\/wp-content\/uploads\/2018\/05\/pantallasamigas-netiqueta-joven-para-redes-sociales-ciudadania-digital-y-ciberconvivencia.shtm_.pdf\"><img decoding=\"async\" alt=\"Descargar en PDF\" border=\"0\" src=\"\">\u00a0<strong>PDF<\/strong><\/a>\n<\/p>\n<\/td>\n<p><\/body><\/html><\/p>\n","protected":false},"excerpt":{"rendered":"<p>Jorge Flores Fern\u00e1ndez &#8211; Septiembre 2010 Netiqueta quiere decir &#8220;normas de etiqueta en la Red&#8221; o, de otra manera, compendio de indicaciones para guardar las buenas formas en Internet. Se trata de un conjunto de sugerencias que nace por convenio entre las personas que comparten un espacio com\u00fan, una aplicaci\u00f3n, un servicio determinado en Internet. [&hellip;]<\/p>\n","protected":false},"author":1,"featured_media":0,"parent":0,"menu_order":0,"comment_status":"closed","ping_status":"closed","template":"","meta":{"inline_featured_image":false,"footnotes":""},"class_list":["post-7679","page","type-page","status-publish","hentry"],"_links":{"self":[{"href":"https:\/\/www.pantallasamigas.net\/en\/wp-json\/wp\/v2\/pages\/7679","targetHints":{"allow":["GET"]}}],"collection":[{"href":"https:\/\/www.pantallasamigas.net\/en\/wp-json\/wp\/v2\/pages"}],"about":[{"href":"https:\/\/www.pantallasamigas.net\/en\/wp-json\/wp\/v2\/types\/page"}],"author":[{"embeddable":true,"href":"https:\/\/www.pantallasamigas.net\/en\/wp-json\/wp\/v2\/users\/1"}],"replies":[{"embeddable":true,"href":"https:\/\/www.pantallasamigas.net\/en\/wp-json\/wp\/v2\/comments?post=7679"}],"version-history":[{"count":1,"href":"https:\/\/www.pantallasamigas.net\/en\/wp-json\/wp\/v2\/pages\/7679\/revisions"}],"predecessor-version":[{"id":7727,"href":"https:\/\/www.pantallasamigas.net\/en\/wp-json\/wp\/v2\/pages\/7679\/revisions\/7727"}],"wp:attachment":[{"href":"https:\/\/www.pantallasamigas.net\/en\/wp-json\/wp\/v2\/media?parent=7679"}],"curies":[{"name":"wp","href":"https:\/\/api.w.org\/{rel}","templated":true}]}}