{"id":7681,"date":"2018-05-25T11:30:03","date_gmt":"2018-05-25T09:30:03","guid":{"rendered":"http:\/\/www.pantallasamigas.net\/en\/inclusion-digital-diversidad-y-discapacidad\/"},"modified":"2018-06-08T16:47:32","modified_gmt":"2018-06-08T14:47:32","slug":"inclusion-digital-diversidad-y-discapacidad","status":"publish","type":"page","link":"https:\/\/www.pantallasamigas.net\/en\/inclusion-digital-diversidad-y-discapacidad\/","title":{"rendered":"Inclusi\u00f3n digital:\r\n\t\t  diversidad y discapacidad"},"content":{"rendered":"<p><!DOCTYPE html PUBLIC \"-\/\/W3C\/\/DTD HTML 4.0 Transitional\/\/EN\" \"http:\/\/www.w3.org\/TR\/REC-html40\/loose.dtd\"><br \/>\n<html><body><\/p>\n<td>\n<h2>Las oportunidades que ofrecen las tecnolog\u00edas ayudan a personas con capacidades diversas, en especial si est\u00e1n relacionadas con la comunicaci\u00f3n o la movilidad. PantallasAmigas tiene un compromiso por evitar la exclusi\u00f3n digital y que personas queden al margen del uso Internet y smartphones.<\/h2>\n<div class=\"tex\">\n<p>PantallasAmigas considera las diversas tecnolog\u00edas, accesibles por medio de pantallas diversas, como aliadas, amigas en las que apoyarse para una vida m\u00e1s plena y saludable. Internet, redes sociales y smartphones suponen una gran oportunidad para el desarrollo vital de colectivos que, por ejemplo, cuentan con diversidad funcional o discapacidad intelectual.<\/p>\n<p>Sin embargo, la absoluta penetraci\u00f3n de las tecnolog\u00edas en todos los aspectos de la vida supone que quien no est\u00e9 capacitado para manejarlas con un grado suficiente de autonom\u00eda y eficiencia puede de nuevo quedar en situaci\u00f3n de exclusi\u00f3n relativa.<\/p>\n<p>Son los colectivos que por sus caracter\u00edsticas personales tienen dificultades especiales en la adopci\u00f3n de h\u00e1bitos y destrezas digitales los que precisamente suelen tener mayor necesidad de usar las tecnolog\u00edas tanto como por las posibilidades que les aportan como por lo que de elemento de inclusi\u00f3n social tienen.<\/p>\n<h3 align=\"left\"><img loading=\"lazy\" decoding=\"async\" alt=\"Barra Separadora\" height=\"16\" src=\"\" width=\"570\"><\/h3>\n<p><iframe loading=\"lazy\" allowfullscreen=\"\" frameborder=\"0\" height=\"321\" src=\"https:\/\/www.youtube.com\/embed\/SeVzpfolBw8?rel=0&#038;showinfo=0\" width=\"571\"><\/iframe><\/p>\n<p><\/p>\n<p>Un ejemplo claro pueden ser las personas con s\u00edndrome de Down o con discapacidad intelectual y el uso de smartphones, m\u00e1s a\u00fan si son adolescentes. En el v\u00eddeo anterior se ha utilizado un lenguaje audiovisual adaptado a sus caracter\u00edsticas personales.<\/p>\n<\/p><\/div>\n<\/td>\n<p><\/body><\/html><\/p>\n","protected":false},"excerpt":{"rendered":"<p>Las oportunidades que ofrecen las tecnolog\u00edas ayudan a personas con capacidades diversas, en especial si est\u00e1n relacionadas con la comunicaci\u00f3n o la movilidad. PantallasAmigas tiene un compromiso por evitar la exclusi\u00f3n digital y que personas queden al margen del uso Internet y smartphones. PantallasAmigas considera las diversas tecnolog\u00edas, accesibles por medio de pantallas diversas, como [&hellip;]<\/p>\n","protected":false},"author":1,"featured_media":0,"parent":0,"menu_order":0,"comment_status":"closed","ping_status":"closed","template":"","meta":{"inline_featured_image":false,"footnotes":""},"class_list":["post-7681","page","type-page","status-publish","hentry"],"_links":{"self":[{"href":"https:\/\/www.pantallasamigas.net\/en\/wp-json\/wp\/v2\/pages\/7681","targetHints":{"allow":["GET"]}}],"collection":[{"href":"https:\/\/www.pantallasamigas.net\/en\/wp-json\/wp\/v2\/pages"}],"about":[{"href":"https:\/\/www.pantallasamigas.net\/en\/wp-json\/wp\/v2\/types\/page"}],"author":[{"embeddable":true,"href":"https:\/\/www.pantallasamigas.net\/en\/wp-json\/wp\/v2\/users\/1"}],"replies":[{"embeddable":true,"href":"https:\/\/www.pantallasamigas.net\/en\/wp-json\/wp\/v2\/comments?post=7681"}],"version-history":[{"count":1,"href":"https:\/\/www.pantallasamigas.net\/en\/wp-json\/wp\/v2\/pages\/7681\/revisions"}],"predecessor-version":[{"id":7684,"href":"https:\/\/www.pantallasamigas.net\/en\/wp-json\/wp\/v2\/pages\/7681\/revisions\/7684"}],"wp:attachment":[{"href":"https:\/\/www.pantallasamigas.net\/en\/wp-json\/wp\/v2\/media?parent=7681"}],"curies":[{"name":"wp","href":"https:\/\/api.w.org\/{rel}","templated":true}]}}