{"id":7703,"date":"2018-05-25T11:29:44","date_gmt":"2018-05-25T09:29:44","guid":{"rendered":"http:\/\/www.pantallasamigas.net\/en\/secukid-la-ciberseguridad-en-tu-mano\/"},"modified":"2020-08-14T17:35:39","modified_gmt":"2020-08-14T15:35:39","slug":"secukid-la-ciberseguridad-en-tu-mano","status":"publish","type":"page","link":"https:\/\/www.pantallasamigas.net\/en\/secukid-la-ciberseguridad-en-tu-mano\/","title":{"rendered":"SecuKid, la ciberseguridad en tu mano"},"content":{"rendered":"<h2>Juego educativo para m\u00f3viles contra el malware, el cyberbullying y el ciberacoso sexual a ni\u00f1os y adolescentes.<\/h2>\n<p>SecuKid es el primer juego educativo para m\u00f3viles (creado en 2009) cuya misi\u00f3n es promover un uso sin riesgos de Internet. Nace como una innovadora iniciativa de PantallasAmigas e Inteco (Instituto de Tecnolog\u00edas de la Comunicaci\u00f3n, promovido por el Ministerio de Industria, Turismo y Comercio del Gobierno de Espa\u00f1a) que aprovecha la capacidad de los videojuegos como fuente de aprendizaje informal.<\/p>\n<p>Se trata de un juego de estrategia e inteligencia, que permite a quien lo usa el desarrollo de determinadas capacidades como son la orientaci\u00f3n espacial, el pensamiento creativo, la planificaci\u00f3n de recursos\u2026 SecuKid dispone de 5 \u00e1reas tem\u00e1ticas. Las tres primeras, abordan los aspectos del software malicioso o malware (virus, troyanos\/gusanos y software esp\u00eda) y las dos \u00faltimos entran de lleno en cuestiones relacionadas con el ciberbullying y el grooming.<\/p>\n<div style=\"margin-top: 20px; margin-bottom: 20px;\" align=\"center\"><iframe loading=\"lazy\" src=\"\/\/www.youtube.com\/embed\/CcOIbgbDTHE?rel=0\" width=\"571\" height=\"321\" frameborder=\"0\" allowfullscreen=\"allowfullscreen\"><\/iframe><\/div>\n<p align=\"center\"><img alt=\"Barra Separadora\" width=\"570\" height=\"16\" \/><\/p>\n<table border=\"0\" width=\"100%\" cellspacing=\"0\" cellpadding=\"0\">\n<tbody>\n<tr>\n<td><img decoding=\"async\" src=\"http:\/\/www.pantallasamigas.net\/wp-content\/uploads\/2018\/05\/mockup-secukid.jpg\" alt=\"SecuKid\" border=\"0\" \/><\/td>\n<td width=\"20\"><\/td>\n<td>\n<h3>El juego comprende cinco fases o niveles:<\/h3>\n<ol>\n<li>Fase virus.<\/li>\n<li>Fase troyanos y gusanos.<\/li>\n<li>Fase programas esp\u00eda.<\/li>\n<li>Fase ciberbullying (acoso entre iguales).<\/li>\n<li>Fase grooming (acoso ejercido por un adulto con una finalidad sexual).<\/li>\n<\/ol>\n<\/td>\n<\/tr>\n<\/tbody>\n<\/table>\n<p align=\"center\"><img alt=\"Barra Separadora\" width=\"570\" height=\"16\" \/><\/p>\n<table border=\"0\" width=\"100%\" cellspacing=\"0\" cellpadding=\"0\">\n<tbody>\n<tr>\n<td style=\"width: 60%;\">Cada uno de estas materias se aborda desde una perspectiva global orientada a la prevenci\u00f3n: qu\u00e9 son, c\u00f3mo act\u00faan, cu\u00e1les son sus efectos y c\u00f3mo prevenirlos son los principales conceptos a asimilar. Esto es as\u00ed porque la seguridad del equipo puede incidir en la seguridad de quienes lo usan, dado que el acceso a informaci\u00f3n confidencial en ocasiones supone el inicio de estrategias de chantaje y acoso.<\/p>\n<p>&nbsp;<\/p>\n<div id=\"btn_info\"><a href=\"https:\/\/www.pantallasamigas.net\/wp-content\/uploads\/2020\/08\/SecuKid-Juego-educativo-para-moviles-sobre-seguridad.pdf\">Presentaci\u00f3n y objetivos del proyecto SecuKid<\/a><\/div>\n<p>&nbsp;<\/p>\n<div id=\"btn_info\"><a href=\"http:\/\/www.secukid.es\" target=\"_blank\" rel=\"noopener\">Visita la web de Secukid<\/a><\/div>\n<\/td>\n<td width=\"25\"><\/td>\n<td><img decoding=\"async\" src=\"http:\/\/www.pantallasamigas.net\/wp-content\/uploads\/2018\/05\/secukid_robot.gif\" \/><\/td>\n<\/tr>\n<\/tbody>\n<\/table>\n<p><\/br><br \/>\n<br \/><\/br><\/p>\n<div class=\"et_pb_button_module_wrapper et_pb_module et_pb_button_alignment_center\">\n\t\t\t\t<a class=\"et_pb_button  et_pb_button_0 et_pb_module et_pb_bg_layout_light\" href=\"https:\/\/www.pantallasamigas.net\/contacto\/\" target=\"_blank\">Si desea m\u00e1s informaci\u00f3n, por favor, cont\u00e1ctenos aqu\u00ed <i class=\"fa fa-arrow-right \" ><\/i><\/a>\n\t\t\t<\/div>\n","protected":false},"excerpt":{"rendered":"<p>Juego educativo para m\u00f3viles contra el malware, el cyberbullying y el ciberacoso sexual a ni\u00f1os y adolescentes. SecuKid es el primer juego educativo para m\u00f3viles (creado en 2009) cuya misi\u00f3n es promover un uso sin riesgos de Internet. Nace como una innovadora iniciativa de PantallasAmigas e Inteco (Instituto de Tecnolog\u00edas de la Comunicaci\u00f3n, promovido por [&hellip;]<\/p>\n","protected":false},"author":1,"featured_media":0,"parent":0,"menu_order":0,"comment_status":"closed","ping_status":"closed","template":"","meta":{"inline_featured_image":false,"footnotes":""},"class_list":["post-7703","page","type-page","status-publish","hentry"],"_links":{"self":[{"href":"https:\/\/www.pantallasamigas.net\/en\/wp-json\/wp\/v2\/pages\/7703","targetHints":{"allow":["GET"]}}],"collection":[{"href":"https:\/\/www.pantallasamigas.net\/en\/wp-json\/wp\/v2\/pages"}],"about":[{"href":"https:\/\/www.pantallasamigas.net\/en\/wp-json\/wp\/v2\/types\/page"}],"author":[{"embeddable":true,"href":"https:\/\/www.pantallasamigas.net\/en\/wp-json\/wp\/v2\/users\/1"}],"replies":[{"embeddable":true,"href":"https:\/\/www.pantallasamigas.net\/en\/wp-json\/wp\/v2\/comments?post=7703"}],"version-history":[{"count":3,"href":"https:\/\/www.pantallasamigas.net\/en\/wp-json\/wp\/v2\/pages\/7703\/revisions"}],"predecessor-version":[{"id":21426,"href":"https:\/\/www.pantallasamigas.net\/en\/wp-json\/wp\/v2\/pages\/7703\/revisions\/21426"}],"wp:attachment":[{"href":"https:\/\/www.pantallasamigas.net\/en\/wp-json\/wp\/v2\/media?parent=7703"}],"curies":[{"name":"wp","href":"https:\/\/api.w.org\/{rel}","templated":true}]}}