{"id":7717,"date":"2018-05-25T11:29:29","date_gmt":"2018-05-25T09:29:29","guid":{"rendered":"http:\/\/www.pantallasamigas.net\/en\/reda-y-neto\/"},"modified":"2025-09-10T09:13:26","modified_gmt":"2025-09-10T07:13:26","slug":"reda-y-neto","status":"publish","type":"page","link":"https:\/\/www.pantallasamigas.net\/en\/reda-y-neto\/","title":{"rendered":"Reda y Neto"},"content":{"rendered":"<p><!DOCTYPE html PUBLIC \"-\/\/W3C\/\/DTD HTML 4.0 Transitional\/\/EN\" \"http:\/\/www.w3.org\/TR\/REC-html40\/loose.dtd\"><br \/>\n<html><body><\/p>\n<td>\n<h2>Proyecto para el fomento de la cultura de la privacidad y la protecci\u00f3n de datos personales en la infancia.<\/h2>\n<p>Reda y Neto es un proyecto realizado por la Agencia Vasca de Protecci\u00f3n de Datos y PantallasAmigas que tiene como misi\u00f3n impulsar el cuidado de los datos personales entre ni\u00f1os y ni\u00f1as de 8 a 12 a\u00f1os. Esta intervenci\u00f3n se fundamenta en cuatro animaciones que sirven para ilustrar ejemplos complementadas con actividades de refuerzo a realizar tanto en el \u00e1mbito escolar como en el seno de la familia.<\/p>\n<p>Se trata de propuestas did\u00e1cticas con enfoque pr\u00e1ctico que pueden ser realizadas tanto online como en ausencia de acceso a Internet. El proyecto incluye una detallada gu\u00eda did\u00e1ctica que facilita la labor de dinamizaci\u00f3n docente y educadora.<\/p>\n<div align=\"center\" style=\"margin-top:20px; margin-bottom:20px;\">\n              <iframe loading=\"lazy\" allowfullscreen=\"\" frameborder=\"0\" height=\"321\" src=\"\/\/www.youtube.com\/embed\/vAOw5o8Ap9w?rel=0\" width=\"571\"><\/iframe>\n\t\t    <\/div>\n<p align=\"center\"><img loading=\"lazy\" decoding=\"async\" alt=\"Barra Separadora\" height=\"16\" src=\"\" width=\"570\"><\/p>\n<h3>Esta website did\u00e1ctico incluye: <\/h3>\n<table border=\"0\" cellpadding=\"0\" cellspacing=\"0\" width=\"100%\">\n<tr>\n<td><img decoding=\"async\" alt=\"RedayNeto\" border=\"0\" src=\"http:\/\/www.pantallasamigas.net\/wp-content\/uploads\/2018\/05\/mockup-redayneto.jpg\"><\/td>\n<td width=\"20\">\u00a0<\/td>\n<td>\n<ol>\n<li>\n<p>Cuatro aventuras animadas. <\/p>\n<\/li>\n<li>\n<p>Ficha t\u00e9cnica. <\/p>\n<\/li>\n<li>\n<p>Fundamentaci\u00f3n del proyecto. <\/p>\n<\/li>\n<li>\n<p>Gu\u00eda did\u00e1ctica para el visionado. <\/p>\n<\/li>\n<li>\n<p>Enlaces de inter\u00e9s. <\/p>\n<\/li>\n<\/ol>\n<\/td>\n<\/tr>\n<\/table>\n<p align=\"center\"><img loading=\"lazy\" decoding=\"async\" alt=\"Barra Separadora\" height=\"16\" src=\"\" width=\"570\"><\/p>\n<p>La privacidad es un derecho pero tambi\u00e9n, y sobre todo en la pr\u00e1ctica, un factor de protecci\u00f3n, de seguridad. Es una cuesti\u00f3n social, de conjunto, puesto que unas personas suelen afectar a menudo y de forma inconsciente, la privacidad de otras. Por esta raz\u00f3n es necesario el fomento de la cultura de la protecci\u00f3n de datos personales, la sensibilizaci\u00f3n, desde edades tempranas, tanto en los centros escolares como en los hogares.<\/p>\n<p><\/p>\n<div id=\"btn_info\"><a href=\"http:\/\/www.pantallasamigas.net\/aventuras-reda-neto-privacidad\/\" target=\"_blank\">Visita p\u00e1gina Reda y Neto<\/a><\/div>\n<p><\/p>\n<div id=\"btn_info\"><a href=\"http:\/\/www.pantallasamigas.net\/contacto-2\/\">Para saber m\u00e1s<\/a><\/div>\n<\/td>\n<p><\/body><\/html><\/p>\n","protected":false},"excerpt":{"rendered":"<p>Proyecto para el fomento de la cultura de la privacidad y la protecci\u00f3n de datos personales en la infancia. Reda y Neto es un proyecto realizado por la Agencia Vasca de Protecci\u00f3n de Datos y PantallasAmigas que tiene como misi\u00f3n impulsar el cuidado de los datos personales entre ni\u00f1os y ni\u00f1as de 8 a 12 [&hellip;]<\/p>\n","protected":false},"author":1,"featured_media":0,"parent":0,"menu_order":0,"comment_status":"closed","ping_status":"closed","template":"","meta":{"inline_featured_image":false,"footnotes":""},"class_list":["post-7717","page","type-page","status-publish","hentry"],"_links":{"self":[{"href":"https:\/\/www.pantallasamigas.net\/en\/wp-json\/wp\/v2\/pages\/7717","targetHints":{"allow":["GET"]}}],"collection":[{"href":"https:\/\/www.pantallasamigas.net\/en\/wp-json\/wp\/v2\/pages"}],"about":[{"href":"https:\/\/www.pantallasamigas.net\/en\/wp-json\/wp\/v2\/types\/page"}],"author":[{"embeddable":true,"href":"https:\/\/www.pantallasamigas.net\/en\/wp-json\/wp\/v2\/users\/1"}],"replies":[{"embeddable":true,"href":"https:\/\/www.pantallasamigas.net\/en\/wp-json\/wp\/v2\/comments?post=7717"}],"version-history":[{"count":3,"href":"https:\/\/www.pantallasamigas.net\/en\/wp-json\/wp\/v2\/pages\/7717\/revisions"}],"predecessor-version":[{"id":29574,"href":"https:\/\/www.pantallasamigas.net\/en\/wp-json\/wp\/v2\/pages\/7717\/revisions\/29574"}],"wp:attachment":[{"href":"https:\/\/www.pantallasamigas.net\/en\/wp-json\/wp\/v2\/media?parent=7717"}],"curies":[{"name":"wp","href":"https:\/\/api.w.org\/{rel}","templated":true}]}}