{"id":7809,"date":"2018-05-25T11:28:52","date_gmt":"2018-05-25T09:28:52","guid":{"rendered":"http:\/\/www.pantallasamigas.net\/en\/ciberviolencia-de-genero-y-sexual-en-la-adolescencia\/"},"modified":"2018-12-03T11:43:47","modified_gmt":"2018-12-03T10:43:47","slug":"ciberviolencia-de-genero-y-sexual-en-la-adolescencia","status":"publish","type":"page","link":"https:\/\/www.pantallasamigas.net\/en\/ciberviolencia-de-genero-y-sexual-en-la-adolescencia\/","title":{"rendered":"Ciberviolencia de g\u00e9nero y sexual en la adolescencia"},"content":{"rendered":"<p>&nbsp;<\/p>\n<h2>Gu\u00eda de apoyo para profesionales<\/h2>\n<p><strong>Este gu\u00eda es un recurso de apoyo para profesionales<\/strong> que trabajan por y para la igualdad y contra la violencia machista quienes afrontan, cada vez con mayor prevalencia, casos de violencia de g\u00e9nero en el contexto digital a edades m\u00e1s tempranas.<\/p>\n<h3>La gu\u00eda se estructura en 7 grandes apartados:<\/h3>\n<table border=\"0\" width=\"100%\" cellspacing=\"0\" cellpadding=\"0\">\n<tbody>\n<tr>\n<td><img decoding=\"async\" src=\"http:\/\/www.pantallasamigas.net\/wp-content\/uploads\/2018\/05\/montaje_guia_Ciberviolencia_Genero-2-web.jpg\" border=\"0\" \/><\/td>\n<td width=\"20\"><\/td>\n<td>\n<ol>\n<li>Ciberviolencia de g\u00e9nero.<\/li>\n<li>Ciberviolencia de g\u00e9nero psicol\u00f3gica.<\/li>\n<li>La violencia sexual y las nuevas tecnolog\u00edas.<\/li>\n<li>Prevenci\u00f3n de violencia sexual digital.<\/li>\n<li>\u00bfC\u00f3mo actuar en un caso de violencia sexual online?<\/li>\n<li>La violencia sexual en internet y la Ley.<\/li>\n<li>Apoyo e informaci\u00f3n.<\/li>\n<\/ol>\n<\/td>\n<\/tr>\n<\/tbody>\n<\/table>\n<p align=\"center\"><img alt=\"Barra Separadora\" width=\"570\" height=\"16\" \/><\/p>\n<table border=\"0\" width=\"100%\" cellspacing=\"0\" cellpadding=\"0\">\n<tbody>\n<tr>\n<td>En 2010 PantallasAmigas realiz\u00f3 una reflexi\u00f3n en torno a la violencia de g\u00e9nero en adolescentes realizada en el seno de sus relaciones y espacios vitales digitales. Si bien identific\u00f3 un problema que no era menor, desde entonces, fruto de una serie de factores de diversa naturaleza, este fen\u00f3meno no ha dejado de aumentar y ahora ya hay estudios que muestran datos alarmantes. Por ello, PantallasAmigas ha querido plasmar en esta breve gu\u00eda aspectos destacables de la problem\u00e1tica extra\u00eddos de nuestro contacto directo y diario con la realidad del alumnado en diferentes entornos sociales y culturales, apoyada en nuestra experiencia en la identificaci\u00f3n y prevenci\u00f3n de la violencia digital en cualquiera de sus formas.<\/p>\n<p><strong>Autor<\/strong>: Jorge Flores Fern\u00e1ndez.<br \/>\n<strong>Primera edici\u00f3n<\/strong>: Xunta de Galicia y PantallasAmigas, 2014.<\/td>\n<td style=\"width: 170px;\" align=\"right\"><img decoding=\"async\" src=\"http:\/\/www.pantallasamigas.net\/wp-content\/uploads\/2018\/05\/Ciberviolencia-2.png\" border=\"0\" \/><\/td>\n<\/tr>\n<\/tbody>\n<\/table>\n<p>&nbsp;<\/p>\n<div id=\"btn_info\"><a href=\"http:\/\/www.pantallasamigas.net\/contacto-2\/\">Para saber m\u00e1s<\/a><\/div>\n<p>&nbsp;<\/p>\n","protected":false},"excerpt":{"rendered":"<p>&nbsp; Gu\u00eda de apoyo para profesionales Este gu\u00eda es un recurso de apoyo para profesionales que trabajan por y para la igualdad y contra la violencia machista quienes afrontan, cada vez con mayor prevalencia, casos de violencia de g\u00e9nero en el contexto digital a edades m\u00e1s tempranas. La gu\u00eda se estructura en 7 grandes apartados: [&hellip;]<\/p>\n","protected":false},"author":1,"featured_media":0,"parent":0,"menu_order":0,"comment_status":"closed","ping_status":"closed","template":"","meta":{"inline_featured_image":false,"footnotes":""},"class_list":["post-7809","page","type-page","status-publish","hentry"],"_links":{"self":[{"href":"https:\/\/www.pantallasamigas.net\/en\/wp-json\/wp\/v2\/pages\/7809","targetHints":{"allow":["GET"]}}],"collection":[{"href":"https:\/\/www.pantallasamigas.net\/en\/wp-json\/wp\/v2\/pages"}],"about":[{"href":"https:\/\/www.pantallasamigas.net\/en\/wp-json\/wp\/v2\/types\/page"}],"author":[{"embeddable":true,"href":"https:\/\/www.pantallasamigas.net\/en\/wp-json\/wp\/v2\/users\/1"}],"replies":[{"embeddable":true,"href":"https:\/\/www.pantallasamigas.net\/en\/wp-json\/wp\/v2\/comments?post=7809"}],"version-history":[{"count":2,"href":"https:\/\/www.pantallasamigas.net\/en\/wp-json\/wp\/v2\/pages\/7809\/revisions"}],"predecessor-version":[{"id":14382,"href":"https:\/\/www.pantallasamigas.net\/en\/wp-json\/wp\/v2\/pages\/7809\/revisions\/14382"}],"wp:attachment":[{"href":"https:\/\/www.pantallasamigas.net\/en\/wp-json\/wp\/v2\/media?parent=7809"}],"curies":[{"name":"wp","href":"https:\/\/api.w.org\/{rel}","templated":true}]}}