{"id":7826,"date":"2018-05-25T11:28:34","date_gmt":"2018-05-25T09:28:34","guid":{"rendered":"http:\/\/www.pantallasamigas.net\/en\/las-diez-claves\/"},"modified":"2018-05-25T11:28:34","modified_gmt":"2018-05-25T09:28:34","slug":"las-diez-claves","status":"publish","type":"page","link":"https:\/\/www.pantallasamigas.net\/en\/las-diez-claves\/","title":{"rendered":"Las Diez Claves"},"content":{"rendered":"<p><!DOCTYPE html PUBLIC \"-\/\/W3C\/\/DTD HTML 4.0 Transitional\/\/EN\" \"http:\/\/www.w3.org\/TR\/REC-html40\/loose.dtd\"><br \/>\n<html><body><\/p>\n<td>\n<h2>Pack multimedia educativo: Para usar Internet con Seguridad<\/h2>\n<p>Internet representa un <strong>Universo de Oportunidades para la educaci\u00f3n<\/strong>, la cultura, la comunicaci\u00f3n y el ocio de nuestros menores. Sin embargo, tiene tambi\u00e9n algunos<strong> riesgos que hay que conocer y aprender a prevenir<\/strong>.<\/p>\n<p>Este es el objetivo de \u201c<strong>Las Diez Claves<\/strong>\u201d, una herramienta did\u00e1ctica para ni\u00f1as y ni\u00f1os de 8 a 12 a\u00f1os.<\/p>\n<h3>Esta propuesta educativa inclye:<\/h3>\n<table border=\"0\" cellpadding=\"0\" cellspacing=\"0\" width=\"100%\">\n<tr>\n<td><img decoding=\"async\" alt=\"Las 10 Claves\" border=\"0\" src=\"http:\/\/www.pantallasamigas.net\/wp-content\/uploads\/2018\/05\/montaje10CLAVES-web.jpg\"><\/td>\n<td width=\"20\">\u00a0<\/td>\n<td>\n<p>Un <strong>CD-ROM multimedia<\/strong> con una historia, dos juegos y una gu\u00eda:<\/p>\n<ol>\n<li>\n<p>La <strong>historia animada<\/strong> \u201c Las Diez Claves \u201d comunica normas b\u00e1sicas para la navegaci\u00f3n segura.                    <\/p>\n<\/li>\n<li>\n<p>El <strong>juego<\/strong> \u201c Gui\u00f3n sin Ordenar \u201d consiste en ordenar diez escenas de la historia animada.                    <\/p>\n<\/li>\n<li>\n<p>El <strong>juego<\/strong> \u201c Amistades en el Chat \u201d se centra en la falsa apariencia que muchas personas adoptan en Internet.                    <\/p>\n<\/li>\n<li>\n<p>Una <strong>Gu\u00eda Did\u00e1ctica<\/strong> para ayudar a madres, padres y profesorado en su labor de protecci\u00f3n.<\/p>\n<\/li>\n<\/ol>\n<\/td>\n<\/tr>\n<\/table>\n<p><img loading=\"lazy\" decoding=\"async\" alt=\"Barra Separadora\" height=\"16\" src=\"\" width=\"570\"><\/p>\n<div align=\"center\">\n        <iframe loading=\"lazy\" allowfullscreen=\"\" frameborder=\"0\" height=\"321\" src=\"\/\/www.youtube.com\/embed\/2TferQprZ0g?rel=0\" width=\"571\"><\/iframe>\n        <\/div>\n<p><img loading=\"lazy\" decoding=\"async\" alt=\"Barra Separadora\" height=\"16\" src=\"\" width=\"570\"><\/p>\n<p>La <strong>Red es un extraordinario recurso<\/strong> y, por ello, prohibir su uso es una equivocaci\u00f3n. Tambi\u00e9n es un error mirar hacia otro lado, <strong>pensar que no existen ciertos riesgos<\/strong> o que no se puede hacer nada para evitarlos. <\/p>\n<p>En consecuencia, es nuestra <strong>responsabilidad como padres, madres y docentes<\/strong> tomar cartas en el asunto, poner los medios para que los ni\u00f1os y ni\u00f1as hagan un <strong>uso Seguro y saludable<\/strong> de Internet. Y cuanto antes lo hagamos, mejor.<\/p>\n<p><\/p>\n<div id=\"btn_info\"><a href=\"http:\/\/www.pantallasamigas.net\/contacto-2\/\">Para saber m\u00e1s<\/a><\/div>\n<\/td>\n<p><\/body><\/html><\/p>\n","protected":false},"excerpt":{"rendered":"<p>Pack multimedia educativo: Para usar Internet con Seguridad Internet representa un Universo de Oportunidades para la educaci\u00f3n, la cultura, la comunicaci\u00f3n y el ocio de nuestros menores. Sin embargo, tiene tambi\u00e9n algunos riesgos que hay que conocer y aprender a prevenir. Este es el objetivo de \u201cLas Diez Claves\u201d, una herramienta did\u00e1ctica para ni\u00f1as y [&hellip;]<\/p>\n","protected":false},"author":1,"featured_media":0,"parent":0,"menu_order":0,"comment_status":"closed","ping_status":"closed","template":"","meta":{"inline_featured_image":false,"footnotes":""},"class_list":["post-7826","page","type-page","status-publish","hentry"],"_links":{"self":[{"href":"https:\/\/www.pantallasamigas.net\/en\/wp-json\/wp\/v2\/pages\/7826","targetHints":{"allow":["GET"]}}],"collection":[{"href":"https:\/\/www.pantallasamigas.net\/en\/wp-json\/wp\/v2\/pages"}],"about":[{"href":"https:\/\/www.pantallasamigas.net\/en\/wp-json\/wp\/v2\/types\/page"}],"author":[{"embeddable":true,"href":"https:\/\/www.pantallasamigas.net\/en\/wp-json\/wp\/v2\/users\/1"}],"replies":[{"embeddable":true,"href":"https:\/\/www.pantallasamigas.net\/en\/wp-json\/wp\/v2\/comments?post=7826"}],"version-history":[{"count":0,"href":"https:\/\/www.pantallasamigas.net\/en\/wp-json\/wp\/v2\/pages\/7826\/revisions"}],"wp:attachment":[{"href":"https:\/\/www.pantallasamigas.net\/en\/wp-json\/wp\/v2\/media?parent=7826"}],"curies":[{"name":"wp","href":"https:\/\/api.w.org\/{rel}","templated":true}]}}