{"id":7829,"date":"2018-05-25T11:28:32","date_gmt":"2018-05-25T09:28:32","guid":{"rendered":"http:\/\/www.pantallasamigas.net\/en\/kit-stop-ciberbullying\/"},"modified":"2018-06-29T16:42:57","modified_gmt":"2018-06-29T14:42:57","slug":"kit-stop-ciberbullying","status":"publish","type":"page","link":"https:\/\/www.pantallasamigas.net\/en\/kit-stop-ciberbullying\/","title":{"rendered":"Kit Stop CIBERBULLYING"},"content":{"rendered":"<p><!DOCTYPE html PUBLIC \"-\/\/W3C\/\/DTD HTML 4.0 Transitional\/\/EN\" \"http:\/\/www.w3.org\/TR\/REC-html40\/loose.dtd\"><br \/>\n<html><body><\/p>\n<td>\n<h2>Herramientas para la prevenci\u00f3n del acoso por medio de las Nuevas Tecnolog\u00edas Online<\/h2>\n<h3>Caja de herramientas para la prevenci\u00f3n del ciberacoso<\/h3>\n<p>La Comisi\u00f3n Europea, en su Programa Safer Internet para el per\u00edodo 2009-2013, considera el Ciberbullying como una de las principales amenazas para la infancia y adolescencia tanto por su nivel de incidencia como por la gravedad de sus consecuencias. Como una soluci\u00f3n  integral, el Kit Stop Ciberbullying agrupa diversas herramientas adem\u00e1s de ofrecer soporte y recursos online por medio del site <a href=\"http:\/\/www.stop-ciberbullying.com\" target=\"_blank\" rel=\"noopener\">www.stop-ciberbullying.com<\/a>.<\/p>\n<table border=\"0\" cellpadding=\"0\" cellspacing=\"0\" width=\"100%\">\n<tr>\n<td><img decoding=\"async\" alt=\"Kit Ciberbullying pack\" src=\"http:\/\/www.pantallasamigas.net\/wp-content\/uploads\/2018\/05\/stop-ciber-pack.jpg\"><\/td>\n<td>\u00a0<\/td>\n<td>\n<h3>Kit Stop Ciberbullying<br \/>\n          <\/h3>\n<p>Conjunto de herramientas  para la prevenci\u00f3n del acoso por medio de las Nuevas Tecnolog\u00edas Online que tiene como objetivos propiciar el conocimiento de los aspectos clave de este fen\u00f3meno y establecer pautas de prevenci\u00f3n y asistencia.<\/p>\n<p>Se compone de <strong>tres materiales did\u00e1cticos y un web site<\/strong> para la obtenci\u00f3n de recursos y asesoramiento.<\/p>\n<ol>\n<li>\n<p>Gu\u00eda Ciberbullying.<\/p>\n<\/li>\n<li>\n<p>Pack multimedia Ciberbullying.<\/p>\n<\/li>\n<li>\n<p>Gu\u00eda e-Legales.<\/p>\n<\/li>\n<li>\n<p>Asistencia y recursos online.<\/p>\n<\/li>\n<\/ol>\n<\/td>\n<\/tr>\n<\/table>\n<p><img loading=\"lazy\" decoding=\"async\" alt=\"Barra Separadora\" height=\"16\" src=\"\" width=\"570\"><\/p>\n<table border=\"0\" cellpadding=\"0\" cellspacing=\"0\" style=\"padding-bottom:10px;\" width=\"100%\">\n<tr>\n<td><img decoding=\"async\" alt=\"CiberBullying\" src=\"http:\/\/www.pantallasamigas.net\/wp-content\/uploads\/2018\/05\/CIBERBULLYING.jpg\"><\/td>\n<td width=\"360\">\n<h4 style=\"margin-bottom:0px;\"><a href=\"http:\/\/www.pantallasamigas.net\/wp-content\/uploads\/2018\/06\/montajeCIBERBULLYING2_baja.jpg\">Ciberbullying<br \/><\/a>Gu\u00eda para madres, padres y personal docente<\/h4>\n<p>Completo manual de enfoque pr\u00e1ctico elaborado por la experta Parry Aftab con el fin de dar a conocer los aspectos clave sobre el ciberacoso y las estrategias preventivas a adoptar. <\/p>\n<p><strong>Destinatarios<\/strong>: adultos<\/p>\n<\/td>\n<\/tr>\n<\/table>\n<table border=\"0\" cellpadding=\"0\" cellspacing=\"0\" width=\"100%\">\n<tr>\n<td><img decoding=\"async\" alt=\"Pack CiberBullying\" src=\"http:\/\/www.pantallasamigas.net\/wp-content\/uploads\/2018\/05\/montajeCIBERBULLYING-web-2.jpg\"><\/td>\n<td width=\"360\">\n<h4 style=\"margin-bottom:0px;\"><a href=\"http:\/\/www.pantallasamigas.net\/recurso-educativo-pack-ciberbullying\/\">Pack multimedia Ciberbullying<br \/><\/a>Para la prevenci\u00f3n del acoso<\/h4>\n<p> Recurso multimedia interactivo dirigido a los menores entre 8 y 12 a\u00f1os, acompa\u00f1ado de una gu\u00eda de did\u00e1ctica para facilitar a los educadores conocimientos b\u00e1sicos y la metodolog\u00eda de uso.<\/p>\n<p><strong>Destinatarios<\/strong>: menores de 8 a 12 a\u00f1os y adultos<\/p>\n<\/td>\n<\/tr>\n<\/table>\n<table border=\"0\" cellpadding=\"0\" cellspacing=\"0\" style=\"padding-bottom:20px;\" width=\"100%\">\n<tr>\n<td><img decoding=\"async\" alt=\"e-Legales\" src=\"http:\/\/www.pantallasamigas.net\/wp-content\/uploads\/2018\/05\/montaje_e-Legales.jpg\"><\/td>\n<td width=\"360\">\n<h4 style=\"margin-bottom:0px;\"><a href=\"http:\/\/www.pantallasamigas.net\/e-legales\/\">Gu\u00eda e-Legales<br \/><\/a>Para la gente \u201clegal\u201d de Internet<\/h4>\n<p>  Compendio de las principales cuestiones legales involucradas en las situaciones de conflicto en la Red: delitos contra la intimidad, amenazas, injurias\u2026 Conocer las responsabilidades derivadas de determinados actos contribuye a evitarlos.<\/p>\n<p><strong>Destinatarios<\/strong>: menores de 12 a 16 a\u00f1os y adultos<\/p>\n<\/td>\n<\/tr>\n<\/table>\n<table border=\"0\" cellpadding=\"0\" cellspacing=\"0\" width=\"100%\">\n<tr>\n<td><img decoding=\"async\" alt=\"www.stop-ciberbullying.com\" src=\"http:\/\/www.pantallasamigas.net\/wp-content\/uploads\/2018\/05\/mockup-ordenador2.jpg\"><\/td>\n<td width=\"360\">\n<h4 style=\"margin-bottom:0px;\"><a href=\"http:\/\/www.stop-ciberbullying.com\" target=\"_blank\" rel=\"noopener\">Asistencia y recursos online<br \/><\/a>www.Stop-Ciberbullying.com<\/h4>\n<p> Web site de apoyo que permite el acceso actualizado a diversas posibilidades de formaci\u00f3n (animaciones, tests pr\u00e1cticos\u2026) informaci\u00f3n (noticias, referencias, informes y casos pr\u00e1cticos) y asesoramiento.<\/p>\n<p><strong>Destinatarios<\/strong>: adultos, en especial personal de centros educativos.<\/p>\n<\/td>\n<\/tr>\n<\/table>\n<p><img loading=\"lazy\" decoding=\"async\" alt=\"Barra Separadora\" height=\"16\" src=\"\" width=\"570\"><\/p>\n<p><\/p>\n<div id=\"btn_info\"><a href=\"http:\/\/www.pantallasamigas.net\/contacto-2\/\">Para saber m\u00e1s<\/a><\/div>\n<\/td>\n<p><\/body><\/html><\/p>\n","protected":false},"excerpt":{"rendered":"<p>Herramientas para la prevenci\u00f3n del acoso por medio de las Nuevas Tecnolog\u00edas Online Caja de herramientas para la prevenci\u00f3n del ciberacoso La Comisi\u00f3n Europea, en su Programa Safer Internet para el per\u00edodo 2009-2013, considera el Ciberbullying como una de las principales amenazas para la infancia y adolescencia tanto por su nivel de incidencia como por [&hellip;]<\/p>\n","protected":false},"author":1,"featured_media":0,"parent":0,"menu_order":0,"comment_status":"closed","ping_status":"closed","template":"","meta":{"inline_featured_image":false,"footnotes":""},"class_list":["post-7829","page","type-page","status-publish","hentry"],"_links":{"self":[{"href":"https:\/\/www.pantallasamigas.net\/en\/wp-json\/wp\/v2\/pages\/7829","targetHints":{"allow":["GET"]}}],"collection":[{"href":"https:\/\/www.pantallasamigas.net\/en\/wp-json\/wp\/v2\/pages"}],"about":[{"href":"https:\/\/www.pantallasamigas.net\/en\/wp-json\/wp\/v2\/types\/page"}],"author":[{"embeddable":true,"href":"https:\/\/www.pantallasamigas.net\/en\/wp-json\/wp\/v2\/users\/1"}],"replies":[{"embeddable":true,"href":"https:\/\/www.pantallasamigas.net\/en\/wp-json\/wp\/v2\/comments?post=7829"}],"version-history":[{"count":1,"href":"https:\/\/www.pantallasamigas.net\/en\/wp-json\/wp\/v2\/pages\/7829\/revisions"}],"predecessor-version":[{"id":12266,"href":"https:\/\/www.pantallasamigas.net\/en\/wp-json\/wp\/v2\/pages\/7829\/revisions\/12266"}],"wp:attachment":[{"href":"https:\/\/www.pantallasamigas.net\/en\/wp-json\/wp\/v2\/media?parent=7829"}],"curies":[{"name":"wp","href":"https:\/\/api.w.org\/{rel}","templated":true}]}}