{"id":7833,"date":"2018-05-25T11:28:30","date_gmt":"2018-05-25T09:28:30","guid":{"rendered":"http:\/\/www.pantallasamigas.net\/en\/intervencion-de-la-agencia-de-proteccion-de-datos-de-la-comunidad-de-madrid-con-los-menores\/"},"modified":"2020-07-20T11:04:40","modified_gmt":"2020-07-20T09:04:40","slug":"intervencion-de-la-agencia-de-proteccion-de-datos-de-la-comunidad-de-madrid-con-los-menores","status":"publish","type":"page","link":"https:\/\/www.pantallasamigas.net\/en\/intervencion-de-la-agencia-de-proteccion-de-datos-de-la-comunidad-de-madrid-con-los-menores\/","title":{"rendered":"Intervenci\u00f3n de la Agencia de Protecci\u00f3n de Datos de la Comunidad de Madrid con los menores"},"content":{"rendered":"<p>&nbsp;<\/p>\n<h2>PantallasAmigas presta su colaboraci\u00f3n en una campa\u00f1a sobre protecci\u00f3n de datos personales que alcanz\u00f3\u00a0 m\u00e1s de 400 centros p\u00fablicos.<\/h2>\n<div align=\"right\">\n<h2>Enero 2010<\/h2>\n<\/div>\n<div class=\"tex\">\n<table border=\"0\" width=\"100%\">\n<tbody>\n<tr>\n<td class=\"tex\" valign=\"top\">La Agencia de Protecci\u00f3n de Datos de la Comunidad de Madrid realiz\u00f3 el pasado d\u00eda 28 de enero de 2010, coincidiendo con el D\u00eda Europeo de la Protecci\u00f3n de Datos Personales, una sesi\u00f3n informativa en centros educativos p\u00fablicos de la Comunidad de Madrid, con el objetivo es dar a conocer entre los alumnos el derecho fundamental a la protecci\u00f3n de datos personales, exponiendo los riesgos a su privacidad que provienen de las modernas tecnolog\u00edas de la informaci\u00f3n y la comunicaci\u00f3n, tratando de que los menores se conciencien acerca de la necesidad de un uso responsable de \u00e9stas.<\/td>\n<td valign=\"top\"><object width=\"278\" height=\"232\"><param name=\"movie\" value=\"http:\/\/www.youtube.com\/v\/FLKR5aq3Zbw&amp;hl=es_ES&amp;fs=1&amp;rel=0&amp;color1=0xe1600f&amp;color2=0xfebd01&amp;border=1\" \/><param name=\"allowFullScreen\" value=\"true\" \/><span style=\"display: inline-block; width: 0px; overflow: hidden; line-height: 0;\" data-mce-type=\"bookmark\" class=\"mce_SELRES_start\">\ufeff<\/span><param name=\"allowscriptaccess\" value=\"always\" \/><span style=\"display: inline-block; width: 0px; overflow: hidden; line-height: 0;\" data-mce-type=\"bookmark\" class=\"mce_SELRES_end\">\ufeff<\/span><span style=\"display: inline-block; width: 0px; overflow: hidden; line-height: 0;\" data-mce-type=\"bookmark\" class=\"mce_SELRES_start\">\ufeff<\/span><embed allowfullscreen=\"allowfullscreen\" allowscriptaccess=\"always\" height=\"232\" src=\"http:\/\/www.youtube.com\/v\/FLKR5aq3Zbw&amp;hl=es_ES&amp;fs=1&amp;rel=0&amp;color1=0xe1600f&amp;color2=0xfebd01&amp;border=1\" type=\"application\/x-shockwave-flash\" width=\"278\" \/><span style=\"display: inline-block; width: 0px; overflow: hidden; line-height: 0;\" data-mce-type=\"bookmark\" class=\"mce_SELRES_end\">\ufeff<\/span><\/object><\/td>\n<\/tr>\n<tr>\n<td class=\"tex\" colspan=\"2\">Se utilizaron gu\u00edas educativas, presentaciones en PowerPoint, y material formativo audiovisual. PantallasAmigas tuvo el placer de contribuir con la cesi\u00f3n de dos de los ocho v\u00eddeos did\u00e1cticos utilizados en la campa\u00f1a, en concreto los referidos <a href=\"http:\/\/www.youtube.com\/watch?v=xjRv3okyfww\" target=\"_blank\" rel=\"noopener\">al sexting<\/a> y al <a href=\"http:\/\/www.youtube.com\/watch?v=FLKR5aq3Zbw\" target=\"_blank\" rel=\"noopener\">uso de la webcam<\/a>.<\/td>\n<\/tr>\n<\/tbody>\n<\/table>\n<p>Para m\u00e1s Videos: <a class=\"externo\" href=\"http:\/\/www.youtube.com\/user\/pantallasamigas\" target=\"_blank\" rel=\"noopener\"><strong>Canal Youtube de PantallasAmigas <\/strong><\/a><\/p>\n<\/div>\n<p>&nbsp;<\/p>\n","protected":false},"excerpt":{"rendered":"<p>&nbsp; PantallasAmigas presta su colaboraci\u00f3n en una campa\u00f1a sobre protecci\u00f3n de datos personales que alcanz\u00f3\u00a0 m\u00e1s de 400 centros p\u00fablicos. Enero 2010 La Agencia de Protecci\u00f3n de Datos de la Comunidad de Madrid realiz\u00f3 el pasado d\u00eda 28 de enero de 2010, coincidiendo con el D\u00eda Europeo de la Protecci\u00f3n de Datos Personales, una sesi\u00f3n [&hellip;]<\/p>\n","protected":false},"author":1,"featured_media":0,"parent":0,"menu_order":0,"comment_status":"closed","ping_status":"closed","template":"","meta":{"inline_featured_image":false,"footnotes":""},"class_list":["post-7833","page","type-page","status-publish","hentry"],"_links":{"self":[{"href":"https:\/\/www.pantallasamigas.net\/en\/wp-json\/wp\/v2\/pages\/7833","targetHints":{"allow":["GET"]}}],"collection":[{"href":"https:\/\/www.pantallasamigas.net\/en\/wp-json\/wp\/v2\/pages"}],"about":[{"href":"https:\/\/www.pantallasamigas.net\/en\/wp-json\/wp\/v2\/types\/page"}],"author":[{"embeddable":true,"href":"https:\/\/www.pantallasamigas.net\/en\/wp-json\/wp\/v2\/users\/1"}],"replies":[{"embeddable":true,"href":"https:\/\/www.pantallasamigas.net\/en\/wp-json\/wp\/v2\/comments?post=7833"}],"version-history":[{"count":2,"href":"https:\/\/www.pantallasamigas.net\/en\/wp-json\/wp\/v2\/pages\/7833\/revisions"}],"predecessor-version":[{"id":20484,"href":"https:\/\/www.pantallasamigas.net\/en\/wp-json\/wp\/v2\/pages\/7833\/revisions\/20484"}],"wp:attachment":[{"href":"https:\/\/www.pantallasamigas.net\/en\/wp-json\/wp\/v2\/media?parent=7833"}],"curies":[{"name":"wp","href":"https:\/\/api.w.org\/{rel}","templated":true}]}}