{"id":7864,"date":"2018-05-25T11:28:04","date_gmt":"2018-05-25T09:28:04","guid":{"rendered":"http:\/\/www.pantallasamigas.net\/en\/internetamiga-proyecto-para-el-fomento-de-una-nueva-ciudadania-digital-activa-y-responsable\/"},"modified":"2018-05-25T11:28:04","modified_gmt":"2018-05-25T09:28:04","slug":"internetamiga-proyecto-para-el-fomento-de-una-nueva-ciudadania-digital-activa-y-responsable","status":"publish","type":"page","link":"https:\/\/www.pantallasamigas.net\/en\/internetamiga-proyecto-para-el-fomento-de-una-nueva-ciudadania-digital-activa-y-responsable\/","title":{"rendered":"INTERNETamiga, proyecto para el fomento de una nueva ciudadan\u00eda digital activa y responsable"},"content":{"rendered":"<p><!DOCTYPE html PUBLIC \"-\/\/W3C\/\/DTD HTML 4.0 Transitional\/\/EN\" \"http:\/\/www.w3.org\/TR\/REC-html40\/loose.dtd\"><br \/>\n<html><body><\/p>\n<td>\n<h2>\u00a0&#8226; PantallasAmigas, con motivo del D\u00eda de Internet, y por segundo a\u00f1o consecutivo, impulsa esta iniciativa con el apoyo de El Abrojo (Uruguay), el Foro Generaciones Interactivas (Espa\u00f1a) y WiredSafety (USA) y m\u00e1s de una veintena de organizaciones.<\/p>\n<p>\u00a0&#8226; Doce pa\u00edses y m\u00e1s de treinta organizaciones se han implicado en esta iniciativa educativa online para adolescentes.<\/h2>\n<div align=\"right\">\n<h2>Abril 2010<\/h2>\n<\/p><\/div>\n<div class=\"tex\">\n<p><img loading=\"lazy\" decoding=\"async\" alt=\"Los derechos de los ni\u00f1os y adolescentes ante la violencia. Cursos de Verano\" height=\"66\" hspace=\"5\" src=\"http:\/\/www.pantallasamigas.net\/wp-content\/uploads\/2018\/05\/internetamiga-logo.jpg\" style=\"float: right;\" title=\"Banner del curso organizado por la Universidad de Castilla-La Mancha (UCLM)\" width=\"198\"> Al amparo del <strong>D\u00eda de Internet,<\/strong> se pone en marcha la segunda edici\u00f3n de la iniciativa INTERNETamiga con la finalidad de fomentar la participaci\u00f3n de la sociedad en el \u00e1mbito de la promoci\u00f3n del uso seguro, responsable y saludable de Internet por parte de los adolescentes, potenciando el ejercicio activo de una ciudadan\u00eda digital responsable.<\/p>\n<p>Adquiere la forma de actividades did\u00e1cticas online que, distribuidas en tres web sites espec\u00edficos, toman el formato de concurso. La participaci\u00f3n en el mismo no es obligatoria para beneficiarse de este proyecto ya que, en todo caso, permanece tras la fecha en la Red para que puedan ser utilizadas en cualquier momento como recurso educativo que son. <\/p>\n<p>Son tres los ejes y temas a abordar:<\/p>\n<p><strong>INTERNETamiga DESCUBRE!<\/strong> permite identificar y difundir usos enriquecedores y positivos de Internet e indagar sobre las m\u00faltiples alternativas de ocio, cultura y aprendizaje que no son tan conocidas. <\/p>\n<p>\t\t      <strong>INTERNETamiga OPINA!<\/strong> ofrece la posibilidad de reflexionar y concienciar sobre los derechos de la infancia en el \u201ccontexto Red\u201d, adem\u00e1s de incentivar el ejercicio de la participaci\u00f3n por medio de la propia opini\u00f3n sobre cu\u00e1les son los derechos que, en el entorno digital, consideran imprescindibles.<\/p>\n<p>\t\t      <strong>INTERNETamiga ACT\u00daA!<\/strong> propone adoptar una actitud proactiva sobre el ciberbullying, su prevenci\u00f3n, origen y consecuencias y contraponer derechos y deberes en el marco concreto del ciberacoso y las responsabilidades que de estas situaciones se desprenden.<\/p>\n<p>Se desarrolla entre el <strong>4 al 17 de Mayo de 2010<\/strong>.  Dirigida especialmente a chicos y chicas de entre 12 y 16 a\u00f1os de habla hispana, no es imprescindible la participaci\u00f3n en el concurso, sino que el fin \u00faltimo es facilitar que estos importantes temas entren en las aulas de manera c\u00f3moda y sencilla, para lo cual se incluyen <strong>gu\u00edas did\u00e1cticas y recursos de apoyo<\/strong> complementarios.<\/p>\n<p align=\"justify\" class=\"tex\"><strong>Dimensi\u00f3n internacional en el marco del D\u00eda de Internet<\/strong><\/p>\n<p>\u00bfPor qu\u00e9 actuar con barreras donde no las hay? INTERNETamiga es una oportunidad para compartir recursos, experiencias, ideas y descubrimientos con aquellas personas que, en el d\u00eda a d\u00eda en la Red tambi\u00e9n est\u00e1n cerca. M\u00e1s de una decena de pa\u00edses y una treintena de organizaciones se han sumado a este proyecto que cobra sentido en el contexto del D\u00eda de Internet.<\/p>\n<p>Las entidades implicadas son de muy diversa \u00edndole, aunque comparten en todo caso su preocupaci\u00f3n y compromiso por el bienestar de la infancia. Llevar esta idea hasta los adolescentes, con la parti cipaci\u00f3n de centros escolares y otros agentes, es su misi\u00f3n y empe\u00f1o<\/p>\n<p>Con la <strong>coordinaci\u00f3n<\/strong> de PantallasAmigas, Agoranews y la Red ANDI de Am\u00e9rica Latina prestan su apoyo como <strong>media partners<\/strong>. El Foro Generaciones Interactivas, El Abrojo (Uruguay) y Wired Safety realizan labores de difusi\u00f3n a Espa\u00f1a, Latinoam\u00e9rica y USA. En cada pa\u00eds hay una entidad comprometida como <strong>nodo<\/strong>: Eco J\u00f3venes (Bolivia), Andi (Brasil), Agencia Pandi (Colombia), DNI (Costa Rica), La Nana (Guatemala), Global Infancia (Paraguay), Agencia Voz y Vos (Uruguay) , Cecodap (Venezuela), Dos Generaciones (Nicaragua) y Consultora Divergente (Chile). Para completar la capilaridad y asegurar la llegada a los destinatarios se hacen imprescindibles las <strong>organizaciones colaboradoras<\/strong> que hasta la fecha se concentran en cuatro pa\u00edses: <\/p>\n<ul>\n<li>En Espa\u00f1a: Pantallas Sanas, Asociaci\u00f3n de Internautas, Fundaci\u00f3n Edex, Fundaci\u00f3n Ciudadan\u00eda, Consorcio Identic, AETICAL, Fundaci\u00f3n D\u00e9dalo, Proyecto DisfrutalaRED y la Agencia Canaria de Investigaci\u00f3n, Innovaci\u00f3n y Sociedad de la Informaci\u00f3n.<\/li>\n<li>En Uruguay: IPRU, Aldeas Infantiles SOS, Gurises Unidos, Vida y Educaci\u00f3n y Juventud para Cristo.<\/li>\n<li>En Venezuela el Grupo Manos por la Ni\u00f1ez y la Adolescencia.<\/li>\n<li>En Bolivia el Gobierno Municipal de La Paz, la Fundaci\u00f3n Redes y la Asociaci\u00f3n Voces Vitales.<\/li>\n<\/ul>\n<p><strong>Compartir para multiplicar<\/strong><\/p>\n<p>Se desarrolla mediante la presentaci\u00f3n de un entorno de trabajo com\u00fan gracias al cu\u00e1l se logran los siguientes BENEFICIOS:<\/p>\n<ul>\n<li>Optimizaci\u00f3n de los esfuerzos, puesto que las labores de dise\u00f1o, preparaci\u00f3n y seguimiento de la actividad son comunes y, en este caso, aportadas por los promotores, red de dinamizaci\u00f3n y nodos nacionales.<\/li>\n<li>Ausencia de necesidad de recursos econ\u00f3micos y de personal especializado y dedicado al dise\u00f1o, implementaci\u00f3n y seguimiento de la actividad. <\/li>\n<li>Obtenci\u00f3n de un valor a\u00f1adido proveniente, por un lado, del conocimiento y recursos generados en el desarrollo de las propias actividades y, por otro, del contraste y enriquecimiento por el trabajo compartido con otras realidades socioculturales diferentes a la propia y que forman parte del d\u00eda a d\u00eda de la convivencia en la Red. <\/li>\n<\/ul>\n<p>Como se\u00f1alaba Jorge Flores en la primera edici\u00f3n \u201cCompartimos la Red, con sus ventajas y sus problemas, entre ciudadanos del todo el mundo. Compartamos tambi\u00e9n, desde la sociedad civil y en connivencia con empresas y administraciones, las nuevas f\u00f3rmulas educativas que entre todos y todas seamos capaces de hacer posible. INTERNETamiga es una intervenci\u00f3n global con la suma de esfuerzos locales y una intervenci\u00f3n local con el esfuerzo a escala global. En definitiva, colaborar, compartir, cooperar, optimizar\u2026 verbos que facilita INTERNET y que han de ser activados en la adecuada direcci\u00f3n con motivo de un d\u00eda tan se\u00f1alado. Ayudemos a los m\u00e1s j\u00f3venes a ejercitarse plena y conscientemente como ciudadanos digitales\u201d <\/p>\n<p>M\u00e1s informaci\u00f3n: <a href=\"https:\/\/www.pantallasamigas.net\/internetamiga-iniciativa-educativa-para-adolescentes\/\" target=\"_blank\"><strong>www.internetamiga.net<\/strong><\/a><\/p>\n<p><a href=\"http:\/\/www.pantallasamigas.net\/internetamiga-hace-entrega-de-los-premios-a-los-ganadores-en-colombia-y-uruguay\/\" target=\"_blank\"><strong>Im\u00e1genes de la entrega de premios del pasado a\u00f1o 2009<\/strong><\/a><\/p>\n<\/div>\n<\/td>\n<p><\/body><\/html><\/p>\n","protected":false},"excerpt":{"rendered":"<p>\u00a0&#8226; PantallasAmigas, con motivo del D\u00eda de Internet, y por segundo a\u00f1o consecutivo, impulsa esta iniciativa con el apoyo de El Abrojo (Uruguay), el Foro Generaciones Interactivas (Espa\u00f1a) y WiredSafety (USA) y m\u00e1s de una veintena de organizaciones. \u00a0&#8226; Doce pa\u00edses y m\u00e1s de treinta organizaciones se han implicado en esta iniciativa educativa online para [&hellip;]<\/p>\n","protected":false},"author":1,"featured_media":0,"parent":0,"menu_order":0,"comment_status":"closed","ping_status":"closed","template":"","meta":{"inline_featured_image":false,"footnotes":""},"class_list":["post-7864","page","type-page","status-publish","hentry"],"_links":{"self":[{"href":"https:\/\/www.pantallasamigas.net\/en\/wp-json\/wp\/v2\/pages\/7864","targetHints":{"allow":["GET"]}}],"collection":[{"href":"https:\/\/www.pantallasamigas.net\/en\/wp-json\/wp\/v2\/pages"}],"about":[{"href":"https:\/\/www.pantallasamigas.net\/en\/wp-json\/wp\/v2\/types\/page"}],"author":[{"embeddable":true,"href":"https:\/\/www.pantallasamigas.net\/en\/wp-json\/wp\/v2\/users\/1"}],"replies":[{"embeddable":true,"href":"https:\/\/www.pantallasamigas.net\/en\/wp-json\/wp\/v2\/comments?post=7864"}],"version-history":[{"count":0,"href":"https:\/\/www.pantallasamigas.net\/en\/wp-json\/wp\/v2\/pages\/7864\/revisions"}],"wp:attachment":[{"href":"https:\/\/www.pantallasamigas.net\/en\/wp-json\/wp\/v2\/media?parent=7864"}],"curies":[{"name":"wp","href":"https:\/\/api.w.org\/{rel}","templated":true}]}}