{"id":7881,"date":"2018-05-25T11:27:31","date_gmt":"2018-05-25T09:27:31","guid":{"rendered":"http:\/\/www.pantallasamigas.net\/en\/sexting-una-practica-de-riesgo-2\/"},"modified":"2026-03-18T10:43:43","modified_gmt":"2026-03-18T09:43:43","slug":"sexting","status":"publish","type":"page","link":"https:\/\/www.pantallasamigas.net\/en\/sexting\/","title":{"rendered":"Sexting, una pr\u00e1ctica de riesgo"},"content":{"rendered":"<h2>La pr\u00e1ctica del sexting est\u00e1 experimentando un constante aumento y, como pr\u00e1ctica de riesgo, est\u00e1 en el origen de numerosos problemas.<\/h2>\n<p>Estos problemas pueden ser legales, especialmente cuando hay ni\u00f1os y ni\u00f1as implicados, relacionados con la privacidad o el derecho a la propia imagen, con el ciberbullying, con el ciberacoso sexual e incluso con la sextorsi\u00f3n.<\/p>\n<p>&nbsp;<\/p>\n<div align=\"center\"><a title=\"Noticias, casos, gu\u00eda y test sobre el acoso entre menores mediante Internet y m\u00f3viles\" href=\"http:\/\/www.sexting.es\" target=\"_blank\" rel=\"noopener\"><br \/>\n<img decoding=\"async\" title=\"Visita Sexting.es para conocer y estar al d\u00eda sobre este nuevo riesgo de las TIC para los menores\" src=\"http:\/\/www.pantallasamigas.net\/wp-content\/uploads\/2018\/05\/sexting-es.gif\" alt=\"Captura de Sexting.es\" border=\"0\" hspace=\"6\" \/><\/a><\/div>\n<div class=\"tex\">\n<h3><strong>Temas<\/strong><\/h3>\n<p>Sexting, privacidad, sextorsi\u00f3n, datos personales, pornograf\u00eda infantil, grooming, ciberacoso sexual, ciberbullying.<\/p>\n<p>&nbsp;<\/p>\n<div id=\"btn_info\"><a class=\"externo\" title=\"Noticias, casos, consejos y v\u00eddeos sobre los problemas de la grabaci\u00f3n y env\u00edo de im\u00e1genes er\u00f3ticas y sexuales autoproducidas (sexting)\" href=\"http:\/\/www.sexting.es\" target=\"_blank\" rel=\"noopener\"><br \/>\nVisita: Sexting.es<\/a><\/div>\n<h3 align=\"left\"><\/h3>\n<p><iframe loading=\"lazy\" title=\"10 razones para no realizar sexting: \u00a1t\u00fa decides!\" width=\"1080\" height=\"608\" src=\"https:\/\/www.youtube.com\/embed\/LFbnamm_ePk?feature=oembed\" frameborder=\"0\" allow=\"accelerometer; autoplay; clipboard-write; encrypted-media; gyroscope; picture-in-picture; web-share\" referrerpolicy=\"strict-origin-when-cross-origin\" allowfullscreen><\/iframe><\/p>\n<div id=\"btn_info\"><a class=\"externo\" title=\"Dec\u00e1logo para el sexting seguro\" href=\"http:\/\/www.sextingseguro.com\/consejos-sextear-nudes-con-menos-riesgos\/\" target=\"_blank\" rel=\"noopener\"><br \/>\nVisita: Dec\u00e1logo para el sexting seguro<\/a><\/div>\n<h3 align=\"left\"><\/h3>\n<h3 align=\"left\">Webs\/Blogs relacionados<\/h3>\n<ul id=\"enlaces\">\n<li><a class=\"externo\" href=\"http:\/\/sexting.wordpress.com\" target=\"_blank\" rel=\"noopener\">sexting.wordpress.com<\/a><\/li>\n<li><a class=\"externo\" href=\"http:\/\/riesgosinternet.wordpress.com\" target=\"_blank\" rel=\"noopener\">riesgosinternet.wordpress.com<\/a><\/li>\n<li><a href=\"http:\/\/www.sextingseguro.com\/\" target=\"_blank\" rel=\"noopener\">sextingseguro.com<\/a><\/li>\n<li><a href=\"http:\/\/www.sextingseguro.com\/xunta\/\" target=\"_blank\" rel=\"noopener\">sextingseguro.com\/xunta<\/a><\/li>\n<li><a href=\"http:\/\/www.sextorsion.es\/\" target=\"_blank\" rel=\"noopener\">sextorsion.es<\/a><\/li>\n<\/ul>\n<\/div>\n<h3>Sobre sexting\u2026<\/h3>\n<ul>\n<li><a href=\"https:\/\/www.pantallasamigas.net\/proyecto-backup-sexting-bullying-extimidad-pantallasamigas-laboratorio-rtve\/\" target=\"_blank\" rel=\"noopener\">Proyecto BackUp: Sexting\/bullying \u201cLa era de la extimidad\u201d PantallasAmigas colabora con Laboratorio rtve<\/a><\/li>\n<li><a href=\"https:\/\/www.pantallasamigas.net\/unodc-fundacion-azteca-pantallasamigas-grooming-sexting-sextorsion-prevencion-internet-confinamiento\/\" target=\"_blank\" rel=\"noopener\">UNODC, Fundaci\u00f3n Azteca y PantallasAmigas lanzan campa\u00f1a de prevenci\u00f3n \u201cInternet en tiempos de confinamiento\u201d<\/a><\/li>\n<li><a href=\"https:\/\/www.pantallasamigas.net\/xunta-galicia-pantallasamigas-impulsan-campana-prevenir-los-riesgos-del-sexting\/\" target=\"_blank\" rel=\"noopener\">Xunta de Galicia y PantallasAmigas impulsan campa\u00f1a para prevenir los riesgos del sexting<\/a><\/li>\n<li><a href=\"https:\/\/www.pantallasamigas.net\/prevencion-del-sexting-la-sextorsion-y-la-ciberviolencia-de-genero-en-la-red-europea-contra-el-delito-eucpn\/\" target=\"_blank\" rel=\"noopener\">Prevenci\u00f3n del sexting, la sextorsi\u00f3n y la ciberviolencia de g\u00e9nero en la Red Europea de Prevenci\u00f3n del Delito (EUCPN)<\/a><\/li>\n<li><a href=\"https:\/\/www.pantallasamigas.net\/pantallasamigas-sexting-informar-sensibilizar-empoderar\/\" target=\"_blank\" rel=\"noopener\">PantallasAmigas y el sexting: informar, sensibilizar, empoderar<\/a><\/li>\n<li>En YouTube: <a href=\"https:\/\/www.youtube.com\/watch?v=AcsF570HHy8&amp;list=PLUGAcyUkQe0rTDvvpRG9P8_v-po7Eip90\" target=\"_blank\" rel=\"noopener\">SEXTING: \u00bfest\u00e1s pensando en sextear?<\/a><\/li>\n<\/ul>\n<p>&nbsp;<\/p>\n<div class=\"et_pb_button_module_wrapper et_pb_module et_pb_button_alignment_center\"><a class=\"et_pb_button et_pb_button_0 et_pb_module et_pb_bg_layout_light\" href=\"https:\/\/www.pantallasamigas.net\/contacto\/\" target=\"_blank\" rel=\"noopener\">Si desea m\u00e1s informaci\u00f3n, por favor, cont\u00e1ctenos aqu\u00ed <i class=\"fa fa-arrow-right \" ><\/i><\/a><\/div>\n","protected":false},"excerpt":{"rendered":"<p>La pr\u00e1ctica del sexting est\u00e1 experimentando un constante aumento y, como pr\u00e1ctica de riesgo, est\u00e1 en el origen de numerosos problemas. Estos problemas pueden ser legales, especialmente cuando hay ni\u00f1os y ni\u00f1as implicados, relacionados con la privacidad o el derecho a la propia imagen, con el ciberbullying, con el ciberacoso sexual e incluso con la [&hellip;]<\/p>\n","protected":false},"author":1,"featured_media":0,"parent":0,"menu_order":0,"comment_status":"closed","ping_status":"closed","template":"","meta":{"inline_featured_image":false,"footnotes":""},"class_list":["post-7881","page","type-page","status-publish","hentry"],"_links":{"self":[{"href":"https:\/\/www.pantallasamigas.net\/en\/wp-json\/wp\/v2\/pages\/7881","targetHints":{"allow":["GET"]}}],"collection":[{"href":"https:\/\/www.pantallasamigas.net\/en\/wp-json\/wp\/v2\/pages"}],"about":[{"href":"https:\/\/www.pantallasamigas.net\/en\/wp-json\/wp\/v2\/types\/page"}],"author":[{"embeddable":true,"href":"https:\/\/www.pantallasamigas.net\/en\/wp-json\/wp\/v2\/users\/1"}],"replies":[{"embeddable":true,"href":"https:\/\/www.pantallasamigas.net\/en\/wp-json\/wp\/v2\/comments?post=7881"}],"version-history":[{"count":6,"href":"https:\/\/www.pantallasamigas.net\/en\/wp-json\/wp\/v2\/pages\/7881\/revisions"}],"predecessor-version":[{"id":30029,"href":"https:\/\/www.pantallasamigas.net\/en\/wp-json\/wp\/v2\/pages\/7881\/revisions\/30029"}],"wp:attachment":[{"href":"https:\/\/www.pantallasamigas.net\/en\/wp-json\/wp\/v2\/media?parent=7881"}],"curies":[{"name":"wp","href":"https:\/\/api.w.org\/{rel}","templated":true}]}}