{"id":7893,"date":"2018-05-25T11:27:26","date_gmt":"2018-05-25T09:27:26","guid":{"rendered":"http:\/\/www.pantallasamigas.net\/en\/tecnoadicciones\/"},"modified":"2026-03-06T11:09:22","modified_gmt":"2026-03-06T10:09:22","slug":"tecnoadicciones","status":"publish","type":"page","link":"https:\/\/www.pantallasamigas.net\/en\/tecnoadicciones\/","title":{"rendered":"Tecnoadicciones"},"content":{"rendered":"<p>&nbsp;<\/p>\n<h2>Las tecnolog\u00edas, con sus pantallas, son aliadas. Por eso las usamos; nos resultan \u00fatiles, casi imprescindibles, nos ayudan, nos satisfacen.<\/h2>\n<p>A trav\u00e9s de ellas disfrutamos de servicios, pero sobre todo conectamos con personas, y nos entregamos al ocio y aficiones. Su utilidad, disponibilidad e inmediatez de respuesta pueden explicar que determinados individuos desarrollen sobre ellas uso abusivo e incluso dependiente.<\/p>\n<p>&nbsp;<\/p>\n<div align=\"center\"><a title=\"Informaci\u00f3n y noticias sobre las adicciones tecnol\u00f3gicas\" href=\"http:\/\/www.tecnoadiccion.es\" target=\"_blank\" rel=\"noopener\"><br \/>\n<img decoding=\"async\" title=\"Tecnoadiccion.es - Informaci\u00f3n y noticias sobre las adicciones tecnol\u00f3gicas\" src=\"http:\/\/www.pantallasamigas.net\/wp-content\/uploads\/2018\/05\/tecnoadiccion-es-2.jpg\" alt=\"Captura de Tecnoadiccion.es\" border=\"0\" hspace=\"6\" \/><\/a><\/div>\n<div class=\"tex\">\n<h3>Temas<\/h3>\n<p>Ciberadicciones, tecnoadicciones, adicci\u00f3n tecnol\u00f3gica, adicci\u00f3n a internet, adicci\u00f3n a los videojuegos, adicci\u00f3n al m\u00f3vil, adicci\u00f3n al celular, adicci\u00f3n al Smartphone, nomofobia, psicolog\u00eda, cibersociedad, tecnoestr\u00e9s, uso abusivo, obsesivo-compulsivo, cibersexo, juegos online, ciberapuestas, internet addiction disorder.<\/p>\n<p>&nbsp;<\/p>\n<div id=\"btn_info\"><a class=\"externo\" title=\"Informaci\u00f3n y noticias sobre las adicciones tecnol\u00f3gicas\" href=\"http:\/\/www.tecnoadiccion.es\" target=\"_blank\" rel=\"noopener\"><br \/>\nVisita: Tecnoadiccion.es<\/a><\/div>\n<h3 align=\"left\"><img alt=\"Barra Separadora\" width=\"570\" height=\"16\" \/><\/h3>\n<p><iframe loading=\"lazy\" src=\"http:\/\/www.youtube.com\/embed\/KA_kYIm35Bw?rel=0\" width=\"571\" height=\"321\" frameborder=\"0\" allowfullscreen=\"allowfullscreen\"><\/iframe><\/p>\n<h3 align=\"left\">Webs\/Blogs relacionados<\/h3>\n<ul id=\"enlaces\">\n<li><a class=\"externo\" href=\"http:\/\/adiccionvideojuegos.wordpress.com\" target=\"_blank\" rel=\"noopener\">adiccionvideojuegos.wordpress.com<\/a><\/li>\n<\/ul>\n<\/div>\n<p>&nbsp;<\/p>\n","protected":false},"excerpt":{"rendered":"<p>&nbsp; Las tecnolog\u00edas, con sus pantallas, son aliadas. Por eso las usamos; nos resultan \u00fatiles, casi imprescindibles, nos ayudan, nos satisfacen. A trav\u00e9s de ellas disfrutamos de servicios, pero sobre todo conectamos con personas, y nos entregamos al ocio y aficiones. Su utilidad, disponibilidad e inmediatez de respuesta pueden explicar que determinados individuos desarrollen sobre [&hellip;]<\/p>\n","protected":false},"author":1,"featured_media":0,"parent":0,"menu_order":0,"comment_status":"closed","ping_status":"closed","template":"","meta":{"inline_featured_image":false,"footnotes":""},"class_list":["post-7893","page","type-page","status-publish","hentry"],"_links":{"self":[{"href":"https:\/\/www.pantallasamigas.net\/en\/wp-json\/wp\/v2\/pages\/7893","targetHints":{"allow":["GET"]}}],"collection":[{"href":"https:\/\/www.pantallasamigas.net\/en\/wp-json\/wp\/v2\/pages"}],"about":[{"href":"https:\/\/www.pantallasamigas.net\/en\/wp-json\/wp\/v2\/types\/page"}],"author":[{"embeddable":true,"href":"https:\/\/www.pantallasamigas.net\/en\/wp-json\/wp\/v2\/users\/1"}],"replies":[{"embeddable":true,"href":"https:\/\/www.pantallasamigas.net\/en\/wp-json\/wp\/v2\/comments?post=7893"}],"version-history":[{"count":2,"href":"https:\/\/www.pantallasamigas.net\/en\/wp-json\/wp\/v2\/pages\/7893\/revisions"}],"predecessor-version":[{"id":29969,"href":"https:\/\/www.pantallasamigas.net\/en\/wp-json\/wp\/v2\/pages\/7893\/revisions\/29969"}],"wp:attachment":[{"href":"https:\/\/www.pantallasamigas.net\/en\/wp-json\/wp\/v2\/media?parent=7893"}],"curies":[{"name":"wp","href":"https:\/\/api.w.org\/{rel}","templated":true}]}}