{"id":7922,"date":"2018-05-25T11:26:51","date_gmt":"2018-05-25T09:26:51","guid":{"rendered":"http:\/\/www.pantallasamigas.net\/en\/pensar-antes-de-sextear-10-razones-para-no-realizar-sexting\/"},"modified":"2018-05-25T11:26:51","modified_gmt":"2018-05-25T09:26:51","slug":"pensar-antes-de-sextear-10-razones-para-no-realizar-sexting","status":"publish","type":"page","link":"https:\/\/www.pantallasamigas.net\/en\/pensar-antes-de-sextear-10-razones-para-no-realizar-sexting\/","title":{"rendered":"Pensar antes de Sextear.\n          10 razones para NO realizar Sexting"},"content":{"rendered":"<p><!DOCTYPE html PUBLIC \"-\/\/W3C\/\/DTD HTML 4.0 Transitional\/\/EN\" \"http:\/\/www.w3.org\/TR\/REC-html40\/loose.dtd\"><br \/>\n<html><body><\/p>\n<td>\n<h2>Campa\u00f1a de sensibilizaci\u00f3n  sobre los  riesgos derivados de la pr\u00e1ctica del sexting <\/h2>\n<p>Es una campa\u00f1a de sensibilizaci\u00f3n al mismo tiempo que un recurso educativo que tiene como principal misi\u00f3n la sensibilizaci\u00f3n sobre los potenciales riesgos derivados de la pr\u00e1ctica del sexting as\u00ed como fomentar el respeto a la intimidad y vida privada de otras personas.<\/p>\n<div id=\"logosSEXTING\">\n<table border=\"0\" cellpadding=\"0\" cellspacing=\"0\" width=\"100%\">\n<tr>\n<td valign=\"top\">\n<h4>Dise\u00f1o, desarrollo y ejecuci\u00f3n<\/h4>\n<p>            <img decoding=\"async\" alt=\"PantallasAmigas\" src=\"http:\/\/www.pantallasamigas.net\/wp-content\/uploads\/2018\/05\/PPAA.svg\"><\/td>\n<td style=\"width:30px;\">\u00a0<\/td>\n<td valign=\"top\">\n<h4>Apoyo en financiamiento y difusi\u00f3n<\/h4>\n<p>      <a href=\"http:\/\/www.google.com.mx\" target=\"_blank\" rel=\"noopener\"><img decoding=\"async\" alt=\"Google\" src=\"http:\/\/www.pantallasamigas.net\/wp-content\/uploads\/2018\/05\/Google.svg\" style=\"width:175px; height:auto;\"><\/a><\/td>\n<\/tr>\n<\/table>\n<h4>Apoyo en coordinaci\u00f3n y difusi\u00f3n<\/h4>\n<p>            <a href=\"http:\/\/www.inai.org.mx\" target=\"_blank\" rel=\"noopener\"><img decoding=\"async\" alt=\"INAI\" src=\"http:\/\/www.pantallasamigas.net\/wp-content\/uploads\/2018\/05\/INAI.svg\" style=\"width:150px; height:auto;\"><\/a><\/p>\n<p>INAI, Instituto Nacional de Transparencia, Acceso a la Informaci\u00f3n y Protecci\u00f3n de Datos Personales. <\/p>\n<h4>Apoyo en revisi\u00f3n de contenidos y difusi\u00f3n<\/h4>\n<p>            <a href=\"http:\/\/www.derechosinfancia.org.mx\" target=\"_blank\" rel=\"noopener\"><img decoding=\"async\" alt=\"REDIM\" src=\"http:\/\/www.pantallasamigas.net\/wp-content\/uploads\/2018\/05\/REDIM.svg\" style=\"width:175px; height:auto;\"><\/a><\/p>\n<p>REDIM, Red por los Derechos de la Infancia en M\u00e9xico. <\/p>\n<h4>Apoyo en ldifusi\u00f3n, en orden alfab\u00e9tico<\/h4>\n<p>             <a href=\"http:\/\/www.canaldelcongreso.gob.mx\" target=\"_blank\" rel=\"noopener\"><img decoding=\"async\" alt=\"Canal Congreso\" src=\"http:\/\/www.pantallasamigas.net\/wp-content\/uploads\/2018\/05\/Canal-congreso.svg\" style=\"width:175px; height:auto;\"><\/a><\/p>\n<p>Canal del Congreso, Canal de Televisi\u00f3n del Congreso General de los Estados Unidos Mexicanos.<\/p>\n<hr class=\"hr2\"><a href=\"http:\/\/sn.dif.gob.mx\" target=\"_blank\" rel=\"noopener\"><img decoding=\"async\" alt=\"DIF\" src=\"http:\/\/www.pantallasamigas.net\/wp-content\/uploads\/2018\/05\/DIF.svg\" style=\"width:125px; height:auto;\"><\/a><\/p>\n<p>DIF Nacional, Sistema Nacional para el Desarrollo Integral de la Familia. <\/p>\n<hr class=\"hr2\"><a href=\"http:\/\/www.infodf.org.mx\/\" target=\"_blank\" rel=\"noopener\"><img decoding=\"async\" alt=\"infoDF\" src=\"http:\/\/www.pantallasamigas.net\/wp-content\/uploads\/2018\/05\/infoDF.svg\" style=\"width:175px; height:auto;\"><\/a><\/p>\n<p>InfoDF, Instituto de Transparencia, Acceso a la Informaci\u00f3n P\u00fablica, Protecci\u00f3n de Datos Personales y Rendici\u00f3n de Cuentas de la Ciudad de M\u00e9xico. <\/p>\n<hr class=\"hr2\"><img decoding=\"async\" alt=\"SIPINNA\" src=\"http:\/\/www.pantallasamigas.net\/wp-content\/uploads\/2018\/05\/Mexico-Gob.svg\" style=\"width:100%; height:auto;\"><\/p>\n<p>SIPINNA, Sistema Nacional de Protecci\u00f3n Integral de Ni\u00f1as, Ni\u00f1os y Adolescentes. <\/p>\n<\/p><\/div>\n<hr class=\"hr2\">\n<div align=\"center\" style=\"margin-top:20px; margin-bottom:20px;\">\n              <iframe loading=\"lazy\" allowfullscreen=\"\" frameborder=\"0\" height=\"321\" src=\"https:\/\/www.youtube.com\/embed\/AcsF570HHy8?rel=0&#038;showinfo=0\" width=\"571\"><\/iframe>\n\t\t    <\/div>\n<p><\/p>\n<div id=\"btn_info\"><a href=\"http:\/\/www.pensarantesdesextear.mx\" target=\"_blank\" rel=\"noopener\">Visita la web de Pensar antes de Sextear<\/a><\/div>\n<p><\/p>\n<div id=\"btn_info\"><a href=\"http:\/\/www.pantallasamigas.net\/contacto-2\/\">Para saber m\u00e1s<\/a><\/div>\n<\/td>\n<p><\/body><\/html><\/p>\n","protected":false},"excerpt":{"rendered":"<p>Campa\u00f1a de sensibilizaci\u00f3n sobre los riesgos derivados de la pr\u00e1ctica del sexting Es una campa\u00f1a de sensibilizaci\u00f3n al mismo tiempo que un recurso educativo que tiene como principal misi\u00f3n la sensibilizaci\u00f3n sobre los potenciales riesgos derivados de la pr\u00e1ctica del sexting as\u00ed como fomentar el respeto a la intimidad y vida privada de otras personas. [&hellip;]<\/p>\n","protected":false},"author":1,"featured_media":0,"parent":0,"menu_order":0,"comment_status":"closed","ping_status":"closed","template":"","meta":{"inline_featured_image":false,"footnotes":""},"class_list":["post-7922","page","type-page","status-publish","hentry"],"_links":{"self":[{"href":"https:\/\/www.pantallasamigas.net\/en\/wp-json\/wp\/v2\/pages\/7922","targetHints":{"allow":["GET"]}}],"collection":[{"href":"https:\/\/www.pantallasamigas.net\/en\/wp-json\/wp\/v2\/pages"}],"about":[{"href":"https:\/\/www.pantallasamigas.net\/en\/wp-json\/wp\/v2\/types\/page"}],"author":[{"embeddable":true,"href":"https:\/\/www.pantallasamigas.net\/en\/wp-json\/wp\/v2\/users\/1"}],"replies":[{"embeddable":true,"href":"https:\/\/www.pantallasamigas.net\/en\/wp-json\/wp\/v2\/comments?post=7922"}],"version-history":[{"count":0,"href":"https:\/\/www.pantallasamigas.net\/en\/wp-json\/wp\/v2\/pages\/7922\/revisions"}],"wp:attachment":[{"href":"https:\/\/www.pantallasamigas.net\/en\/wp-json\/wp\/v2\/media?parent=7922"}],"curies":[{"name":"wp","href":"https:\/\/api.w.org\/{rel}","templated":true}]}}