{"id":7939,"date":"2018-05-25T11:26:34","date_gmt":"2018-05-25T09:26:34","guid":{"rendered":"http:\/\/www.pantallasamigas.net\/en\/peter-y-twitter\/"},"modified":"2018-05-25T11:26:34","modified_gmt":"2018-05-25T09:26:34","slug":"peter-y-twitter","status":"publish","type":"page","link":"https:\/\/www.pantallasamigas.net\/en\/peter-y-twitter\/","title":{"rendered":"Peter y Twitter"},"content":{"rendered":"<p><!DOCTYPE html PUBLIC \"-\/\/W3C\/\/DTD HTML 4.0 Transitional\/\/EN\" \"http:\/\/www.w3.org\/TR\/REC-html40\/loose.dtd\"><br \/>\n<html><body><\/p>\n<td>\n<h2>Proyecto para educaci\u00f3n para la convivencia y la ciudadan\u00eda digital<\/h2>\n<p>Peter y Twitter es un programa educativo que, usando Twitter como eje conductor, procura la formaci\u00f3n de una ciudadan\u00eda digital responsable con \u00e9nfasis en la prevenci\u00f3n del ciberbullying, el fomento de la cultura de la privacidad y la eliminaci\u00f3n de conductas sexistas, machistas u hom\u00f3fobas.<\/p>\n<p>El programa Peter y Twitter tiene como objetivo la formaci\u00f3n  de una ciudadan\u00eda digital responsable con \u00e9nfasis en la prevenci\u00f3n del ciberbullying, el fomento de la cultura de la privacidad y la eliminaci\u00f3n de conductas sexistas, machistas u hom\u00f3fobas.<\/p>\n<div align=\"center\" style=\"margin-top:20px; margin-bottom:20px;\">\n              <iframe loading=\"lazy\" allowfullscreen=\"\" frameborder=\"0\" height=\"321\" src=\"\/\/www.youtube.com\/embed\/10z36j4Z66M?rel=0\" width=\"571\"><\/iframe>\n\t\t    <\/div>\n<h3>Trabaja en cinco ejes concretos <\/h3>\n<ul>\n<li><strong>Ciberconvivencia<\/strong>: Evitar provocar conflictos o causar da\u00f1o por equivocaci\u00f3n o desconocimiento as\u00ed como identificar y aprender a dar valor a la carga emocional de nuestras intervenciones en la Red y, en consecuencia, a contribuir de forma positiva en su clima.<\/li>\n<li><strong>Privacidad<\/strong>: Fomentar la cultura de la privacidad conociendo la importancia de su cuidado proactivo as\u00ed como asumiendo la responsabilidad para con los datos de las dem\u00e1s personas. Asociar el concepto de privacidad con el de seguridad.<\/li>\n<li><strong>Seguridad<\/strong>: Protegerse evitando conflictos y respondiendo de manera adecuada a los mismos.<\/li>\n<li><strong>Legalidad<\/strong>: Conocer la responsabilidad asociada a los propios actos en la red y las consecuencias que pueden derivarse.<\/li>\n<li><strong>Igualdad<\/strong>: Identificar usos comunes del lenguaje y opiniones que trasladan valores sexistas, machistas u hom\u00f3fobos.\n              <\/li>\n<\/ul>\n<p align=\"center\"><img loading=\"lazy\" decoding=\"async\" alt=\"Barra Separadora\" height=\"16\" src=\"\" width=\"570\"><\/p>\n<h3>Se concreta en diversos recursos did\u00e1cticos y acciones de difusi\u00f3n que tienen como personas destinatarias al conjunto de la poblaci\u00f3n pero especialmente al p\u00fablico adolescente<\/h3>\n<table border=\"0\" cellpadding=\"0\" cellspacing=\"0\" width=\"100%\">\n<tr>\n<td><img decoding=\"async\" alt=\"Peter y Twitter\" border=\"0\" src=\"http:\/\/www.pantallasamigas.net\/wp-content\/uploads\/2018\/05\/mockup-web-Peter-y-Twitter.jpg\"><br \/><img decoding=\"async\" alt=\"Videojuego Peter y Twitter\" border=\"0\" src=\"http:\/\/www.pantallasamigas.net\/wp-content\/uploads\/2018\/05\/videojuego-peter-y-twitter.jpg\"><\/td>\n<td width=\"20\">\u00a0<\/td>\n<td>\n<p>Estas herramientas para la educaci\u00f3n son <strong>cuatro principalmente<\/strong>: <\/p>\n<ol>\n<li>\n<p>\u201c<strong>Dec\u00e1logo PantallasAmigas para el uso responsable de Twitter<\/strong>\u201d, con recomendaciones en forma de posters. <\/p>\n<\/li>\n<li>\n<p>Serie de <strong>animaciones<\/strong> \u201cLas Desventuras de Peter y Twitter\u201d. <\/p>\n<\/li>\n<li>\n<p><strong>Videojuego Kinect<\/strong> \u201cPeter y Twitter por la ciberconvivencia y la igualdad\u201d. <\/p>\n<\/li>\n<li>\n<p>Perfil de <strong>Peter en Twitter<\/strong> que actuar\u00e1 como elemento difusor y dinamizador.                  <\/p>\n<\/li>\n<\/ol>\n<\/td>\n<\/tr>\n<\/table>\n<p align=\"center\"><img loading=\"lazy\" decoding=\"async\" alt=\"Barra Separadora\" height=\"16\" src=\"\" width=\"570\"><\/p>\n<h4>Su aplicaci\u00f3n se extiende a todos los contextos de socializaci\u00f3n de adolescentes, ni\u00f1os y ni\u00f1as:<\/h4>\n<table border=\"0\" cellpadding=\"0\" cellspacing=\"0\" width=\"100%\">\n<tr>\n<td>\n<ul>\n<li>El entorno escolar.<\/li>\n<li>La familia.<\/li>\n<li>La comunidad.<\/li>\n<li>El entorno digital.<\/li>\n<\/ul>\n<p>Por \u00faltimo, la filosof\u00eda Peter y Twitter abre un espacio para cerrar la brecha digital en las familias posibilitando que adolescentes, ni\u00f1as y ni\u00f1os compartan el juego de Peter y Twitter con padres y madres fomentando al mismo tiempo el uso positivo de los videojuegos.<\/p>\n<\/td>\n<td><img decoding=\"async\" src=\"http:\/\/www.pantallasamigas.net\/wp-content\/uploads\/2018\/05\/twitter-peter.jpg\"><\/td>\n<\/tr>\n<\/table>\n<p><\/p>\n<div id=\"btn_info\"><a href=\"http:\/\/www.peterytwitter.com\" target=\"_blank\" rel=\"noopener\">Visita la web de PeteryTwitter<\/a><\/div>\n<p><\/p>\n<div id=\"btn_info\"><a href=\"http:\/\/www.pantallasamigas.net\/contacto-2\/\">Para saber m\u00e1s<\/a><\/div>\n<\/td>\n<p><\/body><\/html><\/p>\n","protected":false},"excerpt":{"rendered":"<p>Proyecto para educaci\u00f3n para la convivencia y la ciudadan\u00eda digital Peter y Twitter es un programa educativo que, usando Twitter como eje conductor, procura la formaci\u00f3n de una ciudadan\u00eda digital responsable con \u00e9nfasis en la prevenci\u00f3n del ciberbullying, el fomento de la cultura de la privacidad y la eliminaci\u00f3n de conductas sexistas, machistas u hom\u00f3fobas. [&hellip;]<\/p>\n","protected":false},"author":1,"featured_media":0,"parent":0,"menu_order":0,"comment_status":"closed","ping_status":"closed","template":"","meta":{"inline_featured_image":false,"footnotes":""},"class_list":["post-7939","page","type-page","status-publish","hentry"],"_links":{"self":[{"href":"https:\/\/www.pantallasamigas.net\/en\/wp-json\/wp\/v2\/pages\/7939","targetHints":{"allow":["GET"]}}],"collection":[{"href":"https:\/\/www.pantallasamigas.net\/en\/wp-json\/wp\/v2\/pages"}],"about":[{"href":"https:\/\/www.pantallasamigas.net\/en\/wp-json\/wp\/v2\/types\/page"}],"author":[{"embeddable":true,"href":"https:\/\/www.pantallasamigas.net\/en\/wp-json\/wp\/v2\/users\/1"}],"replies":[{"embeddable":true,"href":"https:\/\/www.pantallasamigas.net\/en\/wp-json\/wp\/v2\/comments?post=7939"}],"version-history":[{"count":0,"href":"https:\/\/www.pantallasamigas.net\/en\/wp-json\/wp\/v2\/pages\/7939\/revisions"}],"wp:attachment":[{"href":"https:\/\/www.pantallasamigas.net\/en\/wp-json\/wp\/v2\/media?parent=7939"}],"curies":[{"name":"wp","href":"https:\/\/api.w.org\/{rel}","templated":true}]}}