{"id":7949,"date":"2018-05-25T11:26:22","date_gmt":"2018-05-25T09:26:22","guid":{"rendered":"http:\/\/www.pantallasamigas.net\/en\/denuncia-online-org\/"},"modified":"2018-05-25T11:26:22","modified_gmt":"2018-05-25T09:26:22","slug":"denuncia-online-org","status":"publish","type":"page","link":"https:\/\/www.pantallasamigas.net\/en\/denuncia-online-org\/","title":{"rendered":"Denuncia-online.org"},"content":{"rendered":"<p><!DOCTYPE html PUBLIC \"-\/\/W3C\/\/DTD HTML 4.0 Transitional\/\/EN\" \"http:\/\/www.w3.org\/TR\/REC-html40\/loose.dtd\"><br \/>\n<html><body><\/p>\n<td>\n<h2>Web tem\u00e1tico con informaci\u00f3n b\u00e1sica para todos aquellos internautas preocupados por los delitos en la Red<br \/><\/h2>\n<p class=\"tex\">Web con informaci\u00f3n para tener unos recursos iniciales a donde acudir para denunciar las situaciones de riesgos que detecten o sufran directa o indirectamente. Incluye casos, noticias y preguntas-respuestas.<\/p>\n<p><\/p>\n<div align=\"center\"><a href=\"http:\/\/www.ciberbullying.net\" target=\"_blank\" title=\"Noticias, casos, gu\u00eda y test sobre el acoso entre menores mediante Internet y m\u00f3viles\" rel=\"noopener\"><br \/>\n    <\/a><a href=\"http:\/\/www.denuncia-online.org\" target=\"_blank\" title=\"Consejos para denunciar situaciones delictivas y similares en la Red\" rel=\"noopener\"><\/p>\n<p>    <img decoding=\"async\" alt=\"Denuncia-online.org - Consejos para denunciar situaciones delictivas y similares en la Red\" border=\"0\" src=\"http:\/\/www.pantallasamigas.net\/wp-content\/uploads\/2018\/05\/denuncia-online.jpg\"><\/a><\/p><\/div>\n<h3>Temas<br \/>\n  <\/h3>\n<p class=\"tex\">Pederastia, pornograf\u00eda infantil, amenazas, suplantaci\u00f3n de identidad, fraudes, estafas, difamaci\u00f3n, calumnias, ciberbullying, protecci\u00f3n de datos, privacidad, pirater\u00eda inform\u00e1tica, m\u00f3viles,celulares,amenazas, vulneraci\u00f3n de la intimidad,privacidad, otros delitos, fraudes, quejas de consumo, l\u00edneas de ayuda, v\u00eddeojuegos,juegos online,quejas, abusos&#8230;<\/p>\n<p><\/p>\n<div id=\"btn_info\"><a class=\"externo\" href=\"http:\/\/www.denuncia-online.org\" target=\"_blank\" title=\"Consejos para denunciar situaciones delictivas y similares en la Red\" rel=\"noopener\"><br \/>\n      Visita: Denuncia-online.org<\/a><\/div>\n<h3>Blogs<\/h3>\n<ul id=\"enlaces\">\n<li>\n<a class=\"externo\" href=\"http:\/\/www.ciberdelitos.wordpress.com\" target=\"_blank\" title=\"ciberdelitos.wordpress.com\" rel=\"noopener\">ciberdelitos.wordpress.com<\/a><\/p>\n<\/li>\n<\/ul>\n<p><\/p>\n<\/td>\n<p><\/body><\/html><\/p>\n","protected":false},"excerpt":{"rendered":"<p>Web tem\u00e1tico con informaci\u00f3n b\u00e1sica para todos aquellos internautas preocupados por los delitos en la Red Web con informaci\u00f3n para tener unos recursos iniciales a donde acudir para denunciar las situaciones de riesgos que detecten o sufran directa o indirectamente. Incluye casos, noticias y preguntas-respuestas. Temas Pederastia, pornograf\u00eda infantil, amenazas, suplantaci\u00f3n de identidad, fraudes, estafas, [&hellip;]<\/p>\n","protected":false},"author":1,"featured_media":0,"parent":0,"menu_order":0,"comment_status":"closed","ping_status":"closed","template":"","meta":{"inline_featured_image":false,"footnotes":""},"class_list":["post-7949","page","type-page","status-publish","hentry"],"_links":{"self":[{"href":"https:\/\/www.pantallasamigas.net\/en\/wp-json\/wp\/v2\/pages\/7949","targetHints":{"allow":["GET"]}}],"collection":[{"href":"https:\/\/www.pantallasamigas.net\/en\/wp-json\/wp\/v2\/pages"}],"about":[{"href":"https:\/\/www.pantallasamigas.net\/en\/wp-json\/wp\/v2\/types\/page"}],"author":[{"embeddable":true,"href":"https:\/\/www.pantallasamigas.net\/en\/wp-json\/wp\/v2\/users\/1"}],"replies":[{"embeddable":true,"href":"https:\/\/www.pantallasamigas.net\/en\/wp-json\/wp\/v2\/comments?post=7949"}],"version-history":[{"count":0,"href":"https:\/\/www.pantallasamigas.net\/en\/wp-json\/wp\/v2\/pages\/7949\/revisions"}],"wp:attachment":[{"href":"https:\/\/www.pantallasamigas.net\/en\/wp-json\/wp\/v2\/media?parent=7949"}],"curies":[{"name":"wp","href":"https:\/\/api.w.org\/{rel}","templated":true}]}}