{"id":7953,"date":"2018-05-25T11:26:20","date_gmt":"2018-05-25T09:26:20","guid":{"rendered":"http:\/\/www.pantallasamigas.net\/en\/robo-de-identidad-identity-theft-o-id-theft\/"},"modified":"2018-06-08T16:56:02","modified_gmt":"2018-06-08T14:56:02","slug":"robo-de-identidad-identity-theft-o-id-theft","status":"publish","type":"page","link":"https:\/\/www.pantallasamigas.net\/en\/robo-de-identidad-identity-theft-o-id-theft\/","title":{"rendered":"Robo de identidad,\n          identity theft o ID theft"},"content":{"rendered":"<p><!DOCTYPE html PUBLIC \"-\/\/W3C\/\/DTD HTML 4.0 Transitional\/\/EN\" \"http:\/\/www.w3.org\/TR\/REC-html40\/loose.dtd\"><br \/>\n<html><body><\/p>\n<td>\n<h2>La usurpaci\u00f3n de identidad es uno  de los ciberdelitos m\u00e1s comunes y suele tener una finalidad econ\u00f3mica (compra de bienes o contrataci\u00f3n de servicios a cargo de la identidad afectada) o bien un fin relacionado con el ciberacoso y que busca en \u00faltima instancia provocar problemas a la v\u00edctima.<\/h2>\n<p>El hecho de que vivamos buena parte de nuestra vida en el contexto digital hace que nuestra presencia f\u00edsica sea prescindible en muchas ocasiones, tanto en nuestras relaciones personales como en las contrataciones comerciales. Si a ello sumamos cierta falta de cultura de la privacidad y de la ciberseguridad que afecta a la pr\u00e1ctica totalidad la poblaci\u00f3n, tenemos que el hecho de que nuestra identidad sea robada (duplicada, m\u00e1s bien) es m\u00e1s una cuesti\u00f3n de probabilidad que de posibilidad.\n          <\/p>\n<h3 align=\"left\"><img loading=\"lazy\" decoding=\"async\" alt=\"Barra Separadora\" height=\"16\" src=\"\" width=\"570\"><\/h3>\n<h3 align=\"left\"> Webs\/Blogs relacionados<\/h3>\n<ul id=\"enlaces\">\n<li><a class=\"externo\" href=\"http:\/\/www.proteccionprivacidad.com\" target=\"_blank\" rel=\"noopener\">www.proteccionprivacidad.com<\/a><\/li>\n<li><a class=\"externo\" href=\"http:\/\/www.prevencionciberbullying.com\" target=\"_blank\" rel=\"noopener\">www.prevencionciberbullying.com<\/a><\/li>\n<\/ul>\n<\/td>\n<p><\/body><\/html><\/p>\n","protected":false},"excerpt":{"rendered":"<p>La usurpaci\u00f3n de identidad es uno de los ciberdelitos m\u00e1s comunes y suele tener una finalidad econ\u00f3mica (compra de bienes o contrataci\u00f3n de servicios a cargo de la identidad afectada) o bien un fin relacionado con el ciberacoso y que busca en \u00faltima instancia provocar problemas a la v\u00edctima. El hecho de que vivamos buena [&hellip;]<\/p>\n","protected":false},"author":1,"featured_media":0,"parent":0,"menu_order":0,"comment_status":"closed","ping_status":"closed","template":"","meta":{"inline_featured_image":false,"footnotes":""},"class_list":["post-7953","page","type-page","status-publish","hentry"],"_links":{"self":[{"href":"https:\/\/www.pantallasamigas.net\/en\/wp-json\/wp\/v2\/pages\/7953","targetHints":{"allow":["GET"]}}],"collection":[{"href":"https:\/\/www.pantallasamigas.net\/en\/wp-json\/wp\/v2\/pages"}],"about":[{"href":"https:\/\/www.pantallasamigas.net\/en\/wp-json\/wp\/v2\/types\/page"}],"author":[{"embeddable":true,"href":"https:\/\/www.pantallasamigas.net\/en\/wp-json\/wp\/v2\/users\/1"}],"replies":[{"embeddable":true,"href":"https:\/\/www.pantallasamigas.net\/en\/wp-json\/wp\/v2\/comments?post=7953"}],"version-history":[{"count":1,"href":"https:\/\/www.pantallasamigas.net\/en\/wp-json\/wp\/v2\/pages\/7953\/revisions"}],"predecessor-version":[{"id":7956,"href":"https:\/\/www.pantallasamigas.net\/en\/wp-json\/wp\/v2\/pages\/7953\/revisions\/7956"}],"wp:attachment":[{"href":"https:\/\/www.pantallasamigas.net\/en\/wp-json\/wp\/v2\/media?parent=7953"}],"curies":[{"name":"wp","href":"https:\/\/api.w.org\/{rel}","templated":true}]}}