{"id":7984,"date":"2018-05-25T11:25:57","date_gmt":"2018-05-25T09:25:57","guid":{"rendered":"http:\/\/www.pantallasamigas.net\/en\/etiquetas-sin-problemas\/"},"modified":"2018-05-25T11:25:57","modified_gmt":"2018-05-25T09:25:57","slug":"etiquetas-sin-problemas","status":"publish","type":"page","link":"https:\/\/www.pantallasamigas.net\/en\/etiquetas-sin-problemas\/","title":{"rendered":"Etiquetas sin Problemas"},"content":{"rendered":"<p><!DOCTYPE html PUBLIC \"-\/\/W3C\/\/DTD HTML 4.0 Transitional\/\/EN\" \"http:\/\/www.w3.org\/TR\/REC-html40\/loose.dtd\"><br \/>\n<html><body><\/p>\n<td>\n<h2>Recurso did\u00e1ctico audiovisual online para el fomento de la cultura de la privacidad y la promoci\u00f3n de un uso responsable del etiquetado de im\u00e1genes en las redes sociales<\/h2>\n<p>Poner una etiqueta es algo mucho m\u00e1s relevante que identificar a un alguien en una fotograf\u00eda, significa comunicar a un conjunto indeterminado de personas que hay una nueva imagen (con su contexto, protagonistas, significaci\u00f3n\u2026) en la que aparece alguien plenamente identificado en el contexto de la red social. Es llamar la atenci\u00f3n sobre esa persona y esa situaci\u00f3n, para bien o para mal, con la colaboraci\u00f3n de la red social en su difusi\u00f3n y sin la certeza de que quien es etiquetado est\u00e1 conforme o conoce la existencia de la etiqueta.<\/p>\n<h3>Esta website did\u00e1ctico incluye:<\/h3>\n<table border=\"0\" cellpadding=\"0\" cellspacing=\"0\" width=\"100%\">\n<tr>\n<td><img decoding=\"async\" border=\"0\" src=\"http:\/\/www.pantallasamigas.net\/wp-content\/uploads\/2018\/05\/mockup-etiquetas-sin-problemas.jpg\"><br style=\"margin-bottom:10px;\"><\/td>\n<td width=\"20\">\u00a0<\/td>\n<td>\n<ol>\n<li>\n<p>Informaci\u00f3n y conceptos.<\/p>\n<\/li>\n<li>\n<p>Preguntas y respuestas.<\/p>\n<\/li>\n<li>\n<p>Animaciones. <\/p>\n<\/li>\n<li>\n<p>Problemas SIN intenci\u00f3n. <\/p>\n<\/li>\n<li>\n<p>Problemas CON intenci\u00f3n. <\/p>\n<\/li>\n<li>\n<p>Recursos, &#8230; <\/p>\n<\/li>\n<\/ol>\n<\/td>\n<\/tr>\n<\/table>\n<p><img loading=\"lazy\" decoding=\"async\" alt=\"Barra Separadora\" height=\"16\" src=\"\" width=\"570\"><\/p>\n<p> En este website, eminentemente audiovisual, se explican con historias animadas en qu\u00e9 situaciones el etiquetado puede causar da\u00f1o por error, casualidad, descuido\u2026 o de forma premeditada. En, en definitiva, un recurso para reflexionar sobre lo sencillo que en ocasiones resulta afectar la privacidad propia o ajena.<\/p>\n<p><\/p>\n<div id=\"btn_info\"><a href=\"http:\/\/www.etiquetassinproblemas.com\" target=\"_blank\" rel=\"noopener\">Visita la web EtiquetasSinProblemas.com<\/a><\/div>\n<p><\/p>\n<div id=\"btn_info\"><a href=\"http:\/\/www.etiquetassinpermisono.com\" target=\"_blank\" rel=\"noopener\">Ver tambi\u00e9n EtiquetasSinPermisoNo.com<\/a><\/div>\n<p><\/p>\n<div id=\"btn_info\"><a href=\"http:\/\/www.pantallasamigas.net\/contacto-2\/\">Para saber m\u00e1s<\/a><\/div>\n<\/td>\n<p><\/body><\/html><\/p>\n","protected":false},"excerpt":{"rendered":"<p>Recurso did\u00e1ctico audiovisual online para el fomento de la cultura de la privacidad y la promoci\u00f3n de un uso responsable del etiquetado de im\u00e1genes en las redes sociales Poner una etiqueta es algo mucho m\u00e1s relevante que identificar a un alguien en una fotograf\u00eda, significa comunicar a un conjunto indeterminado de personas que hay una [&hellip;]<\/p>\n","protected":false},"author":1,"featured_media":0,"parent":0,"menu_order":0,"comment_status":"closed","ping_status":"closed","template":"","meta":{"inline_featured_image":false,"footnotes":""},"class_list":["post-7984","page","type-page","status-publish","hentry"],"_links":{"self":[{"href":"https:\/\/www.pantallasamigas.net\/en\/wp-json\/wp\/v2\/pages\/7984","targetHints":{"allow":["GET"]}}],"collection":[{"href":"https:\/\/www.pantallasamigas.net\/en\/wp-json\/wp\/v2\/pages"}],"about":[{"href":"https:\/\/www.pantallasamigas.net\/en\/wp-json\/wp\/v2\/types\/page"}],"author":[{"embeddable":true,"href":"https:\/\/www.pantallasamigas.net\/en\/wp-json\/wp\/v2\/users\/1"}],"replies":[{"embeddable":true,"href":"https:\/\/www.pantallasamigas.net\/en\/wp-json\/wp\/v2\/comments?post=7984"}],"version-history":[{"count":0,"href":"https:\/\/www.pantallasamigas.net\/en\/wp-json\/wp\/v2\/pages\/7984\/revisions"}],"wp:attachment":[{"href":"https:\/\/www.pantallasamigas.net\/en\/wp-json\/wp\/v2\/media?parent=7984"}],"curies":[{"name":"wp","href":"https:\/\/api.w.org\/{rel}","templated":true}]}}