{"id":7999,"date":"2018-05-25T11:25:36","date_gmt":"2018-05-25T09:25:36","guid":{"rendered":"http:\/\/www.pantallasamigas.net\/en\/cuidado-con-la-webcam\/"},"modified":"2018-06-29T16:47:29","modified_gmt":"2018-06-29T14:47:29","slug":"cuidado-con-la-webcam","status":"publish","type":"page","link":"https:\/\/www.pantallasamigas.net\/en\/cuidado-con-la-webcam\/","title":{"rendered":"Cuidado con la Webcam"},"content":{"rendered":"<p><!DOCTYPE html PUBLIC \"-\/\/W3C\/\/DTD HTML 4.0 Transitional\/\/EN\" \"http:\/\/www.w3.org\/TR\/REC-html40\/loose.dtd\"><br \/>\n<html><body><\/p>\n<td>\n<h2>Recurso did\u00e1ctico audiovisual para la prevenci\u00f3n de los riesgos asociados al uso imprudente de la webcam y a la presencia de malware<\/h2>\n<p>La webcam ayuda a realizar comunicaciones m\u00e1s personales. Sin embargo, el hecho de que est\u00e9 instalada en los equipos port\u00e1tiles puede dar lugar a determinados problemas como son el robo de im\u00e1genes \u00edntimas mediante malware o la realizaci\u00f3n de acciones imprudentes por la inmediatez del dispositivo.<\/p>\n<h3>Esta website did\u00e1ctico incluye constituyendo un completo recurso educativo:<\/h3>\n<table border=\"0\" cellpadding=\"0\" cellspacing=\"0\" width=\"100%\">\n<tr>\n<td><img decoding=\"async\" border=\"0\" src=\"http:\/\/www.pantallasamigas.net\/wp-content\/uploads\/2018\/05\/mockup-ordenador-cuidado-webcam.jpg\"><br style=\"margin-bottom:10px;\"><\/td>\n<td width=\"20\">\u00a0<\/td>\n<td>\n<ol>\n<li>\n                    V\u00eddeos did\u00e1cticos\n                  <\/li>\n<li>\n                    Ejemplos\n                  <\/li>\n<li>\n                    Recomendaciones\n                  <\/li>\n<li>\n                    Noticias\n                  <\/li>\n<li>\n                    Consejos, &#8230;\n                  <\/li>\n<\/ol>\n<\/td>\n<\/tr>\n<\/table>\n<p><img loading=\"lazy\" decoding=\"async\" alt=\"Barra Separadora\" height=\"16\" src=\"\" width=\"570\"><\/p>\n<p> Muchos casos relacionados con el grooming (ciberacoso sexual a menores) o con la sextorsi\u00f3n han tenido un punto de origen en im\u00e1genes de la webcam, obtenidas mediante robo o inducidas por enga\u00f1o.<\/p>\n<p><\/p>\n<div id=\"btn_info\"><a href=\"http:\/\/www.cuidadoconlawebcam.com\" target=\"_blank\" rel=\"noopener\">Visita la web cuidadoconlawebcam.com<\/a><\/div>\n<p><\/p>\n<div id=\"btn_info\"><a href=\"http:\/\/www.pantallasamigas.net\/contacto-2\/\">Para saber m\u00e1s<\/a><\/div>\n<\/td>\n<p><\/body><\/html><\/p>\n","protected":false},"excerpt":{"rendered":"<p>Recurso did\u00e1ctico audiovisual para la prevenci\u00f3n de los riesgos asociados al uso imprudente de la webcam y a la presencia de malware La webcam ayuda a realizar comunicaciones m\u00e1s personales. Sin embargo, el hecho de que est\u00e9 instalada en los equipos port\u00e1tiles puede dar lugar a determinados problemas como son el robo de im\u00e1genes \u00edntimas [&hellip;]<\/p>\n","protected":false},"author":1,"featured_media":0,"parent":0,"menu_order":0,"comment_status":"closed","ping_status":"closed","template":"","meta":{"inline_featured_image":false,"footnotes":""},"class_list":["post-7999","page","type-page","status-publish","hentry"],"_links":{"self":[{"href":"https:\/\/www.pantallasamigas.net\/en\/wp-json\/wp\/v2\/pages\/7999","targetHints":{"allow":["GET"]}}],"collection":[{"href":"https:\/\/www.pantallasamigas.net\/en\/wp-json\/wp\/v2\/pages"}],"about":[{"href":"https:\/\/www.pantallasamigas.net\/en\/wp-json\/wp\/v2\/types\/page"}],"author":[{"embeddable":true,"href":"https:\/\/www.pantallasamigas.net\/en\/wp-json\/wp\/v2\/users\/1"}],"replies":[{"embeddable":true,"href":"https:\/\/www.pantallasamigas.net\/en\/wp-json\/wp\/v2\/comments?post=7999"}],"version-history":[{"count":1,"href":"https:\/\/www.pantallasamigas.net\/en\/wp-json\/wp\/v2\/pages\/7999\/revisions"}],"predecessor-version":[{"id":12272,"href":"https:\/\/www.pantallasamigas.net\/en\/wp-json\/wp\/v2\/pages\/7999\/revisions\/12272"}],"wp:attachment":[{"href":"https:\/\/www.pantallasamigas.net\/en\/wp-json\/wp\/v2\/media?parent=7999"}],"curies":[{"name":"wp","href":"https:\/\/api.w.org\/{rel}","templated":true}]}}