{"id":8025,"date":"2018-05-25T11:24:59","date_gmt":"2018-05-25T09:24:59","guid":{"rendered":"http:\/\/www.pantallasamigas.net\/en\/el-ayto-de-santa-cruz-de-tenerife-cuenta-con-pantallasamigas-para-promover-un-uso-seguro-de-la-red\/"},"modified":"2018-06-08T16:58:39","modified_gmt":"2018-06-08T14:58:39","slug":"el-ayto-de-santa-cruz-de-tenerife-cuenta-con-pantallasamigas-para-promover-un-uso-seguro-de-la-red","status":"publish","type":"page","link":"https:\/\/www.pantallasamigas.net\/en\/el-ayto-de-santa-cruz-de-tenerife-cuenta-con-pantallasamigas-para-promover-un-uso-seguro-de-la-red\/","title":{"rendered":"El Ayto. de Santa Cruz de Tenerife cuenta con PantallasAmigas para promover un uso seguro de la Red"},"content":{"rendered":"<p><!DOCTYPE html PUBLIC \"-\/\/W3C\/\/DTD HTML 4.0 Transitional\/\/EN\" \"http:\/\/www.w3.org\/TR\/REC-html40\/loose.dtd\"><br \/>\n<html><body><\/p>\n<td>\n<h2>M\u00e1s de 500 menores recibieron una sesi\u00f3n pr\u00e1ctica sobre c\u00f3mo evitar los peligros de Internet<\/h2>\n<div align=\"right\">\n<h2>Mayo 2008<\/h2>\n<\/div>\n<div class=\"tex\">\n<p>El Ayuntamiento de Santa Cruz, a trav\u00e9s de la Concejal\u00eda de Recursos Humanos, Calidad y Tecnolog\u00eda que dirige D\u00aa Bego\u00f1a Ortiz, coincidiendo con el D\u00eda de Internet, puso en marcha sesiones de sensibilizaci\u00f3n y formaci\u00f3n sobre el uso seguro de Internet en cinco centros educativos de la capital entre los d\u00edas 19 y 23 de Mayo.<\/p>\n<p>Las sesiones fueron dirigidas a los dos \u00faltimos ciclos de Educaci\u00f3n Primaria y tienen como objetivo que los menores conozcan de primera mano qu\u00e9 riesgos pueden encontrase en la Red y, sobre todo, c\u00f3mo evitarlos. <\/p>\n<p>Asimismo, en dos colegios se celebraron charlas para profesorado y padres, de manera que tambi\u00e9n los adultos pudieran conocer en detalle cu\u00e1les son los riesgos y la manera en la que pueden contribuir a evitarlos. <\/p>\n<p>Por \u00faltimo, de forma complementaria se editaron dos materiales que fueron distribuidos entre la poblaci\u00f3n, de manera que la intervenci\u00f3n contin\u00fae en el tiempo y llegue, siquiera por este medio, al mayor n\u00famero de personas posibles. Por un lado, una gu\u00eda para adultos sobre los riesgos de Internet titulada &#8220;Internet con los menores riesgos&#8221;, elaborada por la experta estadounidense Parry Aftab. Por otro lado, el pack multimedia educativo &#8220;Las Diez Claves para usar Internet con seguridad&#8221; que se compone de un CD-ROM para los menores y de una gu\u00eda abreviada para los adultos. <\/p>\n<p>La Red es un extraordinario aliado para la formaci\u00f3n y la educaci\u00f3n de ni\u00f1os y ni\u00f1as y, en la sociedad actual, es algo irrenunciable. Sin embargo, el consistorio sabe que tambi\u00e9n hay peligros que, en determinadas circunstancias, pueden traer graves consecuencias como las que se derivan de situaciones de Ciberbullying (o acoso entre iguales usando las nuevas tecnolog\u00edas) o Grooming (estrategia de acecho a menores por parte de adultos con intenciones de \u00edndole sexual). <\/p>\n<\/p><\/div>\n<\/td>\n<p><\/body><\/html><\/p>\n","protected":false},"excerpt":{"rendered":"<p>M\u00e1s de 500 menores recibieron una sesi\u00f3n pr\u00e1ctica sobre c\u00f3mo evitar los peligros de Internet Mayo 2008 El Ayuntamiento de Santa Cruz, a trav\u00e9s de la Concejal\u00eda de Recursos Humanos, Calidad y Tecnolog\u00eda que dirige D\u00aa Bego\u00f1a Ortiz, coincidiendo con el D\u00eda de Internet, puso en marcha sesiones de sensibilizaci\u00f3n y formaci\u00f3n sobre el uso [&hellip;]<\/p>\n","protected":false},"author":1,"featured_media":0,"parent":0,"menu_order":0,"comment_status":"closed","ping_status":"closed","template":"","meta":{"inline_featured_image":false,"footnotes":""},"class_list":["post-8025","page","type-page","status-publish","hentry"],"_links":{"self":[{"href":"https:\/\/www.pantallasamigas.net\/en\/wp-json\/wp\/v2\/pages\/8025","targetHints":{"allow":["GET"]}}],"collection":[{"href":"https:\/\/www.pantallasamigas.net\/en\/wp-json\/wp\/v2\/pages"}],"about":[{"href":"https:\/\/www.pantallasamigas.net\/en\/wp-json\/wp\/v2\/types\/page"}],"author":[{"embeddable":true,"href":"https:\/\/www.pantallasamigas.net\/en\/wp-json\/wp\/v2\/users\/1"}],"replies":[{"embeddable":true,"href":"https:\/\/www.pantallasamigas.net\/en\/wp-json\/wp\/v2\/comments?post=8025"}],"version-history":[{"count":1,"href":"https:\/\/www.pantallasamigas.net\/en\/wp-json\/wp\/v2\/pages\/8025\/revisions"}],"predecessor-version":[{"id":8028,"href":"https:\/\/www.pantallasamigas.net\/en\/wp-json\/wp\/v2\/pages\/8025\/revisions\/8028"}],"wp:attachment":[{"href":"https:\/\/www.pantallasamigas.net\/en\/wp-json\/wp\/v2\/media?parent=8025"}],"curies":[{"name":"wp","href":"https:\/\/api.w.org\/{rel}","templated":true}]}}