{"id":8037,"date":"2018-05-25T11:24:37","date_gmt":"2018-05-25T09:24:37","guid":{"rendered":"http:\/\/www.pantallasamigas.net\/en\/etiquetas-sin-permiso-no\/"},"modified":"2018-06-08T16:59:07","modified_gmt":"2018-06-08T14:59:07","slug":"etiquetas-sin-permiso-no","status":"publish","type":"page","link":"https:\/\/www.pantallasamigas.net\/en\/etiquetas-sin-permiso-no\/","title":{"rendered":"Etiquetas sin permiso NO"},"content":{"rendered":"<p><!DOCTYPE html PUBLIC \"-\/\/W3C\/\/DTD HTML 4.0 Transitional\/\/EN\" \"http:\/\/www.w3.org\/TR\/REC-html40\/loose.dtd\"><br \/>\n<html><body><\/p>\n<td>\n<h2>Campa\u00f1a para solicitar una gesti\u00f3n de las etiquetas m\u00e1s respetuosa con la privacidad por parte de las redes sociales<\/h2>\n<p align=\"left\">Poner una etiqueta es convertir un conjunto de puntos (pixels) en un dato personal mediante la sencilla acci\u00f3n de ligar una superficie de una fotograf\u00eda a la identidad en la red social de esa persona. Esta forma de abandonar el anonimato no viene tanto por dejar de ser irreconocible sino porque desde ese momento la red social \u201cagitar\u00e1\u201d esa asignaci\u00f3n para que sea vista y compartida. El problema es que quien pone las etiquetas lo hace sobre personas a las que no ha solicitado permiso. Por ello, tanto por cuestiones de protecci\u00f3n de privacidad como para evitar posibles casos de ciberacoso lo l\u00f3gico es que antes de que una etiqueta sea publicada le sea solicitado a quien es identificado en ella un permiso PREVIO y EXPL\u00cdCITO.<\/p>\n<div align=\"center\" style=\"margin-top:20px; margin-bottom:20px;\">\n              <iframe loading=\"lazy\" allowfullscreen=\"\" frameborder=\"0\" height=\"321\" src=\"\/\/www.youtube.com\/embed\/ujSEm-KmrmE?rel=0\" width=\"571\"><\/iframe>\n\t\t    <\/div>\n<p align=\"center\"><img loading=\"lazy\" decoding=\"async\" alt=\"Barra Separadora\" height=\"16\" src=\"\" width=\"570\"><\/p>\n<table border=\"0\" cellpadding=\"0\" cellspacing=\"0\" width=\"100%\">\n<tr>\n<td><img decoding=\"async\" border=\"0\" src=\"http:\/\/www.pantallasamigas.net\/wp-content\/uploads\/2018\/05\/mockup-ordenador-etiquetas-NO.jpg\"><br style=\"margin-bottom:10px;\"><\/td>\n<td width=\"20\">\u00a0<\/td>\n<td>\n<p>Se trata de un sencillo web que con diversos v\u00eddeos ilustra c\u00f3mo en muchas ocasiones las redes sociales no muestran con la suficiente claridad los efectos del etiquetado y que, por esta raz\u00f3n y otras muchas, deben velar por un uso consciente y consentido del mismo.<\/p>\n<\/td>\n<\/tr>\n<\/table>\n<p align=\"center\"><img loading=\"lazy\" decoding=\"async\" alt=\"Barra Separadora\" height=\"16\" src=\"\" width=\"570\"><\/p>\n<h3>Objetivo<\/h3>\n<p>Es doble, por un lado, aumentar el grado de privacidad de las personas as\u00ed como el control sobre la informaci\u00f3n que les es atribuida y, por otro, disminuir las posibilidades de realizar o sufrir ciberbullying en las Redes Sociales.<\/p>\n<p><strong>Para ello es preciso incidir sobre los dos elementos intervinientes:<\/strong><\/p>\n<ol>\n<li>\n<p>Las empresas responsables de redes sociales online, que gestionan los permisos de privacidad y etiquetado en su seno.<\/p>\n<\/li>\n<li>\n<p>Los\/as usuarios\/as de esas redes sociales, para que tomen conciencia del alcance de las consecuencias que pueden generar las etiquetas, tanto propias como ajenas.<\/p>\n<\/li>\n<\/ol>\n<p><\/p>\n<div id=\"btn_info\"><a href=\"http:\/\/www.etiquetassinpermisono.com\" target=\"_blank\" rel=\"noopener\">Visita la web EtiquetasSinPermisoNo.com<\/a><\/div>\n<p><\/p>\n<div id=\"btn_info\"><a href=\"http:\/\/www.etiquetassinproblemas.com\" target=\"_blank\" rel=\"noopener\">Ver tambi\u00e9n EtiquetasSinProblemas.com<\/a><\/div>\n<p><\/p>\n<div id=\"btn_info\"><a href=\"http:\/\/www.pantallasamigas.net\/contacto-2\/\">Para saber m\u00e1s<\/a><\/div>\n<\/td>\n<p><\/body><\/html><\/p>\n","protected":false},"excerpt":{"rendered":"<p>Campa\u00f1a para solicitar una gesti\u00f3n de las etiquetas m\u00e1s respetuosa con la privacidad por parte de las redes sociales Poner una etiqueta es convertir un conjunto de puntos (pixels) en un dato personal mediante la sencilla acci\u00f3n de ligar una superficie de una fotograf\u00eda a la identidad en la red social de esa persona. Esta [&hellip;]<\/p>\n","protected":false},"author":1,"featured_media":0,"parent":0,"menu_order":0,"comment_status":"closed","ping_status":"closed","template":"","meta":{"inline_featured_image":false,"footnotes":""},"class_list":["post-8037","page","type-page","status-publish","hentry"],"_links":{"self":[{"href":"https:\/\/www.pantallasamigas.net\/en\/wp-json\/wp\/v2\/pages\/8037","targetHints":{"allow":["GET"]}}],"collection":[{"href":"https:\/\/www.pantallasamigas.net\/en\/wp-json\/wp\/v2\/pages"}],"about":[{"href":"https:\/\/www.pantallasamigas.net\/en\/wp-json\/wp\/v2\/types\/page"}],"author":[{"embeddable":true,"href":"https:\/\/www.pantallasamigas.net\/en\/wp-json\/wp\/v2\/users\/1"}],"replies":[{"embeddable":true,"href":"https:\/\/www.pantallasamigas.net\/en\/wp-json\/wp\/v2\/comments?post=8037"}],"version-history":[{"count":1,"href":"https:\/\/www.pantallasamigas.net\/en\/wp-json\/wp\/v2\/pages\/8037\/revisions"}],"predecessor-version":[{"id":8040,"href":"https:\/\/www.pantallasamigas.net\/en\/wp-json\/wp\/v2\/pages\/8037\/revisions\/8040"}],"wp:attachment":[{"href":"https:\/\/www.pantallasamigas.net\/en\/wp-json\/wp\/v2\/media?parent=8037"}],"curies":[{"name":"wp","href":"https:\/\/api.w.org\/{rel}","templated":true}]}}