{"id":8042,"date":"2018-05-25T11:24:36","date_gmt":"2018-05-25T09:24:36","guid":{"rendered":"http:\/\/www.pantallasamigas.net\/en\/redes-sociales-2\/"},"modified":"2019-01-22T10:55:44","modified_gmt":"2019-01-22T09:55:44","slug":"redes-sociales","status":"publish","type":"page","link":"https:\/\/www.pantallasamigas.net\/en\/redes-sociales\/","title":{"rendered":"Redes sociales"},"content":{"rendered":"<h2>Las redes sociales, seguidas a cierta distancia de los juegos online multijugador, son el nuevo contexto relacional online de los adolescentes<\/h2>\n<div align=\"center\"><img decoding=\"async\" title=\"Redes Sociales en Internet\" src=\"http:\/\/www.pantallasamigas.net\/wp-content\/uploads\/2018\/05\/redes-sociales.png\" alt=\"Ilustraci\u00f3n con logotipos de redes sociales online\" border=\"0\" \/><\/div>\n<p>&nbsp;<\/p>\n<div class=\"tex\">\n<p>En su seno encuentran respuesta a la mayor\u00eda de sus inquietudes. Aunque algunos incidentes han venido a poner estos espacios en entredicho, no han reportado nuevos riesgos puesto que no son sino una concreci\u00f3n de la propia Red Internet. Sin embargo, tambi\u00e9n es cierto que el desarrollo vertiginoso que han tenido, junto con algunas opciones de uso que no contemplan el inter\u00e9s superior del menor, han supuesto que se conviertan en protagonistas de sucesos relacionados de forma prioritaria con las amenazas a la privacidad y el ciberbullying.<\/p>\n<div>\n<div id=\"btn_info\"><a class=\"externo\" title=\"Las redes sociales, nuevo contexto relacional online de los adolescentes.\" href=\"http:\/\/seguridad-redes-sociales.blogspot.com\" target=\"_blank\" rel=\"noopener\"><br \/>\nVisita: seguridad-redes-sociales.blogspot.com<\/a><\/div>\n<p>&nbsp;<\/p>\n<h3>Otros relacionados<\/h3>\n<ul id=\"enlaces\">\n<li><a href=\"http:\/\/www.pantallasamigas.net\/seguridad-en-las-redes-sociales\/\"><strong>Art\u00edculo:<\/strong> Seguridad y redes sociales \u00bfQu\u00e9 hay de nuevo?<\/a><\/li>\n<\/ul>\n<\/div>\n<\/div>\n","protected":false},"excerpt":{"rendered":"<p>Las redes sociales, seguidas a cierta distancia de los juegos online multijugador, son el nuevo contexto relacional online de los adolescentes &nbsp; En su seno encuentran respuesta a la mayor\u00eda de sus inquietudes. Aunque algunos incidentes han venido a poner estos espacios en entredicho, no han reportado nuevos riesgos puesto que no son sino una [&hellip;]<\/p>\n","protected":false},"author":1,"featured_media":0,"parent":0,"menu_order":0,"comment_status":"closed","ping_status":"closed","template":"","meta":{"inline_featured_image":false,"footnotes":""},"class_list":["post-8042","page","type-page","status-publish","hentry"],"_links":{"self":[{"href":"https:\/\/www.pantallasamigas.net\/en\/wp-json\/wp\/v2\/pages\/8042","targetHints":{"allow":["GET"]}}],"collection":[{"href":"https:\/\/www.pantallasamigas.net\/en\/wp-json\/wp\/v2\/pages"}],"about":[{"href":"https:\/\/www.pantallasamigas.net\/en\/wp-json\/wp\/v2\/types\/page"}],"author":[{"embeddable":true,"href":"https:\/\/www.pantallasamigas.net\/en\/wp-json\/wp\/v2\/users\/1"}],"replies":[{"embeddable":true,"href":"https:\/\/www.pantallasamigas.net\/en\/wp-json\/wp\/v2\/comments?post=8042"}],"version-history":[{"count":1,"href":"https:\/\/www.pantallasamigas.net\/en\/wp-json\/wp\/v2\/pages\/8042\/revisions"}],"predecessor-version":[{"id":14789,"href":"https:\/\/www.pantallasamigas.net\/en\/wp-json\/wp\/v2\/pages\/8042\/revisions\/14789"}],"wp:attachment":[{"href":"https:\/\/www.pantallasamigas.net\/en\/wp-json\/wp\/v2\/media?parent=8042"}],"curies":[{"name":"wp","href":"https:\/\/api.w.org\/{rel}","templated":true}]}}