{"id":8059,"date":"2018-05-25T11:23:58","date_gmt":"2018-05-25T09:23:58","guid":{"rendered":"http:\/\/www.pantallasamigas.net\/en\/celebrada-la-jornada-riesgos-de-internet-y-proteccion-de-la-infancia\/"},"modified":"2018-05-25T11:23:58","modified_gmt":"2018-05-25T09:23:58","slug":"celebrada-la-jornada-riesgos-de-internet-y-proteccion-de-la-infancia","status":"publish","type":"page","link":"https:\/\/www.pantallasamigas.net\/en\/celebrada-la-jornada-riesgos-de-internet-y-proteccion-de-la-infancia\/","title":{"rendered":"Celebrada la jornada &#8220;Riesgos de Internet y Protecci\u00f3n de la Infancia&#8221;"},"content":{"rendered":"<p><!DOCTYPE html PUBLIC \"-\/\/W3C\/\/DTD HTML 4.0 Transitional\/\/EN\" \"http:\/\/www.w3.org\/TR\/REC-html40\/loose.dtd\"><br \/>\n<html><body><\/p>\n<td>\n<h2>Cont\u00f3 con la presencia del experto en adicciones tecnol\u00f3gicas, Dr. Jes\u00fas J. De la G\u00e1ndara.<\/h2>\n<div align=\"right\">\n<h2>Noviembre 2007<\/h2>\n<\/div>\n<div class=\"tex\">\n<p><img decoding=\"async\" alt=\"Foto del p\u00fablico asistente a la jornada Riesgos de Internet y Protecci\u00f3n de la Infancia\" hspace=\"10\" src=\"http:\/\/www.pantallasamigas.net\/wp-content\/uploads\/2018\/05\/celebrada-la-jornada-riesgos-de-internet-y-protecciF3n-de-la-infancia-noviembre-2007.jpg\" style=\"float: right;\" title=\"Mesa formada por Juan Carlos Melero (Director de Prevenci\u00f3n de EDEX), Juan F\u00e9lix Madariaga (Director de Acci\u00f3n Social del Ayuntamiento de Bilbao), Dr. de la G\u00e1ndara (especialista en tecnoadicciones) y Jorge Flores (PantallasAmigas)\">Con motivo del D\u00eda Internacional de la Infancia, y con el apoyo de la Concejal\u00eda de Bienestar del Ayuntamiento de Bilbao, EDEX celebr\u00f3 la jornada &#8220;Riesgos de Internet y Protecci\u00f3n de la Infancia&#8221;. Cont\u00f3 con la colaboraci\u00f3n de PantallasAmigas, que dibuj\u00f3 un panorama general sobre los peligros que en la Red pueden afectar a los menores y con el experto en tecnoadicci\u00f3n Dr. De la G\u00e1ndara, Jefe de Servicio de Psiquiatr\u00eda del Complejo Asistencial de Burgos.<\/p>\n<\/p><\/div>\n<\/td>\n<p><\/body><\/html><\/p>\n","protected":false},"excerpt":{"rendered":"<p>Cont\u00f3 con la presencia del experto en adicciones tecnol\u00f3gicas, Dr. Jes\u00fas J. De la G\u00e1ndara. Noviembre 2007 Con motivo del D\u00eda Internacional de la Infancia, y con el apoyo de la Concejal\u00eda de Bienestar del Ayuntamiento de Bilbao, EDEX celebr\u00f3 la jornada &#8220;Riesgos de Internet y Protecci\u00f3n de la Infancia&#8221;. Cont\u00f3 con la colaboraci\u00f3n de [&hellip;]<\/p>\n","protected":false},"author":1,"featured_media":0,"parent":0,"menu_order":0,"comment_status":"closed","ping_status":"closed","template":"","meta":{"inline_featured_image":false,"footnotes":""},"class_list":["post-8059","page","type-page","status-publish","hentry"],"_links":{"self":[{"href":"https:\/\/www.pantallasamigas.net\/en\/wp-json\/wp\/v2\/pages\/8059","targetHints":{"allow":["GET"]}}],"collection":[{"href":"https:\/\/www.pantallasamigas.net\/en\/wp-json\/wp\/v2\/pages"}],"about":[{"href":"https:\/\/www.pantallasamigas.net\/en\/wp-json\/wp\/v2\/types\/page"}],"author":[{"embeddable":true,"href":"https:\/\/www.pantallasamigas.net\/en\/wp-json\/wp\/v2\/users\/1"}],"replies":[{"embeddable":true,"href":"https:\/\/www.pantallasamigas.net\/en\/wp-json\/wp\/v2\/comments?post=8059"}],"version-history":[{"count":0,"href":"https:\/\/www.pantallasamigas.net\/en\/wp-json\/wp\/v2\/pages\/8059\/revisions"}],"wp:attachment":[{"href":"https:\/\/www.pantallasamigas.net\/en\/wp-json\/wp\/v2\/media?parent=8059"}],"curies":[{"name":"wp","href":"https:\/\/api.w.org\/{rel}","templated":true}]}}