{"id":8066,"date":"2018-05-25T11:23:55","date_gmt":"2018-05-25T09:23:55","guid":{"rendered":"http:\/\/www.pantallasamigas.net\/en\/pantallasamigas-participa-en-la-jornada-buen-uso-de-las-tecnologias\/"},"modified":"2018-05-25T11:23:55","modified_gmt":"2018-05-25T09:23:55","slug":"pantallasamigas-participa-en-la-jornada-buen-uso-de-las-tecnologias","status":"publish","type":"page","link":"https:\/\/www.pantallasamigas.net\/en\/pantallasamigas-participa-en-la-jornada-buen-uso-de-las-tecnologias\/","title":{"rendered":"PantallasAmigas participa en la jornada &#8220;Buen Uso de las Tecnolog\u00edas&#8221;"},"content":{"rendered":"<p><!DOCTYPE html PUBLIC \"-\/\/W3C\/\/DTD HTML 4.0 Transitional\/\/EN\" \"http:\/\/www.w3.org\/TR\/REC-html40\/loose.dtd\"><br \/>\n<html><body><\/p>\n<td>\n<h2>La &#8220;Jornada de Buenas Pr\u00e1cticas para la Infancia y Adolescencia en el Uso de las Nuevas Tecnolog\u00edas&#8221; sirve para difundir las mejores experiencias<\/h2>\n<div align=\"right\">\n<h2>Octubre 2008<\/h2>\n<\/div>\n<div class=\"tex\">\n<p><img decoding=\"async\" alt=\"Los participantes en la Jornada de Buenas Pr\u00e1cticas para la Infancia y Adolescencia en el Uso de las Nuevas Tecnolog\u00edas\" hspace=\"10\" src=\"http:\/\/www.pantallasamigas.net\/wp-content\/uploads\/2018\/05\/pantallasamigas-participa-en-la-Jornada-de-buenas-practicas-en-el-Uso-de-las-tecnologias-octubre-2008.jpg\" style=\"float: right;\" title=\"Jorge Flores Fern\u00e1ndez, de PantallasAmigas, en la jornada organizada por el Ministerio de Industria, Turismo y Comercio\">Ha<br \/>\n                            sido organizada por el Ministerio de Industria, Turismo<br \/>\n                            y Comercio, a trav\u00e9s de la entidad p\u00fablica red.es,<br \/>\n                            en el marco del Plan Avanza, y el Ministerio de Educaci\u00f3n,<br \/>\n                            Pol\u00edtica Social y Deporte y se celebr\u00f3 el pasado d\u00eda<br \/>\n                            28 de Octubre en Madrid.<\/p>\n<p>Su objetivo es contribuir al desarrollo de la Sociedad<br \/>\n                            en red en Espa\u00f1a en este segmento, ya que los ni\u00f1os<br \/>\n                            y adolescentes son el futuro del pa\u00eds, en un momento<br \/>\n                            actual marcado por importantes cambios de tipo social,<br \/>\n                            cultural, educativo y econ\u00f3mico que est\u00e1n provocando<br \/>\n                            la expansi\u00f3n de las Tecnolog\u00edas de la Informaci\u00f3n<br \/>\n                            y la Comunicaci\u00f3n (TIC) en la \u00daltima d\u00e9cada.<\/p>\n<p>En este sentido, el secretario de Estado de Telecomunicaciones<br \/>\n                            y para la Sociedad de la Informaci\u00f3n, Francisco Ros,<br \/>\n                            se\u00f1al\u00f3 que las TIC constituyen &#8220;una se\u00f1a de identidad<br \/>\n                            generacional&#8221; y tanto Internet como la telefon\u00eda m\u00f3vil<br \/>\n                            est\u00e1n firmemente asentadas en el \u00e1mbito social y educativo<br \/>\n                            de los j\u00f3venes y menores. Por ello, el Gobierno tiene<br \/>\n                            la responsabilidad de poner los medios y recursos<br \/>\n                            para que los menores hagan un uso &#8220;pr\u00e1ctico y fiable&#8221;<br \/>\n                            de las TIC.<\/p>\n<p>Asimismo Ros ha explic\u00f3 que en Espa\u00f1a el uso de Internet<br \/>\n                            muestra un mayor porcentaje entre la poblaci\u00f3n joven<br \/>\n                            y supera al de la Uni\u00f3n Europea hasta los 44 a\u00f1os<br \/>\n                            de edad. En este sentido, los \u00faltimos datos del INE<br \/>\n                            indican que el 94,1% de los ni\u00f1os de 10 a 15 a\u00f1os<br \/>\n                            son usuarios de ordenador, el 82,2% utiliza Internet<br \/>\n                            y el 65,8% dispone de tel\u00e9fono m\u00f3vil. Adem\u00e1s, los<br \/>\n                            j\u00f3venes espa\u00f1oles entre 14 y 22 a\u00f1os utilizan habitualmente<br \/>\n                            las redes sociales.<\/p>\n<p>&#8220;Tenemos que aprender a convivir con estas tecnolog\u00edas<br \/>\n                            y dirigir en la l\u00ednea adecuada a los ni\u00f1os y j\u00f3venes.<br \/>\n                            Ese es uno de los objetivos del Ministerio de Industria,<br \/>\n                            Turismo y Comercio y red.es, con el portal www.chaval.es<br \/>\n                            y con jornadas y acciones de sensibilizaci\u00f3n que ofrecen<br \/>\n                            consejos, recomendaciones y oportunidades de reconocimiento<br \/>\n                            e interacci\u00f3n&#8221;, ha a\u00f1adido el secretario de Estado,<br \/>\n                            que ha concluido su intervenci\u00f3n subrayando que &#8220;las<br \/>\n                            tecnolog\u00edas no son buenas ni malas en s\u00ed mismas, todo<br \/>\n                            depende del uso que se haga de ellas&#8221;.<\/p>\n<p> El director de red.es, Sebasti\u00e1n Muriel, incidi\u00f3<br \/>\n                            en la misma idea, ya que &#8220;adem\u00e1s de las modas en el<br \/>\n                            vestir o en el habla, hay un elemento que se ha convertido<br \/>\n                            en se\u00f1a identificativa de nuestros j\u00f3venes y es el<br \/>\n                            uso que hacen de las nuevas tecnolog\u00edas, como el messenger,<br \/>\n                            chat, sms, descargas de m\u00fasica, v\u00eddeos, etc., sobre<br \/>\n                            los que pivota buena parte de las actividades y actitudes<br \/>\n                            cotidianas de un adolescente en la Espa\u00f1a de hoy&#8221;.<br \/>\n                            Por eso, desde red.es, se trabaja intensamente &#8220;para<br \/>\n                            contribuir a la protecci\u00f3n de los derechos de la infancia<br \/>\n                            y que los m\u00e1s j\u00f3venes se eduquen en el uso responsable<br \/>\n                            y \u00fatil de las TIC&#8221;.<\/p>\n<p>Por su parte la secretaria de Estado de Pol\u00edtica<br \/>\n                            Social, Amparo Valcarce, resalt\u00f3 el papel de Internet<br \/>\n                            como una importante herramienta que facilita los derechos<br \/>\n                            de la infancia, aunque presenta riesgos y amenazas<br \/>\n                            al tratarse de usuarios m\u00e1s influenciables y vulnerables.<br \/>\n                            Por eso ha aseverado que &#8220;podemos y debemos ofrecer<br \/>\n                            a los ni\u00f1os una navegaci\u00f3n segura&#8221; y esa protecci\u00f3n<br \/>\n                            debe de ser compartida por familias, poderes p\u00fablicos<br \/>\n                            y la sociedad.<\/p>\n<p>El director de la Agencia Espa\u00f1ola de Protecci\u00f3n<br \/>\n                            de Datos, Artemi Rallo, destac\u00f3 la importancia de<br \/>\n                            la protecci\u00f3n de los ni\u00f1os y adolescentes en la Red,<br \/>\n                            y especialmente en las redes sociales, ya que \u00e9stos<br \/>\n                            &#8220;desconocen la forma de controlar su informaci\u00f3n personal,<br \/>\n                            ni c\u00f3mo identificar los riesgos para su privacidad&#8221;.<br \/>\n                            Por ello, el director de la AEPD reclam\u00f3 &#8220;un compromiso<br \/>\n                            de todas las administraciones con competencia educativa,<br \/>\n                            para que la educaci\u00f3n sobre protecci\u00f3n de datos y<br \/>\n                            sobre Internet se incorpore a los planes de estudios&#8221;.<\/p>\n<p>Tras la presentaci\u00f3n y la conferencia de D. F\u00e9lix Angulo Rasco (Catedr\u00e1tico<br \/>\n    de Did\u00e1ctica de la Universidad de C\u00e1diz) se celebran dos mesas redondas en<br \/>\n    torno a las buenas pr\u00e1cticas dirigidas al uso de las tecnolog\u00edas: <\/p>\n<ul>\n<li>\nLa primera mesa, enfocada a la protecci\u00f3n de la infancia y adolescencia,<br \/>\n      est\u00e1 formada por Prot\u00e9geles, Unicef, la Plataforma de Organizaciones para<br \/>\n      la Infancia (POI) y PantallasAmigas, de la mano de su director, Jorge Flores<br \/>\n      Fern\u00e1ndez.<\/li>\n<li>\nLa segunda mesa se centra en el buen uso de las tecnolog\u00edas desde las<br \/>\n      administraciones p\u00fablicas y cuenta con experiencias muy diversas: Red de<br \/>\n      centros avanzados TIC (Cuenca), Consejer\u00eda de las Administraciones P\u00fablicas<br \/>\n      (Asturias), el Instituto de Formaci\u00f3n Superior de Formaci\u00f3n y Recursos en<br \/>\n      red para el Profesorado (Isftic) y el Observatorio de Innovaci\u00f3n y Participaci\u00f3n<br \/>\n      dependiente de la Junta de Andaluc\u00eda.\n  <\/li>\n<\/ul>\n<p>\n<strong>Informaci\u00f3n:<\/strong> <a class=\"externo\" href=\"http:\/\/www.pantallasamigas.net\/wp-content\/uploads\/2018\/05\/Jornada_buenas_practicas_para_infancia_adolescencia_uso_TIC.pdf\" target=\"_blank\" title='PantallasAmigas participa en la jornada \"Buen Uso de las Tecnolog\u00edas\"'><strong>Jornada_buenas_practicas_para_infancia_adolescencia_uso_TIC<\/strong><\/a><\/p>\n<\/div>\n<\/td>\n<p><\/body><\/html><\/p>\n","protected":false},"excerpt":{"rendered":"<p>La &#8220;Jornada de Buenas Pr\u00e1cticas para la Infancia y Adolescencia en el Uso de las Nuevas Tecnolog\u00edas&#8221; sirve para difundir las mejores experiencias Octubre 2008 Ha sido organizada por el Ministerio de Industria, Turismo y Comercio, a trav\u00e9s de la entidad p\u00fablica red.es, en el marco del Plan Avanza, y el Ministerio de Educaci\u00f3n, Pol\u00edtica [&hellip;]<\/p>\n","protected":false},"author":1,"featured_media":0,"parent":0,"menu_order":0,"comment_status":"closed","ping_status":"closed","template":"","meta":{"inline_featured_image":false,"footnotes":""},"class_list":["post-8066","page","type-page","status-publish","hentry"],"_links":{"self":[{"href":"https:\/\/www.pantallasamigas.net\/en\/wp-json\/wp\/v2\/pages\/8066","targetHints":{"allow":["GET"]}}],"collection":[{"href":"https:\/\/www.pantallasamigas.net\/en\/wp-json\/wp\/v2\/pages"}],"about":[{"href":"https:\/\/www.pantallasamigas.net\/en\/wp-json\/wp\/v2\/types\/page"}],"author":[{"embeddable":true,"href":"https:\/\/www.pantallasamigas.net\/en\/wp-json\/wp\/v2\/users\/1"}],"replies":[{"embeddable":true,"href":"https:\/\/www.pantallasamigas.net\/en\/wp-json\/wp\/v2\/comments?post=8066"}],"version-history":[{"count":0,"href":"https:\/\/www.pantallasamigas.net\/en\/wp-json\/wp\/v2\/pages\/8066\/revisions"}],"wp:attachment":[{"href":"https:\/\/www.pantallasamigas.net\/en\/wp-json\/wp\/v2\/media?parent=8066"}],"curies":[{"name":"wp","href":"https:\/\/api.w.org\/{rel}","templated":true}]}}