{"id":8069,"date":"2018-05-25T11:23:54","date_gmt":"2018-05-25T09:23:54","guid":{"rendered":"http:\/\/www.pantallasamigas.net\/en\/el-uso-seguro-de-las-ntics-a-debate-en-las-ii-jornadas-internacionales-sobre-politicas-educativas-para-la-sociedad-del-conocimiento\/"},"modified":"2018-05-25T11:23:54","modified_gmt":"2018-05-25T09:23:54","slug":"el-uso-seguro-de-las-ntics-a-debate-en-las-ii-jornadas-internacionales-sobre-politicas-educativas-para-la-sociedad-del-conocimiento","status":"publish","type":"page","link":"https:\/\/www.pantallasamigas.net\/en\/el-uso-seguro-de-las-ntics-a-debate-en-las-ii-jornadas-internacionales-sobre-politicas-educativas-para-la-sociedad-del-conocimiento\/","title":{"rendered":"El uso seguro de las NTICs a debate en las II Jornadas Internacionales sobre pol\u00edticas educativas para la sociedad del conocimiento"},"content":{"rendered":"<p><!DOCTYPE html PUBLIC \"-\/\/W3C\/\/DTD HTML 4.0 Transitional\/\/EN\" \"http:\/\/www.w3.org\/TR\/REC-html40\/loose.dtd\"><br \/>\n<html><body><\/p>\n<td>\n<h2>Por iniciativa de la Consejer\u00eda de Educaci\u00f3n de la Junta de Andaluc\u00eda, tienen lugar en Granada con la participaci\u00f3n de expertos internacionales.<\/h2>\n<div align=\"right\">\n<h2>Marzo 2007<\/h2>\n<\/div>\n<div class=\"tex\">\n<p><strong>Mesa 1:<\/strong> Culturas Juveniles y Aprendizaje Informal.<\/p>\n<p>\u00a0\u00a0Coordina D. Jos\u00e9 F\u00e9lix \u00c1ngulo Rasco , Catedr\u00e1tico de Did\u00e1ctica y Organizaci\u00f3n Escolar. Facultad de CC. de la Educaci\u00f3n. Universidad de C\u00e1diz<\/p>\n<p><strong>Me<\/strong><strong>sa 2:<\/strong> Transformar el aula: entre lo posible y lo deseable. <\/p>\n<p>\u00a0\u00a0Coordina D. \u00c1ngel I. P\u00e9rez G\u00f3mez , Catedr\u00e1tico de Did\u00e1ctica y Organizaci\u00f3n Escolar. Universidad de M\u00e1laga<\/p>\n<p><strong>Mes<\/strong><strong>a 3:<\/strong> Tecnolog\u00eda y Curr\u00edculum para todos<\/p>\n<p>\u00a0\u00a0Coordina D\u00f1a. Carmen Alba Pastor , Profesora Titular de Did\u00e1ctica y Organizaci\u00f3n Escolar. Universidad Complutense de Madrid<\/p>\n<p><strong>Mes<\/strong><strong>a 4:<\/strong> Ciudadan\u00eda y Sociedad de la Comunicaci\u00f3n.<\/p>\n<p>\u00a0\u00a0Coordina D. Juan Luis Manfredi Mayoral, Profesor Titular de Universidad. Facultad de Comunicaci\u00f3n. Universidad de Sevilla. <\/p>\n<\/p>\n<p>Algunos de los temas a tratar son los siguientes:<\/p>\n<ul>\n<li>Herramientas de trabajo colaborativo<\/li>\n<li>Escuelas en red<\/li>\n<li>Web 2.0<\/li>\n<li>Culturas juveniles<\/li>\n<li>Organizaci\u00f3n y gesti\u00f3n de centros<\/li>\n<li>Familias, comunidad educativa<\/li>\n<li>Formaci\u00f3n de profesorado<\/li>\n<li>Evaluar con TIC<\/li>\n<li>Atenci\u00f3n a la diversidad<\/li>\n<li>Jugar y aprender<\/li>\n<li>Fomento de la lectura<\/li>\n<li>Innovaci\u00f3n curricular y TIC<\/li>\n<li>Recursos educativos<\/li>\n<\/ul>\n<p><strong>PantallasAmigas<\/strong>, a trav\u00e9s de su Director, Jorge Flores Fern\u00e1ndez, formar\u00e1 parte de la primera mesa junto con<\/p>\n<ul>\n<li><strong>D. Ernesto P\u00e1ramo Sureda<\/strong>, Director Parque Ciencias de Granada<\/li>\n<li><strong>D. Jos\u00e9 Lebrero Stals<\/strong>, Director del Centro Andaluz de Arte Contempor\u00e1neo<\/li>\n<li><strong>D. Ben Williamson<\/strong>, Learning Researcher Futurelab, Bristol (United Kingdom)<\/li>\n<\/ul>\n<p><strong>M\u00e1s Informaci\u00f3n: <\/strong><a class=\"externo\" href=\"http:\/\/www.juntadeandalucia.es\/averroes\/jornadas_internacionales\/jsp\/home\/home.jsp\" target=\"_blank\" title=\"El uso seguro de las NTICs a debate en las II Jornadas Internacionales sobre pol\u00edticas educativas para la sociedad del conocimiento\" rel=\"noopener\"><strong>http:\/\/www.juntadeandalucia.es\/averroes\/jornadas_internacionales\/jsp\/home\/home.jsp<\/strong><\/a><\/p>\n<\/div>\n<\/td>\n<p><\/body><\/html><\/p>\n","protected":false},"excerpt":{"rendered":"<p>Por iniciativa de la Consejer\u00eda de Educaci\u00f3n de la Junta de Andaluc\u00eda, tienen lugar en Granada con la participaci\u00f3n de expertos internacionales. Marzo 2007 Mesa 1: Culturas Juveniles y Aprendizaje Informal. \u00a0\u00a0Coordina D. Jos\u00e9 F\u00e9lix \u00c1ngulo Rasco , Catedr\u00e1tico de Did\u00e1ctica y Organizaci\u00f3n Escolar. Facultad de CC. de la Educaci\u00f3n. Universidad de C\u00e1diz Mesa 2: [&hellip;]<\/p>\n","protected":false},"author":1,"featured_media":0,"parent":0,"menu_order":0,"comment_status":"closed","ping_status":"closed","template":"","meta":{"inline_featured_image":false,"footnotes":""},"class_list":["post-8069","page","type-page","status-publish","hentry"],"_links":{"self":[{"href":"https:\/\/www.pantallasamigas.net\/en\/wp-json\/wp\/v2\/pages\/8069","targetHints":{"allow":["GET"]}}],"collection":[{"href":"https:\/\/www.pantallasamigas.net\/en\/wp-json\/wp\/v2\/pages"}],"about":[{"href":"https:\/\/www.pantallasamigas.net\/en\/wp-json\/wp\/v2\/types\/page"}],"author":[{"embeddable":true,"href":"https:\/\/www.pantallasamigas.net\/en\/wp-json\/wp\/v2\/users\/1"}],"replies":[{"embeddable":true,"href":"https:\/\/www.pantallasamigas.net\/en\/wp-json\/wp\/v2\/comments?post=8069"}],"version-history":[{"count":0,"href":"https:\/\/www.pantallasamigas.net\/en\/wp-json\/wp\/v2\/pages\/8069\/revisions"}],"wp:attachment":[{"href":"https:\/\/www.pantallasamigas.net\/en\/wp-json\/wp\/v2\/media?parent=8069"}],"curies":[{"name":"wp","href":"https:\/\/api.w.org\/{rel}","templated":true}]}}