{"id":8073,"date":"2018-05-25T11:23:51","date_gmt":"2018-05-25T09:23:51","guid":{"rendered":"http:\/\/www.pantallasamigas.net\/en\/encuentro-%c2%93convivencia-educacion-para-la-paz-y-los-derechos-humanos%c2%94\/"},"modified":"2018-06-08T17:00:29","modified_gmt":"2018-06-08T15:00:29","slug":"encuentro-%c2%93convivencia-educacion-para-la-paz-y-los-derechos-humanos%c2%94","status":"publish","type":"page","link":"https:\/\/www.pantallasamigas.net\/en\/encuentro-%c2%93convivencia-educacion-para-la-paz-y-los-derechos-humanos%c2%94\/","title":{"rendered":"Encuentro \u0093Convivencia, Educaci\u00f3n para la Paz y los Derechos Humanos\u0094"},"content":{"rendered":"<p><!DOCTYPE html PUBLIC \"-\/\/W3C\/\/DTD HTML 4.0 Transitional\/\/EN\" \"http:\/\/www.w3.org\/TR\/REC-html40\/loose.dtd\"><br \/>\n<html><body><\/p>\n<td>\n<h2>La Asociaci\u00f3n de Psicopedagog\u00eda de Euskadi (APSIDE) dedica las dos jornadas de su VI Encuentro sobre Educaci\u00f3n y Diversidad al reto de vivir juntos de forma positiva.<\/h2>\n<div align=\"right\">\n<h2>Diciembre 2010<\/h2>\n<\/p><\/div>\n<div class=\"tex\">\n<p><img loading=\"lazy\" decoding=\"async\" alt=\"La Asociaci\u00f3n de Psicopedagog\u00eda de Euskadi (APSIDE)\" height=\"53\" hspace=\"10\" src=\"http:\/\/www.pantallasamigas.net\/wp-content\/uploads\/2018\/05\/aspide-la-asociacion-de-psicopedagogia-de-euskadi.jpg\" style=\"float: right;\" title=\"La Asociaci\u00f3n de Psicopedagog\u00eda de Euskadi (APSIDE)\" width=\"200\">Los d\u00edas 1 y 15 de Diciembre tienen lugar en Bilbao estas jornadas destinadas a docentes de orientaci\u00f3n educativa y atenci\u00f3n a la diversidad de secundaria, responsables de interculturalidad, coordinadores de convivencia, profesorado de \u201cEducaci\u00f3n para la Ciudadan\u00eda\u201d, asesores de Berritzegune, tutores y tutoras.<\/p>\n<p>Los objetivos planteados son:<\/p>\n<ul>\n<li>Identificar programas, estrategias y procedimientos para la prevenci\u00f3n del maltrato entre iguales en Secundaria.<\/li>\n<li>Compartir e intercambiar experiencias y recursos sobre educaci\u00f3n para la convivencia, la solidaridad y los derechos humanos.<\/li>\n<li>Valorar la incidencia de los programas de apoyo socioeducativo en la mejora de la convivencia y el rendimiento acad\u00e9mico en Secundaria.<br \/>\n          \t\t\t\t\t\t    .<\/li>\n<\/ul>\n<p>Desde PantallasAmigas, la aportaci\u00f3n se centra en el ciberacoso escolar. As\u00ed, Jorge Flores dedicar\u00e1 una hora para su exposici\u00f3n titulada \u201cCiberbullying: herramientas y estrategias para la prevenci\u00f3n y la intervenci\u00f3n.<\/p>\n<p><a href=\"http:\/\/www.pantallasamigas.net\/wp-content\/uploads\/2018\/05\/convivencia-educacion-para-la-paz-y-los-derechos-humanos.pdf\">Programa de las jornadas: <strong>Convivencia, Educaci\u00f3n para la Paz y los Derechos Humanos<\/strong> (PDF) <\/a><\/p>\n<p><a href=\"http:\/\/www.pantallasamigas.net\/wp-content\/uploads\/2018\/05\/bizikidetasuna-bake-heziketa-eta-giza-eskubideak.pdf\">Programa de las jornadas en euskera:<strong> Bizikidetasuna, bake heziketa eta giza eskubideak<\/strong> (PDF) <\/a><\/p>\n<\/p><\/div>\n<\/td>\n<p><\/body><\/html><\/p>\n","protected":false},"excerpt":{"rendered":"<p>La Asociaci\u00f3n de Psicopedagog\u00eda de Euskadi (APSIDE) dedica las dos jornadas de su VI Encuentro sobre Educaci\u00f3n y Diversidad al reto de vivir juntos de forma positiva. Diciembre 2010 Los d\u00edas 1 y 15 de Diciembre tienen lugar en Bilbao estas jornadas destinadas a docentes de orientaci\u00f3n educativa y atenci\u00f3n a la diversidad de secundaria, [&hellip;]<\/p>\n","protected":false},"author":1,"featured_media":0,"parent":0,"menu_order":0,"comment_status":"closed","ping_status":"closed","template":"","meta":{"inline_featured_image":false,"footnotes":""},"class_list":["post-8073","page","type-page","status-publish","hentry"],"_links":{"self":[{"href":"https:\/\/www.pantallasamigas.net\/en\/wp-json\/wp\/v2\/pages\/8073","targetHints":{"allow":["GET"]}}],"collection":[{"href":"https:\/\/www.pantallasamigas.net\/en\/wp-json\/wp\/v2\/pages"}],"about":[{"href":"https:\/\/www.pantallasamigas.net\/en\/wp-json\/wp\/v2\/types\/page"}],"author":[{"embeddable":true,"href":"https:\/\/www.pantallasamigas.net\/en\/wp-json\/wp\/v2\/users\/1"}],"replies":[{"embeddable":true,"href":"https:\/\/www.pantallasamigas.net\/en\/wp-json\/wp\/v2\/comments?post=8073"}],"version-history":[{"count":1,"href":"https:\/\/www.pantallasamigas.net\/en\/wp-json\/wp\/v2\/pages\/8073\/revisions"}],"predecessor-version":[{"id":8076,"href":"https:\/\/www.pantallasamigas.net\/en\/wp-json\/wp\/v2\/pages\/8073\/revisions\/8076"}],"wp:attachment":[{"href":"https:\/\/www.pantallasamigas.net\/en\/wp-json\/wp\/v2\/media?parent=8073"}],"curies":[{"name":"wp","href":"https:\/\/api.w.org\/{rel}","templated":true}]}}