{"id":8102,"date":"2018-05-25T11:22:56","date_gmt":"2018-05-25T09:22:56","guid":{"rendered":"http:\/\/www.pantallasamigas.net\/en\/azkoitia-promueve-el-uso-seguro-de-internet-en-sus-jornadas-culturales\/"},"modified":"2018-05-25T11:22:56","modified_gmt":"2018-05-25T09:22:56","slug":"azkoitia-promueve-el-uso-seguro-de-internet-en-sus-jornadas-culturales","status":"publish","type":"page","link":"https:\/\/www.pantallasamigas.net\/en\/azkoitia-promueve-el-uso-seguro-de-internet-en-sus-jornadas-culturales\/","title":{"rendered":"Azkoitia promueve el uso seguro de Internet en sus Jornadas Culturales"},"content":{"rendered":"<p><!DOCTYPE html PUBLIC \"-\/\/W3C\/\/DTD HTML 4.0 Transitional\/\/EN\" \"http:\/\/www.w3.org\/TR\/REC-html40\/loose.dtd\"><br \/>\n<html><body><\/p>\n<td>\n<h2><strong>Organizadas por Floreaga Salestar Ikastetxea en colaboraci\u00f3n con la AMPA del centro y el apoyo del Ilmo. Ayuntamiento de Azkoitia.<\/strong><\/h2>\n<div align=\"right\">\n<h2>Marzo 2007<\/h2>\n<\/div>\n<div class=\"tex\">\n<p>Es ya la edici\u00f3n decimo octava de estas jornadas que durante los cuatro mi\u00e9rcoles del mes de Marzo tendr\u00e1n lugar en el sal\u00f3n del Centro Educativo, a partir de las 20,30 horas.<\/p>\n<p>PantallasAmigas tiene el placer de compartir el programa con profesionales del mundo culturas y educativo de m\u00e1ximo nivel, como son el catedr\u00e1tico de Sociolog\u00eda de la Universidad de Deusto, Sr. Javier Elzo Imaz, el Rector de la Universidad de Mondrag\u00f3n, Sr. Iosu Zabala Lizarralde y el presidente de San Sebasti\u00e1n Gipuzkoa Basket (Bruesa), Sr. D. Miguel Santos Od\u00e9riz.<\/p>\n<p>Bajo el t\u00edtulo &#8220;Uso Seguro de Internet &#8211; Internet sin Riesgos&#8221;, Jorge Flores Fern\u00e1ndez realizar\u00e1 una exposici\u00f3n orientada a padres, madres y profesorado con el objetivo de sensibilizar, informar y formar para la prevenci\u00f3n en relaci\u00f3n con el uso seguro y saludable de Internet.<\/p>\n<p align=\"right\">\n\t\t\t\t\t\t\t<img decoding=\"async\" alt=\"Icono PDF\" hspace=\"10\" src=\"http:\/\/www.afm.es\/portal_skins\/plone_images\/pdf_icon.gif\"><a href=\"http:\/\/www.pantallasamigas.net\/wp-content\/uploads\/2018\/05\/euskal_kultur_jardunaldiak_2007.pdf\" target=\"_blank\">V\u00e9ase programa adjunto. (PDF 3MB.)<\/a>\n\t\t\t\t\t\t<\/p>\n<\/p><\/div>\n<\/td>\n<p><\/body><\/html><\/p>\n","protected":false},"excerpt":{"rendered":"<p>Organizadas por Floreaga Salestar Ikastetxea en colaboraci\u00f3n con la AMPA del centro y el apoyo del Ilmo. Ayuntamiento de Azkoitia. Marzo 2007 Es ya la edici\u00f3n decimo octava de estas jornadas que durante los cuatro mi\u00e9rcoles del mes de Marzo tendr\u00e1n lugar en el sal\u00f3n del Centro Educativo, a partir de las 20,30 horas. PantallasAmigas [&hellip;]<\/p>\n","protected":false},"author":1,"featured_media":0,"parent":0,"menu_order":0,"comment_status":"closed","ping_status":"closed","template":"","meta":{"inline_featured_image":false,"footnotes":""},"class_list":["post-8102","page","type-page","status-publish","hentry"],"_links":{"self":[{"href":"https:\/\/www.pantallasamigas.net\/en\/wp-json\/wp\/v2\/pages\/8102","targetHints":{"allow":["GET"]}}],"collection":[{"href":"https:\/\/www.pantallasamigas.net\/en\/wp-json\/wp\/v2\/pages"}],"about":[{"href":"https:\/\/www.pantallasamigas.net\/en\/wp-json\/wp\/v2\/types\/page"}],"author":[{"embeddable":true,"href":"https:\/\/www.pantallasamigas.net\/en\/wp-json\/wp\/v2\/users\/1"}],"replies":[{"embeddable":true,"href":"https:\/\/www.pantallasamigas.net\/en\/wp-json\/wp\/v2\/comments?post=8102"}],"version-history":[{"count":0,"href":"https:\/\/www.pantallasamigas.net\/en\/wp-json\/wp\/v2\/pages\/8102\/revisions"}],"wp:attachment":[{"href":"https:\/\/www.pantallasamigas.net\/en\/wp-json\/wp\/v2\/media?parent=8102"}],"curies":[{"name":"wp","href":"https:\/\/api.w.org\/{rel}","templated":true}]}}