{"id":8117,"date":"2018-05-25T11:22:25","date_gmt":"2018-05-25T09:22:25","guid":{"rendered":"http:\/\/www.pantallasamigas.net\/en\/infancia-y-tecnologia\/"},"modified":"2018-05-25T11:22:25","modified_gmt":"2018-05-25T09:22:25","slug":"infancia-y-tecnologia","status":"publish","type":"page","link":"https:\/\/www.pantallasamigas.net\/en\/infancia-y-tecnologia\/","title":{"rendered":"Infancia y Tecnolog\u00eda"},"content":{"rendered":"<p><!DOCTYPE html PUBLIC \"-\/\/W3C\/\/DTD HTML 4.0 Transitional\/\/EN\" \"http:\/\/www.w3.org\/TR\/REC-html40\/loose.dtd\"><br \/>\n<html><body><\/p>\n<td>\n<h2>Recurso educativo multimedia online para el uso responsable de Internet, videojuegos y celulares.<\/h2>\n<p align=\"left\">Infancia y tecnolog\u00eda es un site que aborda algunos aspectos clave en el uso de las Tecnolog\u00edas por parte de la infancia. En el caso de Internet, el \u00e9nfasis se realiza en la prevenci\u00f3n del ciberacoso sexual a menores o Internet Grooming. Al tratar el uso del celular se enfatiza el uso sin abuso. Por \u00faltimo, y en referencia a los videojuegos, la reflexi\u00f3n gira en torno a las ventajas que ofrecen seg\u00fan sea el tipo y la tem\u00e1tica empleada.<\/p>\n<div align=\"center\" style=\"margin-top:20px; margin-bottom:20px;\">\n              <iframe loading=\"lazy\" allowfullscreen=\"\" frameborder=\"0\" height=\"321\" src=\"\/\/www.youtube.com\/embed\/ohlaZyUVToU\" width=\"571\"><\/iframe>\n\t\t    <\/div>\n<p align=\"center\"><img loading=\"lazy\" decoding=\"async\" alt=\"Barra Separadora\" height=\"16\" src=\"\" width=\"570\"><\/p>\n<h3>Esta website did\u00e1ctico incluye:<\/p>\n<\/h3>\n<table border=\"0\" cellpadding=\"0\" cellspacing=\"0\" width=\"100%\">\n<tr>\n<td><img decoding=\"async\" border=\"0\" src=\"http:\/\/www.pantallasamigas.net\/wp-content\/uploads\/2018\/05\/mockup-infanciaytecnologia.jpg\"><br style=\"margin-bottom:10px;\"><\/td>\n<td width=\"20\">\u00a0<\/td>\n<td>\n<ol>\n<li>\n<p>Animaciones sobre las tem\u00e1ticas.<\/p>\n<\/li>\n<li>\n<p>Gu\u00edas did\u00e1cticas.<\/p>\n<\/li>\n<li>\n<p>Descaragas para m\u00f3viles.<\/p>\n<\/li>\n<li>\n<p>Descaragas en formato PDF.<\/p>\n<\/li>\n<\/ol>\n<\/td>\n<\/tr>\n<\/table>\n<p align=\"center\"><img loading=\"lazy\" decoding=\"async\" alt=\"Barra Separadora\" height=\"16\" src=\"\" width=\"570\"><\/p>\n<p>Cada uno de los tres ejes tem\u00e1ticos cuenta con una elaborada animaci\u00f3n que da lugar al debate y que se ve acompa\u00f1ada de una completa gu\u00eda did\u00e1ctica que ayuda al docente o educador en la labor de sacar el m\u00e1ximo partido a la intervenci\u00f3n.<\/p>\n<p>Este recurso educativo tambi\u00e9n contribuye al objetivo de eliminar la barrera generacional existente en torno a las TIC puesto que ayuda a las personas adultas a empatizar con ni\u00f1os y ni\u00f1as y su forma de vivir , relacionarse y disfrutar del ocio en el entorno digital.<\/p>\n<p><\/p>\n<div id=\"btn_info\"><a href=\"http:\/\/www.infanciaytecnologia.com\" target=\"_blank\" rel=\"noopener\">Visita la web infanciaytecnologia.com<\/a><\/div>\n<p><\/p>\n<div id=\"btn_info\"><a href=\"http:\/\/www.pantallasamigas.net\/contacto-2\/\">Para saber m\u00e1s<\/a><\/div>\n<\/td>\n<p><\/body><\/html><\/p>\n","protected":false},"excerpt":{"rendered":"<p>Recurso educativo multimedia online para el uso responsable de Internet, videojuegos y celulares. Infancia y tecnolog\u00eda es un site que aborda algunos aspectos clave en el uso de las Tecnolog\u00edas por parte de la infancia. En el caso de Internet, el \u00e9nfasis se realiza en la prevenci\u00f3n del ciberacoso sexual a menores o Internet Grooming. [&hellip;]<\/p>\n","protected":false},"author":1,"featured_media":0,"parent":0,"menu_order":0,"comment_status":"closed","ping_status":"closed","template":"","meta":{"inline_featured_image":false,"footnotes":""},"class_list":["post-8117","page","type-page","status-publish","hentry"],"_links":{"self":[{"href":"https:\/\/www.pantallasamigas.net\/en\/wp-json\/wp\/v2\/pages\/8117","targetHints":{"allow":["GET"]}}],"collection":[{"href":"https:\/\/www.pantallasamigas.net\/en\/wp-json\/wp\/v2\/pages"}],"about":[{"href":"https:\/\/www.pantallasamigas.net\/en\/wp-json\/wp\/v2\/types\/page"}],"author":[{"embeddable":true,"href":"https:\/\/www.pantallasamigas.net\/en\/wp-json\/wp\/v2\/users\/1"}],"replies":[{"embeddable":true,"href":"https:\/\/www.pantallasamigas.net\/en\/wp-json\/wp\/v2\/comments?post=8117"}],"version-history":[{"count":0,"href":"https:\/\/www.pantallasamigas.net\/en\/wp-json\/wp\/v2\/pages\/8117\/revisions"}],"wp:attachment":[{"href":"https:\/\/www.pantallasamigas.net\/en\/wp-json\/wp\/v2\/media?parent=8117"}],"curies":[{"name":"wp","href":"https:\/\/api.w.org\/{rel}","templated":true}]}}