{"id":8140,"date":"2018-05-25T11:21:47","date_gmt":"2018-05-25T09:21:47","guid":{"rendered":"http:\/\/www.pantallasamigas.net\/en\/pantallasamigas-participa-en-el-seminario-iberoamericano-%c2%93habilidades-para-la-vida-y-estrategias-de-comunicacion%c2%94\/"},"modified":"2018-05-25T11:21:47","modified_gmt":"2018-05-25T09:21:47","slug":"pantallasamigas-participa-en-el-seminario-iberoamericano-%c2%93habilidades-para-la-vida-y-estrategias-de-comunicacion%c2%94","status":"publish","type":"page","link":"https:\/\/www.pantallasamigas.net\/en\/pantallasamigas-participa-en-el-seminario-iberoamericano-%c2%93habilidades-para-la-vida-y-estrategias-de-comunicacion%c2%94\/","title":{"rendered":"PantallasAmigas participa en el Seminario Iberoamericano \u0093Habilidades para la Vida y Estrategias de Comunicaci\u00f3n\u0094"},"content":{"rendered":"<p><!DOCTYPE html PUBLIC \"-\/\/W3C\/\/DTD HTML 4.0 Transitional\/\/EN\" \"http:\/\/www.w3.org\/TR\/REC-html40\/loose.dtd\"><br \/>\n<html><body><\/p>\n<td>\n<h2>La iniciativa <a href=\"http:\/\/www.pantallasamigas.net\/ayuda-para-madres-y-padres\/\" target=\"_blank\">PantallasAmigas<\/a><br \/>\n                            fue invitada a exponer su experiencia el pasado 23<br \/>\n                            de Mayo en el Seminario Iberoamericano celebrado en<br \/>\n                            Zaragoza titulado &#8220;Habilidades para la Vida y Estrategias<br \/>\n                            de Comunicaci\u00f3n&#8221;. <\/h2>\n<div align=\"right\">\n<h2>Mayo 2006<\/h2>\n<\/div>\n<div class=\"tex\">\n<p><img loading=\"lazy\" decoding=\"async\" alt=\"Un momento de la intervenci\u00f3n de Jorge Flores Fern\u00e1ndez\" border=\"1\" height=\"150\" hspace=\"10\" src=\"http:\/\/www.pantallasamigas.net\/wp-content\/uploads\/2018\/05\/habilidades-para-la-vida-y-estrategias.jpg\" style=\"float: right;\" title=\"PantallasAmigas participa en el Seminario Iberoamericano: Habilidades para la Vida y Estrategias de Comunicaci\u00f3nPantallasAmigas participa en el Seminario Iberoamericano: Habilidades para la Vida y Estrategias de Comunicaci\u00f3nD\" vspace=\"5\" width=\"225\">Dentro<br \/>\n                            del Panel titulado &#8220;Experiencias de comunicaci\u00f3n<br \/>\n                            y salud en la escuela, la familia y la comunidad&#8221;,<br \/>\n                            Jorge Flores Fern\u00e1ndez, Director de PantallasAmigas,<br \/>\n                            expuso los planteamientos que est\u00e1n presentes<br \/>\n                            en la estrategia de comunicaci\u00f3n del proyecto<br \/>\n                            y c\u00f3mo se aborda el uso de las nuevas tecnolog\u00edas<br \/>\n                            y los nuevos medios online por parte de los menores<br \/>\n                            y los riesgos asociados.<\/p>\n<p>En su intervenci\u00f3n hizo part\u00edcipe a la audiencia de algunas de sus reflexiones:<\/p>\n<ul>\n<li>\n<div>\u00bfNo es Internet un nuevo entorno<br \/>\n        de socializaci\u00f3n, con sus propias reglas que se reinventan de<br \/>\n        forma permanente y que nunca hab\u00edamos conocido los adultos? <\/div>\n<\/li>\n<li>\n<div>\u00bfQu\u00e9 ocurrir\u00e1 cuando<br \/>\n        los menores incorporen algunas de las actitudes desarrolladas en la Red<br \/>\n        al resto de los entornos de socializaci\u00f3n? <\/div>\n<\/li>\n<\/ul>\n<p>Comparti\u00f3 mesa con Luis Gasc\u00f3n (Direcci\u00f3n<br \/>\n        General de Salud P\u00fablica del <a href=\"http:\/\/portal.aragob.es\/servlet\/page?_pageid=133,587&#038;_dad=portal30&#038;_schema=PORTAL30&#038;cuerpo.est=ITPG_SCBS_INICIO\" target=\"_blank\" rel=\"noopener\">Departamento<br \/>\n        de Salud y Consumo del Gobierno de Arag\u00f3n<\/a>), Cirelda Carvajal (Asesora de nuevos programas<br \/>\n        del <a href=\"http:\/\/www.rimed.cu\" target=\"_blank\" rel=\"noopener\">Ministerio de Eduaci\u00f3n de Cuba<\/a>), Iv\u00e1n Dar\u00edo<br \/>\n        Cha\u00edn (Responsable de formaci\u00f3n de la <a href=\"http:\/\/www.amarc.org\/\" target=\"_blank\" rel=\"noopener\">Asociaci\u00f3n<br \/>\n        Mundial de Radios Comunitarias, Colombia<\/a>), Francesc Hern\u00e1ndez<br \/>\n        (<a href=\"http:\/\/www.diba.es\" target=\"_blank\" rel=\"noopener\">Diputaci\u00f3n de Barcelona<\/a>) y Albert Criado (<a href=\"http:\/\/www.gencat.net\" target=\"_blank\" rel=\"noopener\">Departamento<br \/>\n        de Educaci\u00f3n<br \/>\n        de la Generalitat de Catalu\u00f1a<\/a>) <\/p>\n<p>Algunas im\u00e1genes del evento<br \/><object classid=\"clsid:D27CDB6E-AE6D-11cf-96B8-444553540000\" codebase=\"http:\/\/download.macromedia.com\/pub\/shockwave\/cabs\/flash\/swflash.cab#version=6,0,29,0\" height=\"200\" hspace=\"5\" vspace=\"5\" width=\"250\"><param name=\"movie\" value=\"img\/zaragoza.swf\"><param name=\"quality\" value=\"high\"><embed height=\"200\" hspace=\"5\" pluginspage=\"http:\/\/www.macromedia.com\/go\/getflashplayer\" quality=\"high\" src=\"img\/zaragoza.swf\" type=\"application\/x-shockwave-flash\" vspace=\"5\" width=\"250\" href=\"http:\/\/www.pantallasamigas.net\/ayuda-para-madres-y-padres\/\/actualidad-pantallasamigas\/\"><\/embed><\/object>\n      <\/p>\n<\/div>\n<\/td>\n<p><\/body><\/html><\/p>\n","protected":false},"excerpt":{"rendered":"<p>La iniciativa PantallasAmigas fue invitada a exponer su experiencia el pasado 23 de Mayo en el Seminario Iberoamericano celebrado en Zaragoza titulado &#8220;Habilidades para la Vida y Estrategias de Comunicaci\u00f3n&#8221;. Mayo 2006 Dentro del Panel titulado &#8220;Experiencias de comunicaci\u00f3n y salud en la escuela, la familia y la comunidad&#8221;, Jorge Flores Fern\u00e1ndez, Director de PantallasAmigas, [&hellip;]<\/p>\n","protected":false},"author":1,"featured_media":0,"parent":0,"menu_order":0,"comment_status":"closed","ping_status":"closed","template":"","meta":{"inline_featured_image":false,"footnotes":""},"class_list":["post-8140","page","type-page","status-publish","hentry"],"_links":{"self":[{"href":"https:\/\/www.pantallasamigas.net\/en\/wp-json\/wp\/v2\/pages\/8140","targetHints":{"allow":["GET"]}}],"collection":[{"href":"https:\/\/www.pantallasamigas.net\/en\/wp-json\/wp\/v2\/pages"}],"about":[{"href":"https:\/\/www.pantallasamigas.net\/en\/wp-json\/wp\/v2\/types\/page"}],"author":[{"embeddable":true,"href":"https:\/\/www.pantallasamigas.net\/en\/wp-json\/wp\/v2\/users\/1"}],"replies":[{"embeddable":true,"href":"https:\/\/www.pantallasamigas.net\/en\/wp-json\/wp\/v2\/comments?post=8140"}],"version-history":[{"count":0,"href":"https:\/\/www.pantallasamigas.net\/en\/wp-json\/wp\/v2\/pages\/8140\/revisions"}],"wp:attachment":[{"href":"https:\/\/www.pantallasamigas.net\/en\/wp-json\/wp\/v2\/media?parent=8140"}],"curies":[{"name":"wp","href":"https:\/\/api.w.org\/{rel}","templated":true}]}}